{"id":8220,"date":"2024-08-02T08:36:12","date_gmt":"2024-08-02T11:36:12","guid":{"rendered":"https:\/\/disma.ar\/clientes\/?post_type=product&#038;p=8220"},"modified":"2026-02-11T13:31:02","modified_gmt":"2026-02-11T16:31:02","slug":"mini-nebulizador-portatil-ninos-adultos-mesh-inhalador-usb","status":"publish","type":"product","link":"https:\/\/disma.ar\/clientes\/producto\/mini-nebulizador-portatil-ninos-adultos-mesh-inhalador-usb\/","title":{"rendered":"MINI NEBULIZADOR PORT\u00c1TIL NI\u00d1OS ADULTOS MESH INHALADOR USB"},"content":{"rendered":"<p>El nebulizador Mesh NEBULIZADOR est\u00e1 indicado para diferentes afecciones respiratorias. Convierte el medicamento l\u00edquido en vapor para ser inhalado y hace que llegue directamente a las zonas afectadas provocando menores efectos secundarios y mayor eficacia.<\/p>\n<p>La salud de tu familia en buenas manos<br \/>\nAl ser ultras\u00f3nico, es ligero y su tama\u00f1o es reducido. Te permite realizar la nebulizaci\u00f3n de grandes cantidades de l\u00edquido de forma r\u00e1pida y con menos ruido que aquellos que funcionan a pist\u00f3n. Su uso resulta excelente para los ni\u00f1os que se inquietan f\u00e1cilmente con este tipo de tratamientos. Es ideal para disminuir la inflamaci\u00f3n de la garganta, facilitar el paso del aire por la laringe y normalizar la frecuencia respiratoria.<\/p>\n<p>Trae accesorios<br \/>\nAdem\u00e1s, para posibilitar su funcionamiento cuenta con m\u00e1scara para adulto, m\u00e1scara para ni\u00f1o, cable usb, boquilla.<\/p>\n<p>-Es inal\u00e1mbrico y f\u00e1cil de transportar.<br \/>\n-Tiene capacidad para 8mL.<br \/>\n-Nebuliza 2 mililitros por minuto.<br \/>\n-Funciona de forma silenciosa.<br \/>\n-Con conexi\u00f3n USB incluida.<br \/>\n-Indicado para el tratamiento del sistema respiratorio.<br \/>\n-Incluye accesorios.<\/p>\n","protected":false},"excerpt":{"rendered":"<p>MESH<\/p>\n","protected":false},"featured_media":8221,"comment_status":"open","ping_status":"closed","template":"","meta":[],"product_brand":[],"product_cat":[360],"product_tag":[],"class_list":{"0":"post-8220","1":"product","2":"type-product","3":"status-publish","4":"has-post-thumbnail","6":"product_cat-electro-y-bazar","8":"first","9":"outofstock","10":"shipping-taxable","11":"purchasable","12":"product-type-simple"},"_links":{"self":[{"href":"https:\/\/disma.ar\/clientes\/wp-json\/wp\/v2\/product\/8220","targetHints":{"allow":["GET"]}}],"collection":[{"href":"https:\/\/disma.ar\/clientes\/wp-json\/wp\/v2\/product"}],"about":[{"href":"https:\/\/disma.ar\/clientes\/wp-json\/wp\/v2\/types\/product"}],"replies":[{"embeddable":true,"href":"https:\/\/disma.ar\/clientes\/wp-json\/wp\/v2\/comments?post=8220"}],"wp:featuredmedia":[{"embeddable":true,"href":"https:\/\/disma.ar\/clientes\/wp-json\/wp\/v2\/media\/8221"}],"wp:attachment":[{"href":"https:\/\/disma.ar\/clientes\/wp-json\/wp\/v2\/media?parent=8220"}],"wp:term":[{"taxonomy":"product_brand","embeddable":true,"href":"https:\/\/disma.ar\/clientes\/wp-json\/wp\/v2\/product_brand?post=8220"},{"taxonomy":"product_cat","embeddable":true,"href":"https:\/\/disma.ar\/clientes\/wp-json\/wp\/v2\/product_cat?post=8220"},{"taxonomy":"product_tag","embeddable":true,"href":"https:\/\/disma.ar\/clientes\/wp-json\/wp\/v2\/product_tag?post=8220"}],"curies":[{"name":"wp","href":"https:\/\/api.w.org\/{rel}","templated":true}]}}