{"id":8214,"date":"2024-01-18T13:47:02","date_gmt":"2024-01-18T16:47:02","guid":{"rendered":"https:\/\/disma.ar\/clientes\/?post_type=product&#038;p=8214"},"modified":"2026-02-11T13:31:01","modified_gmt":"2026-02-11T16:31:01","slug":"candado-con-traba-para-disco-blindado-con-alarma-moto-bici-110db-6-mm-resistente-seguro","status":"publish","type":"product","link":"https:\/\/disma.ar\/clientes\/producto\/candado-con-traba-para-disco-blindado-con-alarma-moto-bici-110db-6-mm-resistente-seguro\/","title":{"rendered":"CANDADO CON TRABA PARA DISCO BLINDADO CON ALARMA MOTO BICI 110DB 6 mm RESISTENTE SEGURO"},"content":{"rendered":"<p>Con el candado traba disco blindado marca oregon tu moto o bici siempre estar\u00e1 protegida, altamente resistente al ser elaborado totalmente en acero, cuenta con sensor de proximidad y golpes, alarma de 110 decibeles y pasador de 6 mm para ofrecerte una protecci\u00f3n efectiva contra el robo y la manipulaci\u00f3n no autorizada.<\/p>\n<p>Caracter\u00edsticas Destacadas:<br \/>\n&#8211; Alarma Incorporada: cuenta con alarma activada autom\u00e1ticamente cuando se detectan movimientos o vibraciones cercanas. Disuade a los ladrones y alerta a los propietarios y a las personas cercanas.<\/p>\n<p>&#8211; Impermeable y Resistente: dise\u00f1ado para resistir las inclemencias del tiempo, lo que significa que tu moto estar\u00e1 protegida incluso en condiciones clim\u00e1ticas adversas.<\/p>\n<p>&#8211; Incluye 2 Llaves: Se incluyen dos llaves para que tengas una copia de respaldo en caso de p\u00e9rdida. Las llaves son de alta calidad y proporcionan un acceso r\u00e1pido y seguro.<\/p>\n<p>&#8211; F\u00e1cil de Transportar: Su dise\u00f1o compacto y ligero facilita transportarlo cuando no est\u00e1 en uso. Ll\u00e9valo contigo donde quiera que vayas.<\/p>\n","protected":false},"excerpt":{"rendered":"<p><strong>PERFECT GUARD<\/strong><\/p>\n","protected":false},"featured_media":8215,"comment_status":"open","ping_status":"closed","template":"","meta":[],"product_brand":[],"product_cat":[280],"product_tag":[],"class_list":{"0":"post-8214","1":"product","2":"type-product","3":"status-publish","4":"has-post-thumbnail","6":"product_cat-candado-notebook","8":"first","9":"outofstock","10":"shipping-taxable","11":"purchasable","12":"product-type-simple"},"_links":{"self":[{"href":"https:\/\/disma.ar\/clientes\/wp-json\/wp\/v2\/product\/8214","targetHints":{"allow":["GET"]}}],"collection":[{"href":"https:\/\/disma.ar\/clientes\/wp-json\/wp\/v2\/product"}],"about":[{"href":"https:\/\/disma.ar\/clientes\/wp-json\/wp\/v2\/types\/product"}],"replies":[{"embeddable":true,"href":"https:\/\/disma.ar\/clientes\/wp-json\/wp\/v2\/comments?post=8214"}],"wp:featuredmedia":[{"embeddable":true,"href":"https:\/\/disma.ar\/clientes\/wp-json\/wp\/v2\/media\/8215"}],"wp:attachment":[{"href":"https:\/\/disma.ar\/clientes\/wp-json\/wp\/v2\/media?parent=8214"}],"wp:term":[{"taxonomy":"product_brand","embeddable":true,"href":"https:\/\/disma.ar\/clientes\/wp-json\/wp\/v2\/product_brand?post=8214"},{"taxonomy":"product_cat","embeddable":true,"href":"https:\/\/disma.ar\/clientes\/wp-json\/wp\/v2\/product_cat?post=8214"},{"taxonomy":"product_tag","embeddable":true,"href":"https:\/\/disma.ar\/clientes\/wp-json\/wp\/v2\/product_tag?post=8214"}],"curies":[{"name":"wp","href":"https:\/\/api.w.org\/{rel}","templated":true}]}}