{"id":8117,"date":"2024-06-10T09:35:06","date_gmt":"2024-06-10T12:35:06","guid":{"rendered":"https:\/\/disma.ar\/clientes\/?post_type=product&#038;p=8117"},"modified":"2026-04-30T10:38:21","modified_gmt":"2026-04-30T13:38:21","slug":"aspiradora-portatil-usb-de-mano-220v-400-ml-3-cabezales-hog0110-suono-suo074","status":"publish","type":"product","link":"https:\/\/disma.ar\/clientes\/producto\/aspiradora-portatil-usb-de-mano-220v-400-ml-3-cabezales-hog0110-suono-suo074\/","title":{"rendered":"ASPIRADORA PORTATIL USB DE MANO 220V 400 ML 3 CABEZALES HOG0110 SUONO SUO074 (dep 2)"},"content":{"rendered":"<p>La aspiradora de mano inal\u00e1mbrica tiene un dise\u00f1o inteligente, que proporciona una potente succi\u00f3n de hasta 8000 pa. Te ayudar\u00e1 a limpiar f\u00e1cilmente el polvo, pelo de mascotas, arena, residuos de alimentos, l\u00edquidos, desechos ocultos en el coj\u00edn o sof\u00e1.<\/p>\n<p>Proporciona una limpieza profunda para tu casa y coche. Esta aspiradora de mano inal\u00e1mbrica te ayuda a limpiar el polvo en sof\u00e1s, paredes, escaleras y otras zonas de dif\u00edcil acceso con 3 boquillas de limpieza diferentes.<\/p>\n<p>Carga r\u00e1pida y larga duraci\u00f3n de la bater\u00eda: aspiradora de mano con bater\u00eda de iones de litio de gran capacidad de 2000 mAh que se puede recargar r\u00e1pidamente en 3-4 horas y funciona continuamente durante 30 minutos.<\/p>\n<p>Filtro HEPA lavable: el filtro HEPA de alta eficiencia puede inhalar part\u00edculas de polvo y se puede lavar con agua para evitar eficazmente el olor residual de la basura, nuestra aspiradora inal\u00e1mbrica tambi\u00e9n viene con 2 filtros HEPA adicionales para un f\u00e1cil reemplazo.<\/p>\n","protected":false},"excerpt":{"rendered":"<p>XIMEIJIE<\/p>\n","protected":false},"featured_media":8120,"comment_status":"open","ping_status":"closed","template":"","meta":[],"product_brand":[],"product_cat":[360],"product_tag":[],"class_list":{"0":"post-8117","1":"product","2":"type-product","3":"status-publish","4":"has-post-thumbnail","6":"product_cat-electro-y-bazar","8":"first","9":"instock","10":"shipping-taxable","11":"purchasable","12":"product-type-simple"},"_links":{"self":[{"href":"https:\/\/disma.ar\/clientes\/wp-json\/wp\/v2\/product\/8117","targetHints":{"allow":["GET"]}}],"collection":[{"href":"https:\/\/disma.ar\/clientes\/wp-json\/wp\/v2\/product"}],"about":[{"href":"https:\/\/disma.ar\/clientes\/wp-json\/wp\/v2\/types\/product"}],"replies":[{"embeddable":true,"href":"https:\/\/disma.ar\/clientes\/wp-json\/wp\/v2\/comments?post=8117"}],"wp:featuredmedia":[{"embeddable":true,"href":"https:\/\/disma.ar\/clientes\/wp-json\/wp\/v2\/media\/8120"}],"wp:attachment":[{"href":"https:\/\/disma.ar\/clientes\/wp-json\/wp\/v2\/media?parent=8117"}],"wp:term":[{"taxonomy":"product_brand","embeddable":true,"href":"https:\/\/disma.ar\/clientes\/wp-json\/wp\/v2\/product_brand?post=8117"},{"taxonomy":"product_cat","embeddable":true,"href":"https:\/\/disma.ar\/clientes\/wp-json\/wp\/v2\/product_cat?post=8117"},{"taxonomy":"product_tag","embeddable":true,"href":"https:\/\/disma.ar\/clientes\/wp-json\/wp\/v2\/product_tag?post=8117"}],"curies":[{"name":"wp","href":"https:\/\/api.w.org\/{rel}","templated":true}]}}