{"id":806,"date":"2024-04-11T10:51:31","date_gmt":"2024-04-11T13:51:31","guid":{"rendered":"https:\/\/disma.ar\/clientes\/producto\/receptor-transmisor-emisor-bluetooth-5-0-2-en-1\/"},"modified":"2026-04-30T10:22:41","modified_gmt":"2026-04-30T13:22:41","slug":"receptor-transmisor-emisor-bluetooth-5-0-2-en-1","status":"publish","type":"product","link":"https:\/\/disma.ar\/clientes\/producto\/receptor-transmisor-emisor-bluetooth-5-0-2-en-1\/","title":{"rendered":"RECEPTOR TRANSMISOR EMISOR BLUETOOTH 5.0 2 EN 1"},"content":{"rendered":"<div>\n<div>\n<div>\n<div>MODO EMISOR<\/div>\n<div>\n<div>Convierte tu SMART TV o EQUIPO DE AUDIO con entrada auxiliar miniplug 3,5 en un sistema inal\u00e1mbrico Bluetooth para poder escuchar en tus Auriculares o Parlantes Bluetooth!!!<\/div>\n<div>\n<div>Ya no ser\u00e1 necesario molestar a toda la casa para ver tv de noche, ahora pod\u00e9s usar tus auriculares bluetooth gracias a este adaptador.<\/div>\n<div>Simplemente debes conectar el cable auxiliar a la salida de auriculares del TV y el transmisor a cualquier puerto USB. Este puerto USB puede ser tanto del tv, como de cualquier otro artefacto, incluso un cargador de celular, ya que s\u00f3lo se utiliza para alimentaci\u00f3n el\u00e9ctrica del receptor.<\/div>\n<\/div>\n<\/div>\n<div><\/div>\n<div><\/div>\n<div>MODO RECEPTOR<\/div>\n<div>En este modo usaremos el adaptador Bluetooth para convertir unos auriculares o altavoces que originalmente no incorporan Bluetooth, en dispositivos capaces de recibir audio de un dispositivo Bluetooth, como un m\u00f3vil, port\u00e1til\u2026 tambi\u00e9n podemos usar este modo para convertir la radio del coche en Bluetooth y poder escuchar la m\u00fasica del m\u00f3vil por los altavoces del coche (siempre que tengamos un puerto USB y una entrada de audio auxiliar).<\/div>\n<\/div>\n<div><\/div>\n<div><\/div>\n<\/div>\n<div>* Distancia de funcionamiento hasta\u00a0 20 metros seg\u00fan interferencias del ambiente<\/div>\n<div>* Versi\u00f3n bluetooth: V5.0 A2DP, AVRCP, AVDTP, HFP y HSP<\/div>\n<div>* Instalaci\u00f3n simple: solo enchufe, enlace y listo<\/div>\n<div>* Frecuencia: 2.4GHz<\/div>\n<div>* Salida Mini-Plug Universal se conecta a la entrada Auxiliar. El USB es solo para\u00a0Alimentaci\u00f3n<\/div>\n<div>* Incluye Cable mini plug a mini plug macho macho<\/div>\n<\/div>\n","protected":false},"excerpt":{"rendered":"<p>INTCO<\/p>\n","protected":false},"featured_media":2106,"comment_status":"open","ping_status":"closed","template":"","meta":[],"product_brand":[],"product_cat":[282],"product_tag":[],"class_list":{"0":"post-806","1":"product","2":"type-product","3":"status-publish","4":"has-post-thumbnail","6":"product_cat-bluetooth-transmisores-y-receptores","8":"first","9":"instock","10":"shipping-taxable","11":"purchasable","12":"product-type-simple"},"_links":{"self":[{"href":"https:\/\/disma.ar\/clientes\/wp-json\/wp\/v2\/product\/806","targetHints":{"allow":["GET"]}}],"collection":[{"href":"https:\/\/disma.ar\/clientes\/wp-json\/wp\/v2\/product"}],"about":[{"href":"https:\/\/disma.ar\/clientes\/wp-json\/wp\/v2\/types\/product"}],"replies":[{"embeddable":true,"href":"https:\/\/disma.ar\/clientes\/wp-json\/wp\/v2\/comments?post=806"}],"wp:featuredmedia":[{"embeddable":true,"href":"https:\/\/disma.ar\/clientes\/wp-json\/wp\/v2\/media\/2106"}],"wp:attachment":[{"href":"https:\/\/disma.ar\/clientes\/wp-json\/wp\/v2\/media?parent=806"}],"wp:term":[{"taxonomy":"product_brand","embeddable":true,"href":"https:\/\/disma.ar\/clientes\/wp-json\/wp\/v2\/product_brand?post=806"},{"taxonomy":"product_cat","embeddable":true,"href":"https:\/\/disma.ar\/clientes\/wp-json\/wp\/v2\/product_cat?post=806"},{"taxonomy":"product_tag","embeddable":true,"href":"https:\/\/disma.ar\/clientes\/wp-json\/wp\/v2\/product_tag?post=806"}],"curies":[{"name":"wp","href":"https:\/\/api.w.org\/{rel}","templated":true}]}}