{"id":8055,"date":"2024-01-03T16:30:59","date_gmt":"2024-01-03T19:30:59","guid":{"rendered":"https:\/\/disma.ar\/clientes\/?post_type=product&#038;p=8055"},"modified":"2026-05-14T10:18:23","modified_gmt":"2026-05-14T13:18:23","slug":"boroscopio-endoscopio-camara-para-android-pc-hy001-cable-5-metros-6-leds-resistente-al-agua-ip67","status":"publish","type":"product","link":"https:\/\/disma.ar\/clientes\/producto\/boroscopio-endoscopio-camara-para-android-pc-hy001-cable-5-metros-6-leds-resistente-al-agua-ip67\/","title":{"rendered":"BOROSCOPIO ENDOSCOPIO CAMARA PARA ANDROID \/PC HY001 CABLE 5 METROS 6 LEDS RESISTENTE AL AGUA IP67"},"content":{"rendered":"<p>Marca: Ruffo<br \/>\nModelo: RF-HY001<br \/>\n&#8212;&#8212;&#8212;&#8212;&#8212;&#8212;&#8212;&#8212;&#8212;&#8212;&#8212;&#8212;&#8212;&#8212;&#8212;&#8212;&#8212;&#8212;&#8212;&#8212;<\/p>\n<p>\u2022 IMPORTANTE \u2022<\/p>\n<p>\u00bb La camara funciona en celulares Android que tengan conector MicroUSB con OTG y en PC\/Notebooks con USB.<br \/>\nNo funciona en celulares con conector MicroUSB SIN OTG, por favor verifica el manual de tu equipo antes de comprar.<\/p>\n<p>\u00bb Para el funcionamiento utiliza la app USB CAMERA, verificar si su celular est\u00e1 habilitado para descargarla.<\/p>\n<p>&#8212;&#8212;&#8212;&#8212;&#8212;&#8212;&#8212;&#8212;&#8212;&#8212;&#8212;&#8212;&#8212;&#8212;&#8212;&#8212;&#8212;&#8212;&#8212;&#8212;<\/p>\n<p>\u2022 Caracter\u00edsticas \u2022<\/p>\n<p>\u00bb Con un bot\u00f3n de control, puede capturar la imagen y tomar un video, y las fotos y el archivo de video se almacenar\u00e1n directamente en su tel\u00e9fono \/ PC.<br \/>\n\u00bb Cabezal de c\u00e1mara IP67 a prueba de agua de 5 mm con 6 luces LED ajustables, totalmente competente para diferentes usos.<br \/>\n\u00bb Con resoluci\u00f3n m\u00e1xima de v\u00eddeo 640 x 480.<br \/>\n\u00bb Con resoluci\u00f3n m\u00e1xima de imagen: 2 megapixeles.<br \/>\n\u00bb Trabaja con tel\u00e9fonos inteligentes Android \/ IOS, computadoras Windows \/ Mac<\/p>\n<p>&#8212;&#8212;&#8212;&#8212;&#8212;&#8212;&#8212;&#8212;&#8212;&#8212;&#8212;&#8212;&#8212;&#8212;&#8212;&#8212;&#8212;&#8212;&#8212;&#8212;<\/p>\n<p>\u2022 Especificaciones \u2022<br \/>\n\u00bb Solo 5.5 mm de diametro con luz led para la oscuridad.<br \/>\n\u00bb Iluminaci\u00f3n: 6 LED high power<br \/>\n\u00bb Conector: MicroUSB y adaptador USB.<br \/>\n\u00bb Photo shooting and video recording.<br \/>\n\u00bb Diameter: 5.5 mm<br \/>\n\u00bb Protecci\u00f3n al agua y polvo: IP67<br \/>\n\u00bb Color: Black<br \/>\n\u00bb Cable length: 5M<br \/>\n\u00bb Frame rate: 30fps<br \/>\n\u00bb Focal distance: 4cm<br \/>\n\u00bb Resoluci\u00f3n maxima: 640&#215;480<br \/>\n\u00bb Enfoque a corta distancia.<br \/>\n\u00bb View angle: 67 degree<br \/>\n\u00bb Waterproof level: IP67<br \/>\n\u00bb Power supply: 5V DC(Via USB)<br \/>\n\u00bb Photo Format: JPEG<br \/>\n\u00bb Video Format: AVI<\/p>\n","protected":false},"excerpt":{"rendered":"<p>GENERICO<\/p>\n","protected":false},"featured_media":8059,"comment_status":"open","ping_status":"closed","template":"","meta":[],"product_brand":[],"product_cat":[363],"product_tag":[],"class_list":{"0":"post-8055","1":"product","2":"type-product","3":"status-publish","4":"has-post-thumbnail","6":"product_cat-baterias-cables-plaquetas","8":"first","9":"instock","10":"shipping-taxable","11":"purchasable","12":"product-type-simple"},"_links":{"self":[{"href":"https:\/\/disma.ar\/clientes\/wp-json\/wp\/v2\/product\/8055","targetHints":{"allow":["GET"]}}],"collection":[{"href":"https:\/\/disma.ar\/clientes\/wp-json\/wp\/v2\/product"}],"about":[{"href":"https:\/\/disma.ar\/clientes\/wp-json\/wp\/v2\/types\/product"}],"replies":[{"embeddable":true,"href":"https:\/\/disma.ar\/clientes\/wp-json\/wp\/v2\/comments?post=8055"}],"wp:featuredmedia":[{"embeddable":true,"href":"https:\/\/disma.ar\/clientes\/wp-json\/wp\/v2\/media\/8059"}],"wp:attachment":[{"href":"https:\/\/disma.ar\/clientes\/wp-json\/wp\/v2\/media?parent=8055"}],"wp:term":[{"taxonomy":"product_brand","embeddable":true,"href":"https:\/\/disma.ar\/clientes\/wp-json\/wp\/v2\/product_brand?post=8055"},{"taxonomy":"product_cat","embeddable":true,"href":"https:\/\/disma.ar\/clientes\/wp-json\/wp\/v2\/product_cat?post=8055"},{"taxonomy":"product_tag","embeddable":true,"href":"https:\/\/disma.ar\/clientes\/wp-json\/wp\/v2\/product_tag?post=8055"}],"curies":[{"name":"wp","href":"https:\/\/api.w.org\/{rel}","templated":true}]}}