{"id":8033,"date":"2025-12-23T11:13:51","date_gmt":"2025-12-23T14:13:51","guid":{"rendered":"https:\/\/disma.ar\/clientes\/?post_type=product&#038;p=8033"},"modified":"2026-02-11T13:30:04","modified_gmt":"2026-02-11T16:30:04","slug":"auricular-black-shark-bluetooth-in-ear-individual-ipx5-resistente-sudor-y-salpicaduras-inalambrico-microfono-manos-libres-earbuds","status":"publish","type":"product","link":"https:\/\/disma.ar\/clientes\/producto\/auricular-black-shark-bluetooth-in-ear-individual-ipx5-resistente-sudor-y-salpicaduras-inalambrico-microfono-manos-libres-earbuds\/","title":{"rendered":"***   OFERTA   *** AURICULAR IN EAR BLACK SHARK BLUETOOTH INDIVIDUAL IPX5 RESISTENTE SUDOR Y SALPICADURAS INALAMBRICO MICROFONO MANOS LIBRES EARBUDS RECARGABLE"},"content":{"rendered":"<p>AURICULARES INALAMBRICOS BLACK SHARK LUCIFER T14 SI, SON TRANSPARENTES ! Micr\u00f3fonos con cancelaci\u00f3n de ruido para llamadas claras: cada auricular inal\u00e1mbrico tiene un micr\u00f3fono integrado con tecnolog\u00eda avanzada de cancelaci\u00f3n de ruido de fondo. Los auriculares inal\u00e1mbricos Black Shark T14 pueden reducir eficazmente el ruido de fondo y neutralizar las interferencias ambientales para permitir que las personas que llaman disfruten de llamadas claras como conversaciones cara a cara, perfectas para negocios o viajes.<\/p>\n<p>Dise\u00f1o ergon\u00f3mico y elegante: los auriculares Bluetooth T14 tienen un dise\u00f1o negro transparente que es de alta tecnolog\u00eda, futurista, simple y \u00fanico, lo que lo convierte en un favorito tanto de expertos en tecnolog\u00eda como de entusiastas del juego. Adem\u00e1s, los auriculares T14 tambi\u00e9n est\u00e1n dise\u00f1ados ergon\u00f3micamente para garantizar la comodidad y la estabilidad suficientes.<\/p>\n<p>Los auriculares solo pesan 0.12 oz cada uno, por lo que incluso si estos auriculares inal\u00e1mbricos se usan durante mucho tiempo, no causar\u00e1n ning\u00fan dolor en nuestros o\u00eddos. Emparejamiento en un solo paso y control t\u00e1ctil inteligente: enciende tu dispositivo Bluetooth y comb\u00ednalo con el modelo &#8216; Black Shark Lucifer T14&#8217; despu\u00e9s de sacar estos auriculares inal\u00e1mbricos de la funda de carga. Una vez conectado una vez, los auriculares inal\u00e1mbricos se conectar\u00e1n autom\u00e1ticamente al \u00faltimo dispositivo emparejado.<\/p>\n<p>A diferencia de los botones f\u00edsicos tradicionales, puedes utilizar el control de un solo toque para saltar pistas f\u00e1cilmente, cambiar el volumen, reproducir o pausar m\u00fasica, activar el asistente de voz o responder\/finalizar\/rechazar llamadas con el bot\u00f3n multifuncional.<\/p>\n<p><strong>24 horas de uso y carga r\u00e1pida tipo C: los auriculares inal\u00e1mbricos Black Shark pueden durar hasta 6 horas con una sola carga y 24 horas de tiempo total de reproducci\u00f3n con una funda completamente cargada. Solo tarda 1,5 horas en cargar la funda de carga mediante tecnolog\u00eda de carga r\u00e1pida USB-C<\/strong>. Tambi\u00e9n se puede cargar un solo lado mientras se utiliza un lado.<\/p>\n<p>Disfruta de una experiencia auditiva durante todo el d\u00eda sin preocuparte por las bater\u00edas.<\/p>\n<p>Amplia compatibilidad y resistente al agua IPX5: los auriculares inal\u00e1mbricos intrauditivos son ampliamente compatibles con dispositivos de sistema compatibles con iOS\/Android\/Bluetooth. <strong>La tecnolog\u00eda impermeable IPX5 protege eficazmente los auriculares del sudor y los derrames,<\/strong> lo que los convierte en una excelente opci\u00f3n para uso en exteriores.<\/p>\n<p>\u2022 Producto Nuevo en Caja \/ Blister<\/p>\n","protected":false},"excerpt":{"rendered":"<p>EARGOD<\/p>\n","protected":false},"featured_media":8034,"comment_status":"open","ping_status":"closed","template":"","meta":[],"product_brand":[],"product_cat":[394,33],"product_tag":[],"class_list":{"0":"post-8033","1":"product","2":"type-product","3":"status-publish","4":"has-post-thumbnail","6":"product_cat-caja-de-sorpresas","7":"product_cat-auriculares-bluetooth","9":"first","10":"instock","11":"shipping-taxable","12":"purchasable","13":"product-type-simple"},"_links":{"self":[{"href":"https:\/\/disma.ar\/clientes\/wp-json\/wp\/v2\/product\/8033","targetHints":{"allow":["GET"]}}],"collection":[{"href":"https:\/\/disma.ar\/clientes\/wp-json\/wp\/v2\/product"}],"about":[{"href":"https:\/\/disma.ar\/clientes\/wp-json\/wp\/v2\/types\/product"}],"replies":[{"embeddable":true,"href":"https:\/\/disma.ar\/clientes\/wp-json\/wp\/v2\/comments?post=8033"}],"wp:featuredmedia":[{"embeddable":true,"href":"https:\/\/disma.ar\/clientes\/wp-json\/wp\/v2\/media\/8034"}],"wp:attachment":[{"href":"https:\/\/disma.ar\/clientes\/wp-json\/wp\/v2\/media?parent=8033"}],"wp:term":[{"taxonomy":"product_brand","embeddable":true,"href":"https:\/\/disma.ar\/clientes\/wp-json\/wp\/v2\/product_brand?post=8033"},{"taxonomy":"product_cat","embeddable":true,"href":"https:\/\/disma.ar\/clientes\/wp-json\/wp\/v2\/product_cat?post=8033"},{"taxonomy":"product_tag","embeddable":true,"href":"https:\/\/disma.ar\/clientes\/wp-json\/wp\/v2\/product_tag?post=8033"}],"curies":[{"name":"wp","href":"https:\/\/api.w.org\/{rel}","templated":true}]}}