{"id":8005,"date":"2025-12-03T10:03:27","date_gmt":"2025-12-03T13:03:27","guid":{"rendered":"https:\/\/disma.ar\/clientes\/?post_type=product&#038;p=8005"},"modified":"2026-04-11T09:40:09","modified_gmt":"2026-04-11T12:40:09","slug":"camara-kids-summer-vacation-captura-video-foto-conexion-computadora-bateria-recargable","status":"publish","type":"product","link":"https:\/\/disma.ar\/clientes\/producto\/camara-kids-summer-vacation-captura-video-foto-conexion-computadora-bateria-recargable\/","title":{"rendered":"CAMARA KIDS celeste SUMMER VACATION CAPTURA VIDEO\/FOTO CONEXION COMPUTADORA BATERIA RECARGABLE RANURA MICRO SD INCLUYE JUEGOS CABLE PARA CARGAR Y CORREA SE PUEDE AGREGAR STICKERS A LAS FOTOS"},"content":{"rendered":"<ul class=\"a-unordered-list a-vertical a-spacing-mini\">\n<li class=\"a-spacing-mini\"><span class=\"a-list-item\">C\u00e1mara para ni\u00f1os: linda c\u00e1mara para ni\u00f1os, que admite la toma de fotos, grabaci\u00f3n de video y fotos de bricolaje. La c\u00e1mara est\u00e1 hecha de material ABS, protecci\u00f3n del medio ambiente, antica\u00eddas, segura y protegida para usar.<\/span><\/li>\n<li class=\"a-spacing-mini\"><span class=\"a-list-item\">Amplias aplicaciones: la c\u00e1mara puede tomar fotos regularmente, con soporte de filtro multimodo, elija su propio filtro y registre momentos coloridos, adecuado para disparos autom\u00e1ticos, retratos nocturnos, paisajes, deportes, fiestas, playas y otras escenas.<\/span><\/li>\n<li class=\"a-spacing-mini\"><span class=\"a-list-item\">Ligero y port\u00e1til: esta linda c\u00e1mara para ni\u00f1os es port\u00e1til, ligera y de tama\u00f1o perfecto para manos peque\u00f1as; Con un cord\u00f3n para colgar alrededor del cuello, para proteger la c\u00e1mara de ca\u00eddas y da\u00f1os.<\/span><\/li>\n<li class=\"a-spacing-mini\"><span class=\"a-list-item\">El regalo perfecto: la c\u00e1mara digital para ni\u00f1os puede mantener a los ni\u00f1os alejados de los tel\u00e9fonos m\u00f3viles y entrenar su curiosidad y su inter\u00e9s en la fotograf\u00eda, los ni\u00f1os ideales a\u00f1os en cumplea\u00f1os, vacaciones y Navidad.<\/span><\/li>\n<\/ul>\n","protected":false},"excerpt":{"rendered":"<p>SUONO<\/p>\n","protected":false},"featured_media":15485,"comment_status":"open","ping_status":"closed","template":"","meta":[],"product_brand":[],"product_cat":[394,350],"product_tag":[],"class_list":{"0":"post-8005","1":"product","2":"type-product","3":"status-publish","4":"has-post-thumbnail","6":"product_cat-caja-de-sorpresas","7":"product_cat-camara-deportiva","9":"first","10":"outofstock","11":"shipping-taxable","12":"purchasable","13":"product-type-simple"},"_links":{"self":[{"href":"https:\/\/disma.ar\/clientes\/wp-json\/wp\/v2\/product\/8005","targetHints":{"allow":["GET"]}}],"collection":[{"href":"https:\/\/disma.ar\/clientes\/wp-json\/wp\/v2\/product"}],"about":[{"href":"https:\/\/disma.ar\/clientes\/wp-json\/wp\/v2\/types\/product"}],"replies":[{"embeddable":true,"href":"https:\/\/disma.ar\/clientes\/wp-json\/wp\/v2\/comments?post=8005"}],"wp:featuredmedia":[{"embeddable":true,"href":"https:\/\/disma.ar\/clientes\/wp-json\/wp\/v2\/media\/15485"}],"wp:attachment":[{"href":"https:\/\/disma.ar\/clientes\/wp-json\/wp\/v2\/media?parent=8005"}],"wp:term":[{"taxonomy":"product_brand","embeddable":true,"href":"https:\/\/disma.ar\/clientes\/wp-json\/wp\/v2\/product_brand?post=8005"},{"taxonomy":"product_cat","embeddable":true,"href":"https:\/\/disma.ar\/clientes\/wp-json\/wp\/v2\/product_cat?post=8005"},{"taxonomy":"product_tag","embeddable":true,"href":"https:\/\/disma.ar\/clientes\/wp-json\/wp\/v2\/product_tag?post=8005"}],"curies":[{"name":"wp","href":"https:\/\/api.w.org\/{rel}","templated":true}]}}