{"id":7999,"date":"2024-06-10T10:07:38","date_gmt":"2024-06-10T13:07:38","guid":{"rendered":"https:\/\/disma.ar\/clientes\/?post_type=product&#038;p=7999"},"modified":"2026-04-30T10:37:47","modified_gmt":"2026-04-30T13:37:47","slug":"consola-video-juego-500-juegos-1-joystick-conexion-tv-colores","status":"publish","type":"product","link":"https:\/\/disma.ar\/clientes\/producto\/consola-video-juego-500-juegos-1-joystick-conexion-tv-colores\/","title":{"rendered":"CONSOLA VIDEO JUEGO 500 JUEGOS 1 JOYSTICK CONEXION TV COLORES"},"content":{"rendered":"<p>+21%<\/p>\n<p class=\"detail-desc-decorate-title\"><strong><u id=\"tl_1\">Especificaciones:<\/u><\/strong><span id=\"tl_2\"><br \/>\nPantalla: pantalla a color TFT de 3 pulgadas<\/span><\/p>\n<p>Juegos: 500 juegos cl\u00e1sicos<\/p>\n<p>Bater\u00eda: bater\u00eda recargable de iones de litio de 1020 mAh<\/p>\n<p>Tiempo de trabajo: aproximadamente 7 horas<\/p>\n","protected":false},"excerpt":{"rendered":"<p>+21% Especificaciones: Pantalla: pantalla a color TFT de 3 pulgadas Juegos: 500 juegos cl\u00e1sicos Bater\u00eda: bater\u00eda recargable de iones de litio de 1020 mAh Tiempo de trabajo: aproximadamente 7 horas<\/p>\n","protected":false},"featured_media":13842,"comment_status":"open","ping_status":"closed","template":"","meta":[],"product_brand":[],"product_cat":[203],"product_tag":[],"class_list":{"0":"post-7999","1":"product","2":"type-product","3":"status-publish","4":"has-post-thumbnail","6":"product_cat-consolas-de-video-juego","8":"first","9":"outofstock","10":"shipping-taxable","11":"purchasable","12":"product-type-simple"},"_links":{"self":[{"href":"https:\/\/disma.ar\/clientes\/wp-json\/wp\/v2\/product\/7999","targetHints":{"allow":["GET"]}}],"collection":[{"href":"https:\/\/disma.ar\/clientes\/wp-json\/wp\/v2\/product"}],"about":[{"href":"https:\/\/disma.ar\/clientes\/wp-json\/wp\/v2\/types\/product"}],"replies":[{"embeddable":true,"href":"https:\/\/disma.ar\/clientes\/wp-json\/wp\/v2\/comments?post=7999"}],"wp:featuredmedia":[{"embeddable":true,"href":"https:\/\/disma.ar\/clientes\/wp-json\/wp\/v2\/media\/13842"}],"wp:attachment":[{"href":"https:\/\/disma.ar\/clientes\/wp-json\/wp\/v2\/media?parent=7999"}],"wp:term":[{"taxonomy":"product_brand","embeddable":true,"href":"https:\/\/disma.ar\/clientes\/wp-json\/wp\/v2\/product_brand?post=7999"},{"taxonomy":"product_cat","embeddable":true,"href":"https:\/\/disma.ar\/clientes\/wp-json\/wp\/v2\/product_cat?post=7999"},{"taxonomy":"product_tag","embeddable":true,"href":"https:\/\/disma.ar\/clientes\/wp-json\/wp\/v2\/product_tag?post=7999"}],"curies":[{"name":"wp","href":"https:\/\/api.w.org\/{rel}","templated":true}]}}