{"id":7806,"date":"2023-12-15T13:57:21","date_gmt":"2023-12-15T16:57:21","guid":{"rendered":"https:\/\/disma.ar\/clientes\/?post_type=product&#038;p=7806"},"modified":"2026-02-11T13:30:05","modified_gmt":"2026-02-11T16:30:05","slug":"soporte-cordon-correa-colgante-universal-para-fundas-de-celular","status":"publish","type":"product","link":"https:\/\/disma.ar\/clientes\/producto\/soporte-cordon-correa-colgante-universal-para-fundas-de-celular\/","title":{"rendered":"SOPORTE CORDON CORREA COLGANTE UNIVERSAL PARA FUNDAS DE CELULAR"},"content":{"rendered":"<p>Correa universal para fundas de celular + adaptador para funda reforzado.<br \/>\nMantiene tu tel\u00e9fono protegido y accesible en todo momento.<\/p>\n<p>Incluye un adaptador que se coloca en tu funda, a trav\u00e9s del puerto del carga. Es compatible con todas las fundas! (excepto las que posean abierta la parte inferior). Solo retira el celular de la funda, apoya al adaptador, desplaza la leng\u00fceta a trav\u00e9s del puerto de carga y listo. Solo resta colocar el mosquet\u00f3n del cord\u00f3n.<\/p>\n<p>\u00danico con pasante reforzado que garantiza la resistencia al peso y movimiento!<\/p>\n<p>C\u00f3modo y multiuso. Pensado para paseos, uso en v\u00eda publica, deportes, viajes, salidas nocturnas, transporte, trabajo y m\u00e1s! Evita malos momentos como tirones o ca\u00eddas con tu celular siempre accesible.<\/p>\n<p>Largo de la correa: 110 cms aprox (55 cms por lado). Regulable.<\/p>\n","protected":false},"excerpt":{"rendered":"<p>JUAN MINUJIN<\/p>\n","protected":false},"featured_media":7807,"comment_status":"open","ping_status":"closed","template":"","meta":[],"product_brand":[],"product_cat":[32],"product_tag":[],"class_list":{"0":"post-7806","1":"product","2":"type-product","3":"status-publish","4":"has-post-thumbnail","6":"product_cat-soportes-gps-celulares","8":"first","9":"outofstock","10":"shipping-taxable","11":"purchasable","12":"product-type-simple"},"_links":{"self":[{"href":"https:\/\/disma.ar\/clientes\/wp-json\/wp\/v2\/product\/7806","targetHints":{"allow":["GET"]}}],"collection":[{"href":"https:\/\/disma.ar\/clientes\/wp-json\/wp\/v2\/product"}],"about":[{"href":"https:\/\/disma.ar\/clientes\/wp-json\/wp\/v2\/types\/product"}],"replies":[{"embeddable":true,"href":"https:\/\/disma.ar\/clientes\/wp-json\/wp\/v2\/comments?post=7806"}],"wp:featuredmedia":[{"embeddable":true,"href":"https:\/\/disma.ar\/clientes\/wp-json\/wp\/v2\/media\/7807"}],"wp:attachment":[{"href":"https:\/\/disma.ar\/clientes\/wp-json\/wp\/v2\/media?parent=7806"}],"wp:term":[{"taxonomy":"product_brand","embeddable":true,"href":"https:\/\/disma.ar\/clientes\/wp-json\/wp\/v2\/product_brand?post=7806"},{"taxonomy":"product_cat","embeddable":true,"href":"https:\/\/disma.ar\/clientes\/wp-json\/wp\/v2\/product_cat?post=7806"},{"taxonomy":"product_tag","embeddable":true,"href":"https:\/\/disma.ar\/clientes\/wp-json\/wp\/v2\/product_tag?post=7806"}],"curies":[{"name":"wp","href":"https:\/\/api.w.org\/{rel}","templated":true}]}}