{"id":7777,"date":"2023-12-14T11:53:39","date_gmt":"2023-12-14T14:53:39","guid":{"rendered":"https:\/\/disma.ar\/clientes\/?post_type=product&#038;p=7777"},"modified":"2026-04-30T10:37:59","modified_gmt":"2026-04-30T13:37:59","slug":"splitter-hdmi-1x4-v1-4-1-entrada-x-4-salidas-full-hd-1080p-skyway","status":"publish","type":"product","link":"https:\/\/disma.ar\/clientes\/producto\/splitter-hdmi-1x4-v1-4-1-entrada-x-4-salidas-full-hd-1080p-skyway\/","title":{"rendered":"SPLITTER HDMI 1X4 &#8211; V1.4 1 ENTRADA X 4 SALIDAS FULL HD 1080P &#8211; SKYWAY"},"content":{"rendered":"<p>SPLITTER HDMI 1 x 4 &#8211; V1.4 &#8211; FULL HD 1080p<\/p>\n<p>Splitter HDMI<br \/>\n1&#215;4 (1 Entrada &#8211; 4 Salidas)<br \/>\nTv Led Lcd 3d Version 1.4 1080p<\/p>\n<p>\u2022 Descripci\u00f3n del Producto:<br \/>\nEl Splitter HDMI permite la conexi\u00f3n de dispositivos como decodificadores, reproductores de DVD, reproductores D-VHS y otros dispositivos de alta definici\u00f3n con salida HDMI para v\u00eddeo de m\u00faltiples pantallas con entrada de HDTV.<br \/>\nEste es un centro de distribuci\u00f3n flexible que puede servir varios terminales y puede ser utilizado en cascada para tener un n\u00famero mayor de HDMI.<\/p>\n<p>&#8211; Conectar cuatro monitores al mismo tiempo con la misma fuente de v\u00eddeo<br \/>\n&#8211; Utiliza cables de alta calidad para las conexiones<br \/>\n&#8211; Permite el uso de m\u00faltiples pantallas de video simult\u00e1neamente<br \/>\n&#8211; Soporta resoluci\u00f3n de480p, 720i, 720p, 1080i, 1080p FULL HD<br \/>\n&#8211; Soporta dispositivos compatibles con HDCP<br \/>\n&#8211; Sencilla instalaci\u00f3n y r\u00e1pida<\/p>\n<p>Este dispositivo es compatible con 3D &#8211; HD de hasta 4k x 2k y es adecuado para su uso en las escuelas, las universidades, las aplicaciones de seguridad, centros de conferencias, servicios de formaci\u00f3n, as\u00ed como en el hogar.<\/p>\n<p>SOPORTA DISTANCIAS DE HASTA 15metros<br \/>\nColor: Black<\/p>\n","protected":false},"excerpt":{"rendered":"<p>SKYWAY<\/p>\n","protected":false},"featured_media":7778,"comment_status":"open","ping_status":"closed","template":"","meta":[],"product_brand":[],"product_cat":[89],"product_tag":[],"class_list":{"0":"post-7777","1":"product","2":"type-product","3":"status-publish","4":"has-post-thumbnail","6":"product_cat-splitter-switch","8":"first","9":"instock","10":"shipping-taxable","11":"purchasable","12":"product-type-simple"},"_links":{"self":[{"href":"https:\/\/disma.ar\/clientes\/wp-json\/wp\/v2\/product\/7777","targetHints":{"allow":["GET"]}}],"collection":[{"href":"https:\/\/disma.ar\/clientes\/wp-json\/wp\/v2\/product"}],"about":[{"href":"https:\/\/disma.ar\/clientes\/wp-json\/wp\/v2\/types\/product"}],"replies":[{"embeddable":true,"href":"https:\/\/disma.ar\/clientes\/wp-json\/wp\/v2\/comments?post=7777"}],"wp:featuredmedia":[{"embeddable":true,"href":"https:\/\/disma.ar\/clientes\/wp-json\/wp\/v2\/media\/7778"}],"wp:attachment":[{"href":"https:\/\/disma.ar\/clientes\/wp-json\/wp\/v2\/media?parent=7777"}],"wp:term":[{"taxonomy":"product_brand","embeddable":true,"href":"https:\/\/disma.ar\/clientes\/wp-json\/wp\/v2\/product_brand?post=7777"},{"taxonomy":"product_cat","embeddable":true,"href":"https:\/\/disma.ar\/clientes\/wp-json\/wp\/v2\/product_cat?post=7777"},{"taxonomy":"product_tag","embeddable":true,"href":"https:\/\/disma.ar\/clientes\/wp-json\/wp\/v2\/product_tag?post=7777"}],"curies":[{"name":"wp","href":"https:\/\/api.w.org\/{rel}","templated":true}]}}