{"id":7724,"date":"2025-12-03T08:47:56","date_gmt":"2025-12-03T11:47:56","guid":{"rendered":"https:\/\/disma.ar\/clientes\/?post_type=product&#038;p=7724"},"modified":"2026-02-11T13:28:01","modified_gmt":"2026-02-11T16:28:01","slug":"pizarra-magica-lcd-panel-85-pulgadas-de-colores-2-lapices-dep-2","status":"publish","type":"product","link":"https:\/\/disma.ar\/clientes\/producto\/pizarra-magica-lcd-panel-85-pulgadas-de-colores-2-lapices-dep-2\/","title":{"rendered":"***   OFERTA   *** PIZARRA MAGICA LCD PANEL 8,5 &#8221; PULGADAS DE COLORES 2 LAPICES"},"content":{"rendered":"<p>Divertida y novedosa tableta LCD para los mas chicos con forma y dise\u00f1o de Dinosaurio<br \/>\nDECILE CHAU AL PAPEL!! Deja volar la imaginaci\u00f3n de los mas peque\u00f1os, dibujando, escribiendo y creando constantemente.<br \/>\nPantalla de escritura LCD infantil. Dise\u00f1o ligero y port\u00e1til. Con colores divertidos y dise\u00f1o de tiburon<br \/>\nViene con un lapiz para dibujar o escribir sin da\u00f1ar la pizarra.<br \/>\nEliminas la necesidad de papel, simplemente escribe, dibuja, garabatea y borra.<br \/>\nLa imagen se mantiene mientras la necesites y se puede borrar con un solo toque.<br \/>\nCrear una y otra vez, sin la necesidad de cargar o conectar.<\/p>\n<p>&#8211; Escritura sensible a presi\u00f3n<br \/>\n&#8211; Bot\u00f3n de borrado<br \/>\n&#8211; Bot\u00f3n bloqueo (para evitar borrado accidental)<br \/>\n&#8211; Eco Amigable &#8211; No mas papel!<br \/>\n&#8211; Funciona con pila (Incluida)<br \/>\n&#8211; Viene con 1 lapiz<br \/>\n&#8211; Medida LCD: 8.5 pulgadas<br \/>\n&#8211; Medida Tableta: 28 x 18 cm<\/p>\n","protected":false},"excerpt":{"rendered":"<p>NACRIN<\/p>\n","protected":false},"featured_media":7726,"comment_status":"open","ping_status":"closed","template":"","meta":[],"product_brand":[],"product_cat":[394,242],"product_tag":[],"class_list":{"0":"post-7724","1":"product","2":"type-product","3":"status-publish","4":"has-post-thumbnail","6":"product_cat-caja-de-sorpresas","7":"product_cat-cartel-luminoso","9":"first","10":"instock","11":"shipping-taxable","12":"purchasable","13":"product-type-simple"},"_links":{"self":[{"href":"https:\/\/disma.ar\/clientes\/wp-json\/wp\/v2\/product\/7724","targetHints":{"allow":["GET"]}}],"collection":[{"href":"https:\/\/disma.ar\/clientes\/wp-json\/wp\/v2\/product"}],"about":[{"href":"https:\/\/disma.ar\/clientes\/wp-json\/wp\/v2\/types\/product"}],"replies":[{"embeddable":true,"href":"https:\/\/disma.ar\/clientes\/wp-json\/wp\/v2\/comments?post=7724"}],"wp:featuredmedia":[{"embeddable":true,"href":"https:\/\/disma.ar\/clientes\/wp-json\/wp\/v2\/media\/7726"}],"wp:attachment":[{"href":"https:\/\/disma.ar\/clientes\/wp-json\/wp\/v2\/media?parent=7724"}],"wp:term":[{"taxonomy":"product_brand","embeddable":true,"href":"https:\/\/disma.ar\/clientes\/wp-json\/wp\/v2\/product_brand?post=7724"},{"taxonomy":"product_cat","embeddable":true,"href":"https:\/\/disma.ar\/clientes\/wp-json\/wp\/v2\/product_cat?post=7724"},{"taxonomy":"product_tag","embeddable":true,"href":"https:\/\/disma.ar\/clientes\/wp-json\/wp\/v2\/product_tag?post=7724"}],"curies":[{"name":"wp","href":"https:\/\/api.w.org\/{rel}","templated":true}]}}