{"id":7538,"date":"2023-11-24T15:43:16","date_gmt":"2023-11-24T18:43:16","guid":{"rendered":"https:\/\/disma.ar\/clientes\/?post_type=product&#038;p=7538"},"modified":"2026-02-11T13:28:03","modified_gmt":"2026-02-11T16:28:03","slug":"mini-parlante-suono-diseno-pajaro-manos-libres-recargable-bluethoot","status":"publish","type":"product","link":"https:\/\/disma.ar\/clientes\/producto\/mini-parlante-suono-diseno-pajaro-manos-libres-recargable-bluethoot\/","title":{"rendered":"MINI PARLANTE SUONO DISE\u00d1O P\u00c1JARO MANOS LIBRES RECARGABLE BLUETHOOT"},"content":{"rendered":"<p>Mini altavoz Bluetooth del tama\u00f1o de la palma de la mano. Dise\u00f1o de pajarito<\/p>\n<p>Compatible con tel\u00e9fonos inteligentes Android, iPhone, reproductores de MP3, PSP de Sony, iPod, port\u00e1tiles y tablet<\/p>\n<p>PERFECTO PARA LA HORA DE DORMIR: funci\u00f3n de apagado autom\u00e1tico, por lo que es ideal como ayuda para dormir, tiene un revestimiento antideslizante adicional que evita deslizamientos en cualquier mesita de noche<\/p>\n","protected":false},"excerpt":{"rendered":"<p>WINCO<\/p>\n","protected":false},"featured_media":7539,"comment_status":"open","ping_status":"closed","template":"","meta":[],"product_brand":[],"product_cat":[78],"product_tag":[],"class_list":{"0":"post-7538","1":"product","2":"type-product","3":"status-publish","4":"has-post-thumbnail","6":"product_cat-parlantes-bluetooth","8":"first","9":"outofstock","10":"shipping-taxable","11":"purchasable","12":"product-type-simple"},"_links":{"self":[{"href":"https:\/\/disma.ar\/clientes\/wp-json\/wp\/v2\/product\/7538","targetHints":{"allow":["GET"]}}],"collection":[{"href":"https:\/\/disma.ar\/clientes\/wp-json\/wp\/v2\/product"}],"about":[{"href":"https:\/\/disma.ar\/clientes\/wp-json\/wp\/v2\/types\/product"}],"replies":[{"embeddable":true,"href":"https:\/\/disma.ar\/clientes\/wp-json\/wp\/v2\/comments?post=7538"}],"wp:featuredmedia":[{"embeddable":true,"href":"https:\/\/disma.ar\/clientes\/wp-json\/wp\/v2\/media\/7539"}],"wp:attachment":[{"href":"https:\/\/disma.ar\/clientes\/wp-json\/wp\/v2\/media?parent=7538"}],"wp:term":[{"taxonomy":"product_brand","embeddable":true,"href":"https:\/\/disma.ar\/clientes\/wp-json\/wp\/v2\/product_brand?post=7538"},{"taxonomy":"product_cat","embeddable":true,"href":"https:\/\/disma.ar\/clientes\/wp-json\/wp\/v2\/product_cat?post=7538"},{"taxonomy":"product_tag","embeddable":true,"href":"https:\/\/disma.ar\/clientes\/wp-json\/wp\/v2\/product_tag?post=7538"}],"curies":[{"name":"wp","href":"https:\/\/api.w.org\/{rel}","templated":true}]}}