{"id":7460,"date":"2023-11-21T14:32:55","date_gmt":"2023-11-21T17:32:55","guid":{"rendered":"https:\/\/disma.ar\/clientes\/?post_type=product&#038;p=7460"},"modified":"2026-04-30T10:36:43","modified_gmt":"2026-04-30T13:36:43","slug":"telefono-celular-kodak-seren-d55l-quad-core-1-6ghz-32gb-2gb-ram-55","status":"publish","type":"product","link":"https:\/\/disma.ar\/clientes\/producto\/telefono-celular-kodak-seren-d55l-quad-core-1-6ghz-32gb-2gb-ram-55\/","title":{"rendered":"TELEFONO CELULAR KODAK SEREN D55L QUAD CORE 1.6GHZ 32GB 2GB RAM 5,5&#8243; GRIS"},"content":{"rendered":"<p>Tel\u00e9fono celular Kodak Seren D55L<br \/>\nPantalla de 5.5 pulgadas.<br \/>\nMemoria RAM de 2GB<br \/>\nProcesador Unisoc SC9832E Quad-Core de 1.4GHz<br \/>\ncapacidad de almacenamiento de 32GB.<br \/>\nSistema operativo Android 11 Go Edition.<br \/>\n2 c\u00e1maras traseras de 13Mpx\/2Mpx<br \/>\nC\u00e1mara delantera de 5Mpx<br \/>\nBater\u00eda de 2000mAh<br \/>\nConectividad: Incluye opciones de conectividad como Wi-Fi, Bluetooth y soporte para redes m\u00f3viles.<br \/>\nCon reconocimiento facial y sensor de huella dactilar<br \/>\nDispositivo liberado para que elijas la compa\u00f1\u00eda telef\u00f3nica que prefieras<br \/>\nIncluye Funda, Cargador y Auriculares<\/p>\n","protected":false},"excerpt":{"rendered":"<p>KODAK<\/p>\n","protected":false},"featured_media":7461,"comment_status":"open","ping_status":"closed","template":"","meta":[],"product_brand":[],"product_cat":[331],"product_tag":[],"class_list":{"0":"post-7460","1":"product","2":"type-product","3":"status-publish","4":"has-post-thumbnail","6":"product_cat-telefonos-celulares-equipos","8":"first","9":"outofstock","10":"shipping-taxable","11":"purchasable","12":"product-type-simple"},"_links":{"self":[{"href":"https:\/\/disma.ar\/clientes\/wp-json\/wp\/v2\/product\/7460","targetHints":{"allow":["GET"]}}],"collection":[{"href":"https:\/\/disma.ar\/clientes\/wp-json\/wp\/v2\/product"}],"about":[{"href":"https:\/\/disma.ar\/clientes\/wp-json\/wp\/v2\/types\/product"}],"replies":[{"embeddable":true,"href":"https:\/\/disma.ar\/clientes\/wp-json\/wp\/v2\/comments?post=7460"}],"wp:featuredmedia":[{"embeddable":true,"href":"https:\/\/disma.ar\/clientes\/wp-json\/wp\/v2\/media\/7461"}],"wp:attachment":[{"href":"https:\/\/disma.ar\/clientes\/wp-json\/wp\/v2\/media?parent=7460"}],"wp:term":[{"taxonomy":"product_brand","embeddable":true,"href":"https:\/\/disma.ar\/clientes\/wp-json\/wp\/v2\/product_brand?post=7460"},{"taxonomy":"product_cat","embeddable":true,"href":"https:\/\/disma.ar\/clientes\/wp-json\/wp\/v2\/product_cat?post=7460"},{"taxonomy":"product_tag","embeddable":true,"href":"https:\/\/disma.ar\/clientes\/wp-json\/wp\/v2\/product_tag?post=7460"}],"curies":[{"name":"wp","href":"https:\/\/api.w.org\/{rel}","templated":true}]}}