{"id":7164,"date":"2024-03-01T11:34:11","date_gmt":"2024-03-01T14:34:11","guid":{"rendered":"https:\/\/disma.ar\/clientes\/?post_type=product&#038;p=7164"},"modified":"2026-02-11T13:27:07","modified_gmt":"2026-02-11T16:27:07","slug":"cargador-inalambrico-magsafe-charger","status":"publish","type":"product","link":"https:\/\/disma.ar\/clientes\/producto\/cargador-inalambrico-magsafe-charger\/","title":{"rendered":"CARGADOR INALAMBRICO Magsafe Charger 20w"},"content":{"rendered":"<p>Magsafe Charger 20w<br \/>\nEl cargador mantiene la compatibilidad con la carga Qi, por lo que puede usarse para cargar de forma inal\u00e1mbrica de su iPhone 8 o posterior, as\u00ed como los modelos AirPods con un estuche de carga inal\u00e1mbrica, como lo har\u00eda con cualquier cargador certificado por Qi.<\/p>\n<p>Contenido de la caja<br \/>\n&#8211; Cargador MagSafe<br \/>\n&#8211; Cable integrado USB-C (1 m)<\/p>\n","protected":false},"excerpt":{"rendered":"<p>MANZ<\/p>\n","protected":false},"featured_media":7165,"comment_status":"open","ping_status":"closed","template":"","meta":[],"product_brand":[],"product_cat":[172],"product_tag":[],"class_list":{"0":"post-7164","1":"product","2":"type-product","3":"status-publish","4":"has-post-thumbnail","6":"product_cat-cargadores-inalambricos","8":"first","9":"outofstock","10":"shipping-taxable","11":"purchasable","12":"product-type-simple"},"_links":{"self":[{"href":"https:\/\/disma.ar\/clientes\/wp-json\/wp\/v2\/product\/7164","targetHints":{"allow":["GET"]}}],"collection":[{"href":"https:\/\/disma.ar\/clientes\/wp-json\/wp\/v2\/product"}],"about":[{"href":"https:\/\/disma.ar\/clientes\/wp-json\/wp\/v2\/types\/product"}],"replies":[{"embeddable":true,"href":"https:\/\/disma.ar\/clientes\/wp-json\/wp\/v2\/comments?post=7164"}],"wp:featuredmedia":[{"embeddable":true,"href":"https:\/\/disma.ar\/clientes\/wp-json\/wp\/v2\/media\/7165"}],"wp:attachment":[{"href":"https:\/\/disma.ar\/clientes\/wp-json\/wp\/v2\/media?parent=7164"}],"wp:term":[{"taxonomy":"product_brand","embeddable":true,"href":"https:\/\/disma.ar\/clientes\/wp-json\/wp\/v2\/product_brand?post=7164"},{"taxonomy":"product_cat","embeddable":true,"href":"https:\/\/disma.ar\/clientes\/wp-json\/wp\/v2\/product_cat?post=7164"},{"taxonomy":"product_tag","embeddable":true,"href":"https:\/\/disma.ar\/clientes\/wp-json\/wp\/v2\/product_tag?post=7164"}],"curies":[{"name":"wp","href":"https:\/\/api.w.org\/{rel}","templated":true}]}}