{"id":7161,"date":"2023-10-27T11:21:28","date_gmt":"2023-10-27T14:21:28","guid":{"rendered":"https:\/\/disma.ar\/clientes\/?post_type=product&#038;p=7161"},"modified":"2026-02-11T13:27:07","modified_gmt":"2026-02-11T16:27:07","slug":"jarra-electrica-tetera-hervidor-agua-plegable-pava-silicona-portatil-220v","status":"publish","type":"product","link":"https:\/\/disma.ar\/clientes\/producto\/jarra-electrica-tetera-hervidor-agua-plegable-pava-silicona-portatil-220v\/","title":{"rendered":"Jarra Electrica Tetera Hervidor Agua Plegable Pava Silicona Port\u00e1til 220V"},"content":{"rendered":"<p>\u00a1Ten\u00e9 el agua caliente siempre lista! Con la pava el\u00e9ctrica Generic Electric kettle vas a poder disfrutar de una bebida caliente en minutos. Gan\u00e1 tiempo y prepar\u00e1 ese mate, cafecito o porqu\u00e9 no, esa sopa instant\u00e1nea que tanto te gusta!<\/p>\n","protected":false},"excerpt":{"rendered":"<p>SILICON<\/p>\n","protected":false},"featured_media":7162,"comment_status":"open","ping_status":"closed","template":"","meta":[],"product_brand":[],"product_cat":[360],"product_tag":[],"class_list":{"0":"post-7161","1":"product","2":"type-product","3":"status-publish","4":"has-post-thumbnail","6":"product_cat-electro-y-bazar","8":"first","9":"outofstock","10":"shipping-taxable","11":"purchasable","12":"product-type-simple"},"_links":{"self":[{"href":"https:\/\/disma.ar\/clientes\/wp-json\/wp\/v2\/product\/7161","targetHints":{"allow":["GET"]}}],"collection":[{"href":"https:\/\/disma.ar\/clientes\/wp-json\/wp\/v2\/product"}],"about":[{"href":"https:\/\/disma.ar\/clientes\/wp-json\/wp\/v2\/types\/product"}],"replies":[{"embeddable":true,"href":"https:\/\/disma.ar\/clientes\/wp-json\/wp\/v2\/comments?post=7161"}],"wp:featuredmedia":[{"embeddable":true,"href":"https:\/\/disma.ar\/clientes\/wp-json\/wp\/v2\/media\/7162"}],"wp:attachment":[{"href":"https:\/\/disma.ar\/clientes\/wp-json\/wp\/v2\/media?parent=7161"}],"wp:term":[{"taxonomy":"product_brand","embeddable":true,"href":"https:\/\/disma.ar\/clientes\/wp-json\/wp\/v2\/product_brand?post=7161"},{"taxonomy":"product_cat","embeddable":true,"href":"https:\/\/disma.ar\/clientes\/wp-json\/wp\/v2\/product_cat?post=7161"},{"taxonomy":"product_tag","embeddable":true,"href":"https:\/\/disma.ar\/clientes\/wp-json\/wp\/v2\/product_tag?post=7161"}],"curies":[{"name":"wp","href":"https:\/\/api.w.org\/{rel}","templated":true}]}}