{"id":6987,"date":"2024-06-14T09:55:54","date_gmt":"2024-06-14T12:55:54","guid":{"rendered":"https:\/\/disma.ar\/clientes\/?post_type=product&#038;p=6987"},"modified":"2026-04-30T10:35:49","modified_gmt":"2026-04-30T13:35:49","slug":"espuma-limpiador-para-lcd-gabinetes-pc-con-bactericida-360gr-419ml-servex-elimina-manchas-con-terminacion-brillo-seco","status":"publish","type":"product","link":"https:\/\/disma.ar\/clientes\/producto\/espuma-limpiador-para-lcd-gabinetes-pc-con-bactericida-360gr-419ml-servex-elimina-manchas-con-terminacion-brillo-seco\/","title":{"rendered":"ESPUMA LIMPIADOR PARA LCD GABINETES PC CON BACTERICIDA 360GR\/419ML SERVEX ELIMINA MANCHAS CON TERMINACI\u00d3N BRILLO SECO"},"content":{"rendered":"<p>ESPUMA DE LIMPIEZA BRILLVEX 440CC PC GABINETE PLASTICOS<\/p>\n<p>* Funci\u00f3n:<\/p>\n<p>_ Limpieza de teclados, gabinetes y superficies pl\u00e1sticas en general.<\/p>\n<p>* Aplicaci\u00f3n:<\/p>\n<p>_ Espuma en aerosol desarrollada especialmente para limpiar impresoras, fax, cpu, teclados, monitores y superficies pl\u00e1sticas en general, etc. Mejora r\u00e1pida y eficazmente la presentaci\u00f3n de los gabinetes. Sus agentes limpiadores act\u00faan por flotabilidad en superficies lisas y rugosas, dando brillo y acabado antiadherente al equipo. Espuma pareja desde el principio al fin del envase. Luego de las dos primeras limpiezas, su acabado siliconado facilita mantener los equipos en forma \u00f3ptima. Muy alto rendimiento.<\/p>\n<p>* Propiedad:<\/p>\n<p>_ Espuma de Limpieza, act\u00faa por flotabilidad.<br \/>\n_ Antiadherente.<br \/>\n_ Acabado brillante.<\/p>\n<p>* Caracter\u00edsticas:<\/p>\n<p>\u2022 No chorrea. No gotea.<br \/>\n\u2022 No ataca los pl\u00e1sticos<br \/>\n\u2022 No ataca acr\u00edlicos<br \/>\n\u2022 No ataca serigraf\u00edas<\/p>\n<p>* Instrucciones:<\/p>\n<p>_ Ag\u00edtese bien antes de usar.<br \/>\n_ Aplicar desde una distancia de 20cm, dejar actuar unos segundos y retire el producto con un pa\u00f1o limpio. Obtenga brillo frotando con un pa\u00f1o suave seco.<\/p>\n<p>* Presentaci\u00f3n:<\/p>\n<p>Aerosol 440cc\/400g.<\/p>\n","protected":false},"excerpt":{"rendered":"<p>BRILLVEX<\/p>\n","protected":false},"featured_media":6988,"comment_status":"open","ping_status":"closed","template":"","meta":[],"product_brand":[],"product_cat":[174],"product_tag":[],"class_list":{"0":"post-6987","1":"product","2":"type-product","3":"status-publish","4":"has-post-thumbnail","6":"product_cat-aerosol-pasta-termica","8":"first","9":"instock","10":"shipping-taxable","11":"purchasable","12":"product-type-simple"},"_links":{"self":[{"href":"https:\/\/disma.ar\/clientes\/wp-json\/wp\/v2\/product\/6987","targetHints":{"allow":["GET"]}}],"collection":[{"href":"https:\/\/disma.ar\/clientes\/wp-json\/wp\/v2\/product"}],"about":[{"href":"https:\/\/disma.ar\/clientes\/wp-json\/wp\/v2\/types\/product"}],"replies":[{"embeddable":true,"href":"https:\/\/disma.ar\/clientes\/wp-json\/wp\/v2\/comments?post=6987"}],"wp:featuredmedia":[{"embeddable":true,"href":"https:\/\/disma.ar\/clientes\/wp-json\/wp\/v2\/media\/6988"}],"wp:attachment":[{"href":"https:\/\/disma.ar\/clientes\/wp-json\/wp\/v2\/media?parent=6987"}],"wp:term":[{"taxonomy":"product_brand","embeddable":true,"href":"https:\/\/disma.ar\/clientes\/wp-json\/wp\/v2\/product_brand?post=6987"},{"taxonomy":"product_cat","embeddable":true,"href":"https:\/\/disma.ar\/clientes\/wp-json\/wp\/v2\/product_cat?post=6987"},{"taxonomy":"product_tag","embeddable":true,"href":"https:\/\/disma.ar\/clientes\/wp-json\/wp\/v2\/product_tag?post=6987"}],"curies":[{"name":"wp","href":"https:\/\/api.w.org\/{rel}","templated":true}]}}