{"id":6967,"date":"2026-03-30T08:43:38","date_gmt":"2026-03-30T11:43:38","guid":{"rendered":"https:\/\/disma.ar\/clientes\/?post_type=product&#038;p=6967"},"modified":"2026-05-12T16:32:24","modified_gmt":"2026-05-12T19:32:24","slug":"fuente-malibu-universal-multipunta-manual-12-puntas-120w","status":"publish","type":"product","link":"https:\/\/disma.ar\/clientes\/producto\/fuente-malibu-universal-multipunta-manual-12-puntas-120w\/","title":{"rendered":"FUENTE CARGADOR NOTEBOOK MALIB\u00da UNIVERSAL 12 PINES INTERCAMBIABLES  (120w)"},"content":{"rendered":"<p>Cargador Universal de alta calidad y diferentes voltajes de salida permitiendo ser Universal y adaptables a muchos modelos de Notebook comunes<br \/>\n&#8211; Adaptadores compatibles con las principales marcas de notebook y netbooks<br \/>\n&#8211; No solo le permitir\u00e1 poder cargar la bater\u00eda de su notebook, sino tambi\u00e9n, le permitir\u00e1 alimentar diferentes tipos electr\u00f3nicos como: Monitores, Calculadoras, Teclados, C\u00e1maras, y otros que requieran de las siguientes caracter\u00edsticas el\u00e9ctricas:<br \/>\n* Especificaci\u00f3n de entrada<br \/>\n220 &#8211; 240 VCA, 50\/60 Hz- 0.5 Amp<\/p>\n<p>* Especificaciones: Salidas<\/p>\n<p>&#8211; De 12v \/ 15v \/ 16v \/ 19v. VCC &#8211; 4.5Amperios de salida m\u00e1xima<br \/>\n&#8211; Y de 20v \/ 24v 4Amperios de salida m\u00e1xima<\/p>\n<p>* VIENE CON 12 PINES INTERCAMBIABLES<\/p>\n","protected":false},"excerpt":{"rendered":"<p>MALIBU<\/p>\n","protected":false},"featured_media":19570,"comment_status":"open","ping_status":"closed","template":"","meta":[],"product_brand":[],"product_cat":[394,510,513,44],"product_tag":[],"class_list":{"0":"post-6967","1":"product","2":"type-product","3":"status-publish","4":"has-post-thumbnail","6":"product_cat-caja-de-sorpresas","7":"product_cat-top","8":"product_cat-2-precio-especial-por-cantidad","9":"product_cat-cargadores-notebook-netbook","11":"first","12":"instock","13":"shipping-taxable","14":"purchasable","15":"product-type-simple"},"_links":{"self":[{"href":"https:\/\/disma.ar\/clientes\/wp-json\/wp\/v2\/product\/6967","targetHints":{"allow":["GET"]}}],"collection":[{"href":"https:\/\/disma.ar\/clientes\/wp-json\/wp\/v2\/product"}],"about":[{"href":"https:\/\/disma.ar\/clientes\/wp-json\/wp\/v2\/types\/product"}],"replies":[{"embeddable":true,"href":"https:\/\/disma.ar\/clientes\/wp-json\/wp\/v2\/comments?post=6967"}],"wp:featuredmedia":[{"embeddable":true,"href":"https:\/\/disma.ar\/clientes\/wp-json\/wp\/v2\/media\/19570"}],"wp:attachment":[{"href":"https:\/\/disma.ar\/clientes\/wp-json\/wp\/v2\/media?parent=6967"}],"wp:term":[{"taxonomy":"product_brand","embeddable":true,"href":"https:\/\/disma.ar\/clientes\/wp-json\/wp\/v2\/product_brand?post=6967"},{"taxonomy":"product_cat","embeddable":true,"href":"https:\/\/disma.ar\/clientes\/wp-json\/wp\/v2\/product_cat?post=6967"},{"taxonomy":"product_tag","embeddable":true,"href":"https:\/\/disma.ar\/clientes\/wp-json\/wp\/v2\/product_tag?post=6967"}],"curies":[{"name":"wp","href":"https:\/\/api.w.org\/{rel}","templated":true}]}}