{"id":6915,"date":"2024-08-23T08:29:17","date_gmt":"2024-08-23T11:29:17","guid":{"rendered":"https:\/\/disma.ar\/clientes\/?post_type=product&#038;p=6915"},"modified":"2026-03-05T10:24:15","modified_gmt":"2026-03-05T13:24:15","slug":"calculadora-mesa-12-digitos-a-pila-colores-kd-8837b-3","status":"publish","type":"product","link":"https:\/\/disma.ar\/clientes\/producto\/calculadora-mesa-12-digitos-a-pila-colores-kd-8837b-3\/","title":{"rendered":"CALCULADORA MESA 12 DIGITOS A PILA COLORES KD-8837B-3"},"content":{"rendered":"<p><span class=\"a-list-item\">\u25cf [Calculadora de 12 d\u00edgitos] Calculadora peque\u00f1a y bonita, panel de pl\u00e1stico, peso ligero, multifunci\u00f3n para satisfacer tus necesidades de estudio y trabajo, f\u00e1cil de llevar, exquisita y hermosa.<\/span><\/p>\n<ul class=\"a-unordered-list a-vertical a-spacing-mini\">\n<li class=\"a-spacing-mini\"><span class=\"a-list-item\">Bot\u00f3n grande: dise\u00f1o de bot\u00f3n de pie alto para computadora, material de pl\u00e1stico resistente al desgaste, pantalla digital clara de logotipo, los botones son sensibles y r\u00e1pidos, los botones son ligeros y texturizados, y se sienten c\u00f3modos.<\/span><\/li>\n<li class=\"a-spacing-mini\"><span class=\"a-list-item\">Pantalla LCD grande: pantalla LCD de matriz de puntos de gran \u00e1ngulo de visi\u00f3n, pantalla digital clara, c\u00e1lculo c\u00f3modo y r\u00e1pido; dise\u00f1o de \u00e1ngulo de visi\u00f3n inclinado, alivia la fatiga ocular y facilita la lectura.<\/span><\/li>\n<li class=\"a-spacing-mini\"><span class=\"a-list-item\">\u25cf [Fuente de alimentaci\u00f3n] La calculadora adopta dos modos de fuente de alimentaci\u00f3n: fuente de alimentaci\u00f3n solar + bater\u00eda, que tiene una larga duraci\u00f3n de la bater\u00eda y tambi\u00e9n puede ahorrar energ\u00eda.<\/span><\/li>\n<li class=\"a-spacing-mini\"><span class=\"a-list-item\">\u25cf [Alfombrilla antideslizante] Hay almohadillas antideslizantes en las cuatro esquinas de la parte inferior, que son antideslizantes y resistentes al desgaste para evitar que la calculadora se caiga del suelo; hay una variedad de colores para elegir, y la bater\u00eda se proporciona gratis en el momento de la compra.<\/span><\/li>\n<\/ul>\n","protected":false},"excerpt":{"rendered":"<p>shimauta<\/p>\n","protected":false},"featured_media":6916,"comment_status":"open","ping_status":"closed","template":"","meta":[],"product_brand":[],"product_cat":[41,42],"product_tag":[],"class_list":{"0":"post-6915","1":"product","2":"type-product","3":"status-publish","4":"has-post-thumbnail","6":"product_cat-calculadoras","7":"product_cat-calculadoras-cientificas","9":"first","10":"outofstock","11":"shipping-taxable","12":"purchasable","13":"product-type-simple"},"_links":{"self":[{"href":"https:\/\/disma.ar\/clientes\/wp-json\/wp\/v2\/product\/6915","targetHints":{"allow":["GET"]}}],"collection":[{"href":"https:\/\/disma.ar\/clientes\/wp-json\/wp\/v2\/product"}],"about":[{"href":"https:\/\/disma.ar\/clientes\/wp-json\/wp\/v2\/types\/product"}],"replies":[{"embeddable":true,"href":"https:\/\/disma.ar\/clientes\/wp-json\/wp\/v2\/comments?post=6915"}],"wp:featuredmedia":[{"embeddable":true,"href":"https:\/\/disma.ar\/clientes\/wp-json\/wp\/v2\/media\/6916"}],"wp:attachment":[{"href":"https:\/\/disma.ar\/clientes\/wp-json\/wp\/v2\/media?parent=6915"}],"wp:term":[{"taxonomy":"product_brand","embeddable":true,"href":"https:\/\/disma.ar\/clientes\/wp-json\/wp\/v2\/product_brand?post=6915"},{"taxonomy":"product_cat","embeddable":true,"href":"https:\/\/disma.ar\/clientes\/wp-json\/wp\/v2\/product_cat?post=6915"},{"taxonomy":"product_tag","embeddable":true,"href":"https:\/\/disma.ar\/clientes\/wp-json\/wp\/v2\/product_tag?post=6915"}],"curies":[{"name":"wp","href":"https:\/\/api.w.org\/{rel}","templated":true}]}}