{"id":6905,"date":"2025-02-20T10:47:22","date_gmt":"2025-02-20T13:47:22","guid":{"rendered":"https:\/\/disma.ar\/clientes\/?post_type=product&#038;p=6905"},"modified":"2026-05-13T12:44:24","modified_gmt":"2026-05-13T15:44:24","slug":"transmisor-bluetooth-auto-12-24v-fm-2-usb-usb-tipo-c-auxiliar-previo-y-siguiente-perilla-display-screen-20w-3-1a-pd-q7-manos-libres","status":"publish","type":"product","link":"https:\/\/disma.ar\/clientes\/producto\/transmisor-bluetooth-auto-12-24v-fm-2-usb-usb-tipo-c-auxiliar-previo-y-siguiente-perilla-display-screen-20w-3-1a-pd-q7-manos-libres\/","title":{"rendered":"TRANSMISOR BLUETOOTH AUTO 12\/24V FM 2 USB USB TIPO C AUXILIAR PREVIO Y SIGUIENTE PERILLA DISPLAY SCREEN 20W 3.1A PD Q7 MANOS LIBRES"},"content":{"rendered":"<h5 id=\"title\" class=\"a-size-large a-spacing-none\"><span id=\"productTitle\" class=\"a-size-large product-title-word-break\">Cargador de tel\u00e9fono USB A y USB C de carga r\u00e1pida para coche, BT5.0, reproductor de MP3, receptor FM inal\u00e1mbrico, transmisor FM, adaptador Bluetooth para autom\u00f3viles, llamadas manos libres y receptor de audio para autom\u00f3viles<\/span><\/h5>\n<h5 class=\"a-size-base-plus a-text-bold\">Sobre este art\u00edculo<\/h5>\n<ul class=\"a-unordered-list a-vertical a-spacing-mini\">\n<li class=\"a-spacing-mini\"><span class=\"a-list-item\">Reproductor Bluetooth para autom\u00f3vil: el transmisor FM transmite m\u00fasica directamente desde tu tel\u00e9fono al sistema de audio de tu autom\u00f3vil a trav\u00e9s de la conexi\u00f3n Bluetooth. Admite reproducci\u00f3n de m\u00fasica Bluetooth\/unidad flash USB y llamadas manos libres Bluetooth, chip Bluetooth 5.0 y tecnolog\u00eda avanzada de reducci\u00f3n de ruido que garantizan una buena calidad de sonido sin distorsi\u00f3n de sonido.<\/span><\/li>\n<li class=\"a-spacing-mini\"><span class=\"a-list-item\">Carga r\u00e1pida USB y PD dual: el puerto tipo C permite una carga r\u00e1pida de 4.8 A. Junto con un puerto USB, puede cargar dos tel\u00e9fonos al mismo tiempo. Adem\u00e1s, tambi\u00e9n puede reproducir m\u00fasica en el est\u00e9reo de su autom\u00f3vil a trav\u00e9s de una memoria USB. M\u00fasica Bluetooth manos libres llamadas detecci\u00f3n inteligente de voltaje de carga r\u00e1pida, detecci\u00f3n de voltaje de bater\u00eda de carga r\u00e1pida dual 4.8A<\/span><\/li>\n<li class=\"a-spacing-mini\"><span class=\"a-list-item\">Llamadas manos libres: un toque para responder\/finalizar llamadas. Las llamadas manos libres hacen que la conducci\u00f3n sea m\u00e1s segura. El micr\u00f3fono integrado y la tecnolog\u00eda de supresi\u00f3n de ruido (CVC) hacen que las llamadas manos libres sean m\u00e1s claras. Cambiar\u00e1 autom\u00e1ticamente de la reproducci\u00f3n de m\u00fasica a la llamada al responder.<\/span><\/li>\n<li class=\"a-spacing-mini\"><span class=\"a-list-item\">\u3010Retroiluminaci\u00f3n RGB de 7 colores\u3011Este transmisor de radio tiene retroiluminaci\u00f3n LED de 7 colores, luz ambiental de respiraci\u00f3n colorida, luz ambiental de visi\u00f3n nocturna musical autoajustable y modo de respiraci\u00f3n de luz de 7 colores para que puedas obtener una pantalla de color visualmente impresionante.<\/span><\/li>\n<li class=\"a-spacing-mini\"><span class=\"a-list-item\">Funci\u00f3n de reproducci\u00f3n de memoria de corte: se vuelve a conectar autom\u00e1ticamente a dispositivos previamente emparejados cuando lo enciendes, y recuerda frecuencias y pistas cuando lo apagas.<\/span><\/li>\n<li class=\"a-spacing-mini\"><span class=\"a-list-item\">Totalmente compatible: este transmisor FM es compatible con todos los dispositivos con conexi\u00f3n inal\u00e1mbrica de emparejamiento para iPad, iPhone, Android, Google, LG, tabletas, etc.<\/span><\/li>\n<\/ul>\n","protected":false},"excerpt":{"rendered":"<p>GREATNICE<\/p>\n","protected":false},"featured_media":6906,"comment_status":"open","ping_status":"closed","template":"","meta":[],"product_brand":[],"product_cat":[116],"product_tag":[],"class_list":{"0":"post-6905","1":"product","2":"type-product","3":"status-publish","4":"has-post-thumbnail","6":"product_cat-transmisores-de-fm","8":"first","9":"instock","10":"shipping-taxable","11":"purchasable","12":"product-type-simple"},"_links":{"self":[{"href":"https:\/\/disma.ar\/clientes\/wp-json\/wp\/v2\/product\/6905","targetHints":{"allow":["GET"]}}],"collection":[{"href":"https:\/\/disma.ar\/clientes\/wp-json\/wp\/v2\/product"}],"about":[{"href":"https:\/\/disma.ar\/clientes\/wp-json\/wp\/v2\/types\/product"}],"replies":[{"embeddable":true,"href":"https:\/\/disma.ar\/clientes\/wp-json\/wp\/v2\/comments?post=6905"}],"wp:featuredmedia":[{"embeddable":true,"href":"https:\/\/disma.ar\/clientes\/wp-json\/wp\/v2\/media\/6906"}],"wp:attachment":[{"href":"https:\/\/disma.ar\/clientes\/wp-json\/wp\/v2\/media?parent=6905"}],"wp:term":[{"taxonomy":"product_brand","embeddable":true,"href":"https:\/\/disma.ar\/clientes\/wp-json\/wp\/v2\/product_brand?post=6905"},{"taxonomy":"product_cat","embeddable":true,"href":"https:\/\/disma.ar\/clientes\/wp-json\/wp\/v2\/product_cat?post=6905"},{"taxonomy":"product_tag","embeddable":true,"href":"https:\/\/disma.ar\/clientes\/wp-json\/wp\/v2\/product_tag?post=6905"}],"curies":[{"name":"wp","href":"https:\/\/api.w.org\/{rel}","templated":true}]}}