{"id":6857,"date":"2024-08-28T08:04:16","date_gmt":"2024-08-28T11:04:16","guid":{"rendered":"https:\/\/disma.ar\/clientes\/?post_type=product&#038;p=6857"},"modified":"2026-04-30T10:36:09","modified_gmt":"2026-04-30T13:36:09","slug":"tripode-celular-camara-plegable-aluminio-telescopico-3110","status":"publish","type":"product","link":"https:\/\/disma.ar\/clientes\/producto\/tripode-celular-camara-plegable-aluminio-telescopico-3110\/","title":{"rendered":"Tripode Celular Camara Plegable Aluminio Telescopico 3110"},"content":{"rendered":"<p>Tr\u00edpode Celular C\u00e1mara Plegable Aluminio Telesc\u00f3pico 3110<\/p>\n<p>Tr\u00edpode para c\u00e1maras fotogr\u00e1ficas, filmadoras, smartphone y c\u00e1maras Deportivas (Go Pro, Go Cam) practico y port\u00e1til, patas de 4 secciones, con cierres de seguridad para un soporte firme y seguro, tome las mejores fotos, desde los mejores \u00e1ngulos, fabricado en aluminio ligero resistente.<\/p>\n<p>&#8211; Perilla de ajuste panor\u00e1mico y perilla de ajuste vertical, f\u00e1cil de operar y garantizar la precisi\u00f3n.<br \/>\n&#8211; Patas de aleaci\u00f3n de aluminio avanzadas y piezas de ABS, port\u00e1tiles y de gran soporte.<br \/>\n&#8211; Empu\u00f1aduras de goma antideslizantes.<br \/>\n&#8211; Manija panor\u00e1mica, rotaci\u00f3n horizontal de 360\u00b0.<br \/>\n&#8211; Nivel de agua incorporado, ajuste horizontalmente.<br \/>\n&#8211; Peque\u00f1o tama\u00f1o, ligero, port\u00e1til para llevar.<br \/>\n&#8211; Compatible con c\u00e1maras y videoc\u00e1maras, c\u00e1maras deportivas y smartphone digitales universales, hace que la fotograf\u00eda sea algo agradable.<br \/>\n&#8211; Material: aluminio.<br \/>\n&#8211; Tipo: Tr\u00edpode \/ Ligero.<br \/>\n&#8211; Uso: C\u00e1mara digital, c\u00e1mara de video, smartphone y c\u00e1maras Deportivas.<br \/>\n&#8211; Peso: 238 gr.<\/p>\n","protected":false},"excerpt":{"rendered":"<p>TRIPODIN<\/p>\n","protected":false},"featured_media":6858,"comment_status":"open","ping_status":"closed","template":"","meta":[],"product_brand":[],"product_cat":[334],"product_tag":[],"class_list":{"0":"post-6857","1":"product","2":"type-product","3":"status-publish","4":"has-post-thumbnail","6":"product_cat-tripodes-monopies","8":"first","9":"instock","10":"shipping-taxable","11":"purchasable","12":"product-type-simple"},"_links":{"self":[{"href":"https:\/\/disma.ar\/clientes\/wp-json\/wp\/v2\/product\/6857","targetHints":{"allow":["GET"]}}],"collection":[{"href":"https:\/\/disma.ar\/clientes\/wp-json\/wp\/v2\/product"}],"about":[{"href":"https:\/\/disma.ar\/clientes\/wp-json\/wp\/v2\/types\/product"}],"replies":[{"embeddable":true,"href":"https:\/\/disma.ar\/clientes\/wp-json\/wp\/v2\/comments?post=6857"}],"wp:featuredmedia":[{"embeddable":true,"href":"https:\/\/disma.ar\/clientes\/wp-json\/wp\/v2\/media\/6858"}],"wp:attachment":[{"href":"https:\/\/disma.ar\/clientes\/wp-json\/wp\/v2\/media?parent=6857"}],"wp:term":[{"taxonomy":"product_brand","embeddable":true,"href":"https:\/\/disma.ar\/clientes\/wp-json\/wp\/v2\/product_brand?post=6857"},{"taxonomy":"product_cat","embeddable":true,"href":"https:\/\/disma.ar\/clientes\/wp-json\/wp\/v2\/product_cat?post=6857"},{"taxonomy":"product_tag","embeddable":true,"href":"https:\/\/disma.ar\/clientes\/wp-json\/wp\/v2\/product_tag?post=6857"}],"curies":[{"name":"wp","href":"https:\/\/api.w.org\/{rel}","templated":true}]}}