{"id":671,"date":"2022-10-22T10:51:05","date_gmt":"2022-10-22T13:51:05","guid":{"rendered":"https:\/\/disma.ar\/clientes\/producto\/canilla-extractor-bomba-de-agua-para-bidones-pump-a-pila-y279-16-14\/"},"modified":"2026-04-30T10:20:46","modified_gmt":"2026-04-30T13:20:46","slug":"canilla-extractor-bomba-de-agua-para-bidones-pump-a-pila-y279-16-14","status":"publish","type":"product","link":"https:\/\/disma.ar\/clientes\/producto\/canilla-extractor-bomba-de-agua-para-bidones-pump-a-pila-y279-16-14\/","title":{"rendered":"CANILLA EXTRACTOR BOMBA DE AGUA PARA BIDONES PUMP A PILA Y279-16-14"},"content":{"rendered":"<p>CODIGO:Y279-16-24<br \/>\nEXTRACTOR BOMBA DE AGUA PARA BIDONES PUMP<br \/>\nEspecialmente dise\u00f1ada, usada para botellas de agua potable de 5 litros Econ\u00f3mico. 2 bater\u00edas de tama\u00f1o &#8220;D&#8221; durar\u00e1n de 8 a 10 meses (basado en 5 galones por uso de la semana)<br \/>\nSe puede usar con muchos tipos de liquidos Ajustable la tapa de la botella de acuerdo con la profundidad del contenedor. Se adapta a la mayor\u00eda del tama\u00f1o est\u00e1ndar de agua embotellada<br \/>\nalimenticio. FR\u00cdO \/ CALIENTE Temp. : 32 oF (0 oC) \/ 140 oF (60 oC).<br \/>\nCapacidad de Succi\u00f3n: De 2.5-3L por minuto<br \/>\nMedida que va al interior del bidon 45cm<br \/>\nMedida total de largo 70cm<br \/>\nLargo canilla 16cm<\/p>\n","protected":false},"excerpt":{"rendered":"<p>GENERICO<\/p>\n","protected":false},"featured_media":13405,"comment_status":"open","ping_status":"closed","template":"","meta":[],"product_brand":[],"product_cat":[360],"product_tag":[],"class_list":{"0":"post-671","1":"product","2":"type-product","3":"status-publish","4":"has-post-thumbnail","6":"product_cat-electro-y-bazar","8":"first","9":"instock","10":"shipping-taxable","11":"purchasable","12":"product-type-simple"},"_links":{"self":[{"href":"https:\/\/disma.ar\/clientes\/wp-json\/wp\/v2\/product\/671","targetHints":{"allow":["GET"]}}],"collection":[{"href":"https:\/\/disma.ar\/clientes\/wp-json\/wp\/v2\/product"}],"about":[{"href":"https:\/\/disma.ar\/clientes\/wp-json\/wp\/v2\/types\/product"}],"replies":[{"embeddable":true,"href":"https:\/\/disma.ar\/clientes\/wp-json\/wp\/v2\/comments?post=671"}],"wp:featuredmedia":[{"embeddable":true,"href":"https:\/\/disma.ar\/clientes\/wp-json\/wp\/v2\/media\/13405"}],"wp:attachment":[{"href":"https:\/\/disma.ar\/clientes\/wp-json\/wp\/v2\/media?parent=671"}],"wp:term":[{"taxonomy":"product_brand","embeddable":true,"href":"https:\/\/disma.ar\/clientes\/wp-json\/wp\/v2\/product_brand?post=671"},{"taxonomy":"product_cat","embeddable":true,"href":"https:\/\/disma.ar\/clientes\/wp-json\/wp\/v2\/product_cat?post=671"},{"taxonomy":"product_tag","embeddable":true,"href":"https:\/\/disma.ar\/clientes\/wp-json\/wp\/v2\/product_tag?post=671"}],"curies":[{"name":"wp","href":"https:\/\/api.w.org\/{rel}","templated":true}]}}