{"id":6388,"date":"2023-08-23T16:17:40","date_gmt":"2023-08-23T19:17:40","guid":{"rendered":"https:\/\/disma.ar\/clientes\/?post_type=product&#038;p=6388"},"modified":"2026-04-30T10:34:59","modified_gmt":"2026-04-30T13:34:59","slug":"switch-tp-link-tl-sf1008d-8-puertos-10-100-mbps-outlet","status":"publish","type":"product","link":"https:\/\/disma.ar\/clientes\/producto\/switch-tp-link-tl-sf1008d-8-puertos-10-100-mbps-outlet\/","title":{"rendered":"SWITCH TP LINK TL-SF1008D 8 PUERTOS 10\/100 MBPS"},"content":{"rendered":"<p class=\"ui-pdp-description__content\">El switch Fast Ethernet TL-SF1008D est\u00e1 dise\u00f1ado para las oficinas peque\u00f1as y reducidos grupos de trabajo. Los 8 puertos soportan MDI\/MDIX autom\u00e1tico, lo que le evita tener que preocuparse de qu\u00e9 cable debe utilizar: s\u00f3lo tiene que enchufarlo y listo. Adem\u00e1s, gracias a su innovadora tecnolog\u00eda de eficiencia energ\u00e9tica, el TL-SF1008D ahorra hasta un 60% de energ\u00eda el\u00e9ctrica, lo que lo convierte en una soluci\u00f3n ecol\u00f3gica para la red de su negocio.<\/p>\n<p>DETALLE T\u00c9CNICO:<\/p>\n<p>\u2022 8 puertos RJ45 a 10\/100 Mbps con detecci\u00f3n autom\u00e1tica de velocidad, soporte para MDI\/MDIX autom\u00e1tico<br \/>\n\u2022 Tecnolog\u00eda de ahorro de energ\u00eda para Ethernet que reduce el consumo<br \/>\n\u2022 El control de flujo IEEE 802.3x permite una transmisi\u00f3n fiable de datos<br \/>\n\u2022 Carcasa de pl\u00e1stico, dise\u00f1ado para ser usado como equipo de sobremesa o montarlo en la pared<br \/>\n\u2022 Plug and Play, sin ninguna configuraci\u00f3n adicional<\/p>\n","protected":false},"excerpt":{"rendered":"<p>El switch Fast Ethernet TL-SF1008D est\u00e1 dise\u00f1ado para las oficinas peque\u00f1as y reducidos grupos de trabajo. Los 8 puertos soportan MDI\/MDIX autom\u00e1tico, lo que le evita tener que preocuparse de qu\u00e9 cable debe utilizar: s\u00f3lo tiene que enchufarlo y listo. Adem\u00e1s, gracias a su innovadora tecnolog\u00eda de eficiencia energ\u00e9tica, el TL-SF1008D ahorra hasta un 60% [&hellip;]<\/p>\n","protected":false},"featured_media":6591,"comment_status":"open","ping_status":"closed","template":"","meta":[],"product_brand":[],"product_cat":[181],"product_tag":[],"class_list":{"0":"post-6388","1":"product","2":"type-product","3":"status-publish","4":"has-post-thumbnail","6":"product_cat-router-modem-switch","8":"first","9":"instock","10":"shipping-taxable","11":"purchasable","12":"product-type-simple"},"_links":{"self":[{"href":"https:\/\/disma.ar\/clientes\/wp-json\/wp\/v2\/product\/6388","targetHints":{"allow":["GET"]}}],"collection":[{"href":"https:\/\/disma.ar\/clientes\/wp-json\/wp\/v2\/product"}],"about":[{"href":"https:\/\/disma.ar\/clientes\/wp-json\/wp\/v2\/types\/product"}],"replies":[{"embeddable":true,"href":"https:\/\/disma.ar\/clientes\/wp-json\/wp\/v2\/comments?post=6388"}],"wp:featuredmedia":[{"embeddable":true,"href":"https:\/\/disma.ar\/clientes\/wp-json\/wp\/v2\/media\/6591"}],"wp:attachment":[{"href":"https:\/\/disma.ar\/clientes\/wp-json\/wp\/v2\/media?parent=6388"}],"wp:term":[{"taxonomy":"product_brand","embeddable":true,"href":"https:\/\/disma.ar\/clientes\/wp-json\/wp\/v2\/product_brand?post=6388"},{"taxonomy":"product_cat","embeddable":true,"href":"https:\/\/disma.ar\/clientes\/wp-json\/wp\/v2\/product_cat?post=6388"},{"taxonomy":"product_tag","embeddable":true,"href":"https:\/\/disma.ar\/clientes\/wp-json\/wp\/v2\/product_tag?post=6388"}],"curies":[{"name":"wp","href":"https:\/\/api.w.org\/{rel}","templated":true}]}}