{"id":6258,"date":"2024-09-19T12:51:35","date_gmt":"2024-09-19T15:51:35","guid":{"rendered":"https:\/\/disma.ar\/clientes\/?post_type=product&#038;p=6258"},"modified":"2026-04-30T10:34:47","modified_gmt":"2026-04-30T13:34:47","slug":"extensor-de-rango-wifi-repetidor-wifi-inalambrico-larga-distancia","status":"publish","type":"product","link":"https:\/\/disma.ar\/clientes\/producto\/extensor-de-rango-wifi-repetidor-wifi-inalambrico-larga-distancia\/","title":{"rendered":"EXTENSOR DE RANGO WIFI REPETIDOR INALAMBRICO LARGA DISTANCIA"},"content":{"rendered":"<p>Descripci\u00f3n del Producto:<\/p>\n<p>Amplificador inal\u00e1mbrico de se\u00f1al de repetidor WiFi 802.11N \/ B \/ G Rango de Wi-Fi Extander 300Mbps Amplificadores de se\u00f1al Repetidor Wifi Wps Cifrado<\/p>\n<p>Repetidor de se\u00f1al WiFi.<\/p>\n<p>Amplifica la se\u00f1al de tu Internet inal\u00e1mbrico por hasta 40m.<\/p>\n<p>Peque\u00f1o dise\u00f1o est\u00e9tico, moderno y muy f\u00e1cil de usar.<\/p>\n<p>1. M\u00faltiples modos Wifi Repeater, el modo de AP y modos de operaci\u00f3n, que es adecuada para diferentes demandas de la red.<br \/>\n2. Red de alta calidad Wireless-N Wi-Fi repetidor extender la conexi\u00f3n de red velocidad de hasta 300 Mbps, este router con el poder que puede crear la red de alta velocidad y largo alcance.<br \/>\n3. incorporado Antenas. Se puede construir una amplia cobertura inal\u00e1mbrica, proporcionando un mejor rendimiento inal\u00e1mbrico en las paredes de penetraci\u00f3n, a trav\u00e9s de la transmisi\u00f3n de casa de varios suelo, lo que le permite disfrutar de la libertad inal\u00e1mbrica en cualquier lugar alrededor de su casa.<br \/>\n4. Alta compatibilidad inal\u00e1mbrica compatible con los dispositivos de red inal\u00e1mbricos que cumplen con la aggrement de 802.11n \/ b \/ g, incluyendo de escritorio, PC, tableta, ordenador port\u00e1til, inteligente TC, tel\u00e9fono inteligente, el iPhone, el iPad y m\u00e1s.<br \/>\n5. F\u00e1cil de instalar y configurar Simplemente pulsando el bot\u00f3n WPS para obtener el cifrado seguro, enchufe esto f\u00e1cilmente y configure la conexi\u00f3n al instante bajo la Wi-Fi Router Mode \/ Repetidor.<\/p>\n<p>Temperatura de funcionamiento: 0oC a 40oC<br \/>\nTemperatura de almacenamiento: 10 a 70 C<br \/>\nTama\u00f1o: 8x5x7.5cm \/ 3.15&#215;1.97&#215;2.95<br \/>\nPeso: 0.35lb<br \/>\nHumedad relativa (funcionamiento): 10% a 90%, no condensable<br \/>\nHumedad relativa (almacenamiento): 10% a 90%, no condensable<br \/>\nSoporta el modo de repetidor inal\u00e1mbrico y el modo est\u00e1ndar AP<br \/>\nantena dispuestos<br \/>\nLa WLAN m\u00e1xima es WPA2 segura, WPA y WEP (128\/64) Adicional Filtrado<\/p>\n<p>1 repetidor WiFi inal\u00e1mbrico<br \/>\n1 Gu\u00eda de instalaci\u00f3n<br \/>\nNo incluye cable de red rj45<\/p>\n","protected":false},"excerpt":{"rendered":"<p>MIAMI VICE<\/p>\n","protected":false},"featured_media":18962,"comment_status":"open","ping_status":"closed","template":"","meta":[],"product_brand":[],"product_cat":[394,510,513,179],"product_tag":[],"class_list":{"0":"post-6258","1":"product","2":"type-product","3":"status-publish","4":"has-post-thumbnail","6":"product_cat-caja-de-sorpresas","7":"product_cat-top","8":"product_cat-2-precio-especial-por-cantidad","9":"product_cat-acces-point","11":"first","12":"instock","13":"shipping-taxable","14":"purchasable","15":"product-type-simple"},"_links":{"self":[{"href":"https:\/\/disma.ar\/clientes\/wp-json\/wp\/v2\/product\/6258","targetHints":{"allow":["GET"]}}],"collection":[{"href":"https:\/\/disma.ar\/clientes\/wp-json\/wp\/v2\/product"}],"about":[{"href":"https:\/\/disma.ar\/clientes\/wp-json\/wp\/v2\/types\/product"}],"replies":[{"embeddable":true,"href":"https:\/\/disma.ar\/clientes\/wp-json\/wp\/v2\/comments?post=6258"}],"wp:featuredmedia":[{"embeddable":true,"href":"https:\/\/disma.ar\/clientes\/wp-json\/wp\/v2\/media\/18962"}],"wp:attachment":[{"href":"https:\/\/disma.ar\/clientes\/wp-json\/wp\/v2\/media?parent=6258"}],"wp:term":[{"taxonomy":"product_brand","embeddable":true,"href":"https:\/\/disma.ar\/clientes\/wp-json\/wp\/v2\/product_brand?post=6258"},{"taxonomy":"product_cat","embeddable":true,"href":"https:\/\/disma.ar\/clientes\/wp-json\/wp\/v2\/product_cat?post=6258"},{"taxonomy":"product_tag","embeddable":true,"href":"https:\/\/disma.ar\/clientes\/wp-json\/wp\/v2\/product_tag?post=6258"}],"curies":[{"name":"wp","href":"https:\/\/api.w.org\/{rel}","templated":true}]}}