{"id":6217,"date":"2023-08-08T13:34:17","date_gmt":"2023-08-08T16:34:17","guid":{"rendered":"https:\/\/disma.ar\/clientes\/?post_type=product&#038;p=6217"},"modified":"2026-02-11T13:26:04","modified_gmt":"2026-02-11T16:26:04","slug":"control-remoto-inteligente-infrarrojo-smart-dinax","status":"publish","type":"product","link":"https:\/\/disma.ar\/clientes\/producto\/control-remoto-inteligente-infrarrojo-smart-dinax\/","title":{"rendered":"CONTROL REMOTO INTELIGENTE INFRARROJO SMART DINAX"},"content":{"rendered":"<p>Controle todos sus dispositivos con control remoto infrarrojo desde una app y conviertalos en smart. Lleve la dom\u00f3tica simple a su casa.<\/p>\n<p>Es un control remoto infrarrojo compacto e inteligente que puede ser compatible con la mayor\u00eda de televisores, acondicionadores de aire, decodificadores y ventiladores en el hogar. Se puede controlar de forma inteligente a trav\u00e9s de la interfaz de la aplicaci\u00f3n m\u00f3vil, evitando no encontrar el control remoto. Al mismo tiempo, tambi\u00e9n es compatible con el control inteligente de los altavoces para el control por voz.<\/p>\n","protected":false},"excerpt":{"rendered":"<p>DINAX<\/p>\n","protected":false},"featured_media":6704,"comment_status":"open","ping_status":"closed","template":"","meta":[],"product_brand":[],"product_cat":[184],"product_tag":[],"class_list":{"0":"post-6217","1":"product","2":"type-product","3":"status-publish","4":"has-post-thumbnail","6":"product_cat-controles-remoto","8":"first","9":"outofstock","10":"shipping-taxable","11":"purchasable","12":"product-type-simple"},"_links":{"self":[{"href":"https:\/\/disma.ar\/clientes\/wp-json\/wp\/v2\/product\/6217","targetHints":{"allow":["GET"]}}],"collection":[{"href":"https:\/\/disma.ar\/clientes\/wp-json\/wp\/v2\/product"}],"about":[{"href":"https:\/\/disma.ar\/clientes\/wp-json\/wp\/v2\/types\/product"}],"replies":[{"embeddable":true,"href":"https:\/\/disma.ar\/clientes\/wp-json\/wp\/v2\/comments?post=6217"}],"wp:featuredmedia":[{"embeddable":true,"href":"https:\/\/disma.ar\/clientes\/wp-json\/wp\/v2\/media\/6704"}],"wp:attachment":[{"href":"https:\/\/disma.ar\/clientes\/wp-json\/wp\/v2\/media?parent=6217"}],"wp:term":[{"taxonomy":"product_brand","embeddable":true,"href":"https:\/\/disma.ar\/clientes\/wp-json\/wp\/v2\/product_brand?post=6217"},{"taxonomy":"product_cat","embeddable":true,"href":"https:\/\/disma.ar\/clientes\/wp-json\/wp\/v2\/product_cat?post=6217"},{"taxonomy":"product_tag","embeddable":true,"href":"https:\/\/disma.ar\/clientes\/wp-json\/wp\/v2\/product_tag?post=6217"}],"curies":[{"name":"wp","href":"https:\/\/api.w.org\/{rel}","templated":true}]}}