{"id":593,"date":"2022-10-22T10:50:53","date_gmt":"2022-10-22T13:50:53","guid":{"rendered":"https:\/\/disma.ar\/clientes\/producto\/termometro-infrarrojo-galileo-con-clip-itp260-50-260c\/"},"modified":"2026-04-30T10:19:56","modified_gmt":"2026-04-30T13:19:56","slug":"termometro-infrarrojo-galileo-con-clip-itp260-50-260c","status":"publish","type":"product","link":"https:\/\/disma.ar\/clientes\/producto\/termometro-infrarrojo-galileo-con-clip-itp260-50-260c\/","title":{"rendered":"TERMOMETRO DE OBJETOS INFRARROJO GALILEO CON CLIP ITP260 -50 ~ 260\u00baC"},"content":{"rendered":"<p>Lectura f\u00e1cil, r\u00e1pida y precisa de la temperatura en superficies y objetos dif\u00edciles de alcanzar. Ampliamente utilizado en la seguridad e inspecci\u00f3n de zonas calientes y\/o fr\u00edas, en laboratorios, industrias, dep\u00f3sitos, preparaci\u00f3n de alimentos, impresi\u00f3n y secado de pinturas, medici\u00f3n en combustibles, motores, hornos, ca\u00f1er\u00edas, freezers, aires acondicionados, entre otras tantas utilidades.<\/p>\n<p>CARACTER\u00cdSTICAS<br \/>\n\u2022 Medici\u00f3n r\u00e1pida y f\u00e1cil<br \/>\n\u2022 Rango de temeperatura: -50 a 260\u00b0C<br \/>\n\u2022 Precisi\u00f3n: +- 2% o +- 2\u00b0C<br \/>\n\u2022 Resoluci\u00f3n: 0.1\u00b0<br \/>\n\u2022 Emisividad: 0,95<br \/>\n\u2022 Resoluci\u00f3n \u00f3ptica (D:S): 1:1<br \/>\n\u2022 Tiempo de respuesta: &lt; 1s<br \/>\n\u2022 Selecci\u00f3n de temperatura en \u00b0C \/ \u00b0F<br \/>\n\u2022 Funci\u00f3n &#8220;HOLD&#8221;, retiene el \u00faltimo registro<br \/>\n\u2022 Apagado autom\u00e1tico<br \/>\n\u2022 Indicador de bater\u00eda baja<br \/>\n\u2022 Mide temperatura de Superficie<br \/>\n\u2022 Consumo de energ\u00eda: 2 bater\u00edas &#8220;LR44&#8221; 1.5V. (inclu\u00eddas).<\/p>\n<p>ESPECIFICACIONES:<br \/>\n\u2022 Marca: Galileo<br \/>\n\u2022 Medidas: 90 x 18 mm<br \/>\n\u2022 Modelo: ITP260<br \/>\n\u2022 Temperatura M\u00e1xima: +260\u00baC<br \/>\n\u2022 Temperatura M\u00ednima: -50\u00baC<\/p>\n<p>La distancia de trabajo depende de la resoluci\u00f3n \u00f3ptica: En este equipo con resoluci\u00f3n 1:1, por cada 1 cm que se aleja, se ampl\u00eda en 1 cm el rango de la superficie que mide.<\/p>\n<p>* Atenci\u00f3n: Pueden ser utilizados para medir piel humana pero no est\u00e1n pensados para tal tarea, por lo que hay que tener en cuenta el error de precisi\u00f3n de los mismos que es de +- 2\u00b0C.<\/p>\n","protected":false},"excerpt":{"rendered":"<p>GALILEO<\/p>\n","protected":false},"featured_media":2249,"comment_status":"open","ping_status":"closed","template":"","meta":[],"product_brand":[],"product_cat":[204],"product_tag":[],"class_list":{"0":"post-593","1":"product","2":"type-product","3":"status-publish","4":"has-post-thumbnail","6":"product_cat-termometro-humedad","8":"first","9":"instock","10":"shipping-taxable","11":"purchasable","12":"product-type-simple"},"_links":{"self":[{"href":"https:\/\/disma.ar\/clientes\/wp-json\/wp\/v2\/product\/593","targetHints":{"allow":["GET"]}}],"collection":[{"href":"https:\/\/disma.ar\/clientes\/wp-json\/wp\/v2\/product"}],"about":[{"href":"https:\/\/disma.ar\/clientes\/wp-json\/wp\/v2\/types\/product"}],"replies":[{"embeddable":true,"href":"https:\/\/disma.ar\/clientes\/wp-json\/wp\/v2\/comments?post=593"}],"wp:featuredmedia":[{"embeddable":true,"href":"https:\/\/disma.ar\/clientes\/wp-json\/wp\/v2\/media\/2249"}],"wp:attachment":[{"href":"https:\/\/disma.ar\/clientes\/wp-json\/wp\/v2\/media?parent=593"}],"wp:term":[{"taxonomy":"product_brand","embeddable":true,"href":"https:\/\/disma.ar\/clientes\/wp-json\/wp\/v2\/product_brand?post=593"},{"taxonomy":"product_cat","embeddable":true,"href":"https:\/\/disma.ar\/clientes\/wp-json\/wp\/v2\/product_cat?post=593"},{"taxonomy":"product_tag","embeddable":true,"href":"https:\/\/disma.ar\/clientes\/wp-json\/wp\/v2\/product_tag?post=593"}],"curies":[{"name":"wp","href":"https:\/\/api.w.org\/{rel}","templated":true}]}}