{"id":5879,"date":"2023-07-12T10:40:31","date_gmt":"2023-07-12T13:40:31","guid":{"rendered":"https:\/\/disma.ar\/clientes\/?post_type=product&#038;p=5879"},"modified":"2026-04-30T10:34:25","modified_gmt":"2026-04-30T13:34:25","slug":"balanza-digital-time-hasta-10kg-pantalla-lcd-tara-alta-precision","status":"publish","type":"product","link":"https:\/\/disma.ar\/clientes\/producto\/balanza-digital-time-hasta-10kg-pantalla-lcd-tara-alta-precision\/","title":{"rendered":"BALANZA COCINA DIGITAL SEIS AV-1875 0,1 A 10 KILOS (MODO TARA)"},"content":{"rendered":"<p>ALTA PRECISI\u00d3N, PESAR HASTA 10KG. SENSORES DE ALTA PRECISI\u00d3N Y CARACTER\u00cdSTICAS DE SOLO 1G DE DIVISI\u00d3N PARA PROPORCIONAR LAS LECTURAS DE PESO M\u00c1S EXACTAS.<\/p>\n<p>FUNCI\u00d3N CERO\/TARA<\/p>\n<p>PANTALLA LCD, F\u00c1CIL DE LEER.<\/p>\n<p>AHORRO DE ENERG\u00cdA. SE APAGA AUTOM\u00c1TICAMENTE DESPU\u00c9S DE 1 MINUTO. ALIMENTADA POR 2 BATER\u00cdA AA. NO INCLU\u00cdDAS.<\/p>\n","protected":false},"excerpt":{"rendered":"<p>INOVA<\/p>\n","protected":false},"featured_media":12316,"comment_status":"open","ping_status":"closed","template":"","meta":[],"product_brand":[],"product_cat":[360],"product_tag":[],"class_list":{"0":"post-5879","1":"product","2":"type-product","3":"status-publish","4":"has-post-thumbnail","6":"product_cat-electro-y-bazar","8":"first","9":"outofstock","10":"shipping-taxable","11":"purchasable","12":"product-type-simple"},"_links":{"self":[{"href":"https:\/\/disma.ar\/clientes\/wp-json\/wp\/v2\/product\/5879","targetHints":{"allow":["GET"]}}],"collection":[{"href":"https:\/\/disma.ar\/clientes\/wp-json\/wp\/v2\/product"}],"about":[{"href":"https:\/\/disma.ar\/clientes\/wp-json\/wp\/v2\/types\/product"}],"replies":[{"embeddable":true,"href":"https:\/\/disma.ar\/clientes\/wp-json\/wp\/v2\/comments?post=5879"}],"wp:featuredmedia":[{"embeddable":true,"href":"https:\/\/disma.ar\/clientes\/wp-json\/wp\/v2\/media\/12316"}],"wp:attachment":[{"href":"https:\/\/disma.ar\/clientes\/wp-json\/wp\/v2\/media?parent=5879"}],"wp:term":[{"taxonomy":"product_brand","embeddable":true,"href":"https:\/\/disma.ar\/clientes\/wp-json\/wp\/v2\/product_brand?post=5879"},{"taxonomy":"product_cat","embeddable":true,"href":"https:\/\/disma.ar\/clientes\/wp-json\/wp\/v2\/product_cat?post=5879"},{"taxonomy":"product_tag","embeddable":true,"href":"https:\/\/disma.ar\/clientes\/wp-json\/wp\/v2\/product_tag?post=5879"}],"curies":[{"name":"wp","href":"https:\/\/api.w.org\/{rel}","templated":true}]}}