{"id":5849,"date":"2025-12-03T09:40:51","date_gmt":"2025-12-03T12:40:51","guid":{"rendered":"https:\/\/disma.ar\/clientes\/?post_type=product&#038;p=5849"},"modified":"2026-02-11T13:24:06","modified_gmt":"2026-02-11T16:24:06","slug":"camara-seguridad-ip-wifi-exterior-lente-3-6mm-2560x1440-infrarrojo-con-fuente","status":"publish","type":"product","link":"https:\/\/disma.ar\/clientes\/producto\/camara-seguridad-ip-wifi-exterior-lente-3-6mm-2560x1440-infrarrojo-con-fuente\/","title":{"rendered":"***   OFERTA   *** CAMARA SEGURIDAD IP WIFI EXTERIOR Lente 3.6mm 2560&#215;1440  INFRARROJO con fuente"},"content":{"rendered":"<p>Especificaciones:<br \/>\nHecho de material ABS de alta calidad, es ligero y duradero de usar.<\/p>\n<p>Puede usar esta c\u00e1mara de seguridad para monitorear su hogar sin punto ciego porque puede realizar una vista panor\u00e1mica de 360 grados.<\/p>\n<p>Puede disfrutar de excelentes funciones como visi\u00f3n nocturna, detecci\u00f3n de movimiento, seguimiento autom\u00e1tico, alarma de aplicaci\u00f3n, audio bidireccional, tarjeta TF \/ almacenamiento en la nube, etc. utilizando esta c\u00e1mara de seguridad.<\/p>\n<p>Es adecuado para exteriores, hogar, oficina, tienda, aula, etc..<\/p>\n<p>La longitud de este producto es de 16 cm, el ancho es de 16 cm y la altura es de 9 cm..<\/p>\n<p>Nombre del art\u00edculo: C\u00e1mara de seguridad A3X<\/p>\n<p>Conexi\u00f3n inal\u00e1mbrica: Protocolo de transmisi\u00f3n 802.11a \/ b \/ n \/ g<\/p>\n<p>Sistema operativo: Incrustado Linux OS<\/p>\n<p>Lente: 3.6 MM<\/p>\n<p>Modo de alarma: mensaje de la aplicaci\u00f3n, alarma de bocina<\/p>\n<p>Salida de audio: 1 x bocina incorporada de 8Ohm 1W<\/p>\n<p>\u00c1ngulo PTZ: 355 grados horizontalmente, 90 grados verticalmente<\/p>\n<p>Salida de v\u00eddeo: 1280 x 720 (pantalla de la aplicaci\u00f3n: 1920 x 1080)<\/p>\n<p>Modelo: A3X<\/p>\n<p>Entrada de audio: micr\u00f3fono incorporado G.711A<\/p>\n<p>Detecci\u00f3n de movimiento: apoyo<\/p>\n<p>APLICACI\u00d3N: Yi Iot<\/p>\n<p>Interfaz de red: puerto de red, adaptaci\u00f3n al puerto Ethernet<\/p>\n<p>Protocolo de red: RTSP \/ FTP \/ PPPOE \/ DHCP \/ DDNS \/ NTP \/ UPnP Protocolo de red,<\/p>\n<p>Protocolo WiFi externo 802.11b \/ g \/ n<\/p>\n<p>Conexi\u00f3n por cable: Protocolo de Internet (TCP \/ IPv4)<\/p>\n<p>Seguimiento m\u00f3vil: Compatible<\/p>\n<p>Monitoreo m\u00f3vil: Soporte de monitoreo m\u00f3vil (para iOS, para Android)<\/p>\n<p>Formato de v\u00eddeo: NTSC<\/p>\n<p>M\u00e9todo de grabaci\u00f3n de video: grabaci\u00f3n de tiempo, grabaci\u00f3n de tiempo, grabaci\u00f3n de alarma<\/p>\n<p>Color: blanco<\/p>\n<p>P\u00edxeles: 1080P<\/p>\n<p>Fuente de alimentaci\u00f3n: DC 12V \/ 1A<\/p>\n<p>Procesamiento de video: codificaci\u00f3n de video H.264<\/p>\n<p>Fuente de alimentaci\u00f3n<\/p>\n<p>Especificaciones: US Plug, EU Plug, UK Plug, AU Plug<\/p>\n<p>Caracter\u00edsticas: Claro, Seguimiento autom\u00e1tico, Vista de 360 grados<\/p>\n<p>Procesador: AK3918EV200<\/p>\n<p>Sensor: 1 mill\u00f3n de cristales fase H63<\/p>\n<p>Modo de conexi\u00f3n: conexi\u00f3n inal\u00e1mbrica, conexi\u00f3n por cable, conexi\u00f3n de punto caliente AP, sin video en red<\/p>\n<p>Material: ABS<\/p>\n<p>Detalles del tama\u00f1o del:<br \/>\n16cm x 16cm x 9cm\/6.3&#8243; x 6.3&#8243; x 3.54&#8243; (Aprox.)<\/p>\n<p>Notas:<br \/>\nDebido a la diferencia de configuraci\u00f3n de la luz y la pantalla, el color del elemento puede diferir ligeramente de las im\u00e1genes. Por favor, permita una ligera diferencia de dimensi\u00f3n debido a la medici\u00f3n manual.<br \/>\nEl paquete incluye:<br \/>\n1 x c\u00e1mara de seguridad<br \/>\n1 x Manual de usuario<br \/>\n1 x alimentaci\u00f3n<br \/>\n1 x Cable de corriente<br \/>\n1 x soporte<br \/>\n2 x tornillos del soporte<\/p>\n","protected":false},"excerpt":{"rendered":"<p>SEISA<\/p>\n","protected":false},"featured_media":13267,"comment_status":"open","ping_status":"closed","template":"","meta":[],"product_brand":[],"product_cat":[394,303],"product_tag":[],"class_list":{"0":"post-5849","1":"product","2":"type-product","3":"status-publish","4":"has-post-thumbnail","6":"product_cat-caja-de-sorpresas","7":"product_cat-camaras-seguridad-y-monitores","9":"first","10":"instock","11":"shipping-taxable","12":"purchasable","13":"product-type-simple"},"_links":{"self":[{"href":"https:\/\/disma.ar\/clientes\/wp-json\/wp\/v2\/product\/5849","targetHints":{"allow":["GET"]}}],"collection":[{"href":"https:\/\/disma.ar\/clientes\/wp-json\/wp\/v2\/product"}],"about":[{"href":"https:\/\/disma.ar\/clientes\/wp-json\/wp\/v2\/types\/product"}],"replies":[{"embeddable":true,"href":"https:\/\/disma.ar\/clientes\/wp-json\/wp\/v2\/comments?post=5849"}],"wp:featuredmedia":[{"embeddable":true,"href":"https:\/\/disma.ar\/clientes\/wp-json\/wp\/v2\/media\/13267"}],"wp:attachment":[{"href":"https:\/\/disma.ar\/clientes\/wp-json\/wp\/v2\/media?parent=5849"}],"wp:term":[{"taxonomy":"product_brand","embeddable":true,"href":"https:\/\/disma.ar\/clientes\/wp-json\/wp\/v2\/product_brand?post=5849"},{"taxonomy":"product_cat","embeddable":true,"href":"https:\/\/disma.ar\/clientes\/wp-json\/wp\/v2\/product_cat?post=5849"},{"taxonomy":"product_tag","embeddable":true,"href":"https:\/\/disma.ar\/clientes\/wp-json\/wp\/v2\/product_tag?post=5849"}],"curies":[{"name":"wp","href":"https:\/\/api.w.org\/{rel}","templated":true}]}}