{"id":5651,"date":"2023-06-28T12:28:51","date_gmt":"2023-06-28T15:28:51","guid":{"rendered":"https:\/\/disma.ar\/clientes\/?post_type=product&#038;p=5651"},"modified":"2026-05-08T09:53:28","modified_gmt":"2026-05-08T12:53:28","slug":"pila-bateria-cr2032-litio-3v-x-unidad-fulltotal","status":"publish","type":"product","link":"https:\/\/disma.ar\/clientes\/producto\/pila-bateria-cr2032-litio-3v-x-unidad-fulltotal\/","title":{"rendered":"BLISTER POR 5 UNIDADES PILA BATERIA CR2032 LITIO 3V FULLTOTAL"},"content":{"rendered":"<p>Esta bater\u00eda CR2032 ofrece una larga vida \u00fatil y descarga constante para mantener tu dispositivo funcionando y ofrecer energ\u00eda cuando lo necesites.<br \/>\nLos equivalentes de bater\u00eda CR2032 tambi\u00e9n se refieren a 210 y DL2032.<\/p>\n<p>Esta es una opci\u00f3n viable para todos los reemplazos de bater\u00eda CR2032.<\/p>\n","protected":false},"excerpt":{"rendered":"<p>FULLTOTAL<\/p>\n","protected":false},"featured_media":10515,"comment_status":"open","ping_status":"closed","template":"","meta":[],"product_brand":[],"product_cat":[289],"product_tag":[],"class_list":{"0":"post-5651","1":"product","2":"type-product","3":"status-publish","4":"has-post-thumbnail","6":"product_cat-pilas-especiales-relojeria-audiologia","8":"first","9":"instock","10":"shipping-taxable","11":"purchasable","12":"product-type-simple"},"_links":{"self":[{"href":"https:\/\/disma.ar\/clientes\/wp-json\/wp\/v2\/product\/5651","targetHints":{"allow":["GET"]}}],"collection":[{"href":"https:\/\/disma.ar\/clientes\/wp-json\/wp\/v2\/product"}],"about":[{"href":"https:\/\/disma.ar\/clientes\/wp-json\/wp\/v2\/types\/product"}],"replies":[{"embeddable":true,"href":"https:\/\/disma.ar\/clientes\/wp-json\/wp\/v2\/comments?post=5651"}],"wp:featuredmedia":[{"embeddable":true,"href":"https:\/\/disma.ar\/clientes\/wp-json\/wp\/v2\/media\/10515"}],"wp:attachment":[{"href":"https:\/\/disma.ar\/clientes\/wp-json\/wp\/v2\/media?parent=5651"}],"wp:term":[{"taxonomy":"product_brand","embeddable":true,"href":"https:\/\/disma.ar\/clientes\/wp-json\/wp\/v2\/product_brand?post=5651"},{"taxonomy":"product_cat","embeddable":true,"href":"https:\/\/disma.ar\/clientes\/wp-json\/wp\/v2\/product_cat?post=5651"},{"taxonomy":"product_tag","embeddable":true,"href":"https:\/\/disma.ar\/clientes\/wp-json\/wp\/v2\/product_tag?post=5651"}],"curies":[{"name":"wp","href":"https:\/\/api.w.org\/{rel}","templated":true}]}}