{"id":5503,"date":"2025-10-07T16:09:56","date_gmt":"2025-10-07T19:09:56","guid":{"rendered":"https:\/\/disma.ar\/clientes\/?post_type=product&#038;p=5503"},"modified":"2026-02-11T13:22:04","modified_gmt":"2026-02-11T16:22:04","slug":"maquina-corta-pelo-patillera-profesional-premium","status":"publish","type":"product","link":"https:\/\/disma.ar\/clientes\/producto\/maquina-corta-pelo-patillera-profesional-premium\/","title":{"rendered":"***   OFERTA   *** M\u00c1QUINA CORTA PELO CORTADORA DE CABELLO Patillera Profesional Premium"},"content":{"rendered":"<p>Patillera de uso profesional con cuchilla de acero inoxidable en forma de T y bater\u00eda de litio de 1200 mAh.<br \/>\nDise\u00f1o ergon\u00f3mico de metal espec\u00edficamente dise\u00f1ado para barber\u00eda y peluquer\u00eda profesional.<br \/>\nTrabaja con bater\u00edas internas de litio de gran duraci\u00f3n. Su carga mediante cable USB permite que las bater\u00edas no se sobre recarguen cuidando as\u00ed su correcto desempe\u00f1o.<br \/>\nSu cuchilla fabricada en acero inoxidable al carbono brindan un corte prolijo y preciso.<br \/>\nCarcaza de acero inoxidable.<\/p>\n<p>Tiempo de carga: 3 horas<br \/>\nAutonom\u00eda de trabajo: 120 minutos<\/p>\n<p>INCLUYE:<br \/>\n&#8211; Cepillo de limpieza<br \/>\n&#8211; Aceite lubricante<br \/>\n&#8211; Manual de uso<br \/>\n&#8211; Cargador a USB y medidas de corte<\/p>\n","protected":false},"excerpt":{"rendered":"<p>TRIMMER<\/p>\n","protected":false},"featured_media":13120,"comment_status":"open","ping_status":"closed","template":"","meta":[],"product_brand":[],"product_cat":[394,360],"product_tag":[],"class_list":{"0":"post-5503","1":"product","2":"type-product","3":"status-publish","4":"has-post-thumbnail","6":"product_cat-caja-de-sorpresas","7":"product_cat-electro-y-bazar","9":"first","10":"instock","11":"shipping-taxable","12":"purchasable","13":"product-type-simple"},"_links":{"self":[{"href":"https:\/\/disma.ar\/clientes\/wp-json\/wp\/v2\/product\/5503","targetHints":{"allow":["GET"]}}],"collection":[{"href":"https:\/\/disma.ar\/clientes\/wp-json\/wp\/v2\/product"}],"about":[{"href":"https:\/\/disma.ar\/clientes\/wp-json\/wp\/v2\/types\/product"}],"replies":[{"embeddable":true,"href":"https:\/\/disma.ar\/clientes\/wp-json\/wp\/v2\/comments?post=5503"}],"wp:featuredmedia":[{"embeddable":true,"href":"https:\/\/disma.ar\/clientes\/wp-json\/wp\/v2\/media\/13120"}],"wp:attachment":[{"href":"https:\/\/disma.ar\/clientes\/wp-json\/wp\/v2\/media?parent=5503"}],"wp:term":[{"taxonomy":"product_brand","embeddable":true,"href":"https:\/\/disma.ar\/clientes\/wp-json\/wp\/v2\/product_brand?post=5503"},{"taxonomy":"product_cat","embeddable":true,"href":"https:\/\/disma.ar\/clientes\/wp-json\/wp\/v2\/product_cat?post=5503"},{"taxonomy":"product_tag","embeddable":true,"href":"https:\/\/disma.ar\/clientes\/wp-json\/wp\/v2\/product_tag?post=5503"}],"curies":[{"name":"wp","href":"https:\/\/api.w.org\/{rel}","templated":true}]}}