{"id":5489,"date":"2026-04-20T08:02:14","date_gmt":"2026-04-20T11:02:14","guid":{"rendered":"https:\/\/disma.ar\/clientes\/?post_type=product&#038;p=5489"},"modified":"2026-04-20T12:57:18","modified_gmt":"2026-04-20T15:57:18","slug":"balanza-digital-de-10-kg-inova-bal-008","status":"publish","type":"product","link":"https:\/\/disma.ar\/clientes\/producto\/balanza-digital-de-10-kg-inova-bal-008\/","title":{"rendered":"BALANZA COCINA DIGITAL 0,1 A 10 KILOS SF-400KA MODO TARA SHIRKA"},"content":{"rendered":"<p>Balanza digital compacta de 10 Kg. Balanza digital para cocinas, industiras, laboratorios y oficinas. Rango de medici\u00f3n: 0 a 10 Kg. Resoluci\u00f3n: 1 Grs. Dos unidades de medici\u00f3n: Grs. y Oz. Indicaci\u00f3n de bateria baja. Display de LCD de 4 digitos. Alimentaci\u00f3n: 2 baterias AA de 1,5V.(NO INCLUIDAS)<\/p>\n","protected":false},"excerpt":{"rendered":"<p>Balanza digital compacta de 10 Kg. Balanza digital para cocinas, industiras, laboratorios y oficinas. Rango de medici\u00f3n: 0 a 10 Kg. Resoluci\u00f3n: 1 Grs. Dos unidades de medici\u00f3n: Grs. y Oz. Indicaci\u00f3n de bateria baja. Display de LCD de 4 digitos. Alimentaci\u00f3n: 2 baterias AA de 1,5V.(NO INCLUIDAS)<\/p>\n","protected":false},"featured_media":18002,"comment_status":"open","ping_status":"closed","template":"","meta":[],"product_brand":[],"product_cat":[360],"product_tag":[],"class_list":{"0":"post-5489","1":"product","2":"type-product","3":"status-publish","4":"has-post-thumbnail","6":"product_cat-electro-y-bazar","8":"first","9":"instock","10":"shipping-taxable","11":"purchasable","12":"product-type-simple"},"_links":{"self":[{"href":"https:\/\/disma.ar\/clientes\/wp-json\/wp\/v2\/product\/5489","targetHints":{"allow":["GET"]}}],"collection":[{"href":"https:\/\/disma.ar\/clientes\/wp-json\/wp\/v2\/product"}],"about":[{"href":"https:\/\/disma.ar\/clientes\/wp-json\/wp\/v2\/types\/product"}],"replies":[{"embeddable":true,"href":"https:\/\/disma.ar\/clientes\/wp-json\/wp\/v2\/comments?post=5489"}],"wp:featuredmedia":[{"embeddable":true,"href":"https:\/\/disma.ar\/clientes\/wp-json\/wp\/v2\/media\/18002"}],"wp:attachment":[{"href":"https:\/\/disma.ar\/clientes\/wp-json\/wp\/v2\/media?parent=5489"}],"wp:term":[{"taxonomy":"product_brand","embeddable":true,"href":"https:\/\/disma.ar\/clientes\/wp-json\/wp\/v2\/product_brand?post=5489"},{"taxonomy":"product_cat","embeddable":true,"href":"https:\/\/disma.ar\/clientes\/wp-json\/wp\/v2\/product_cat?post=5489"},{"taxonomy":"product_tag","embeddable":true,"href":"https:\/\/disma.ar\/clientes\/wp-json\/wp\/v2\/product_tag?post=5489"}],"curies":[{"name":"wp","href":"https:\/\/api.w.org\/{rel}","templated":true}]}}