{"id":5308,"date":"2026-02-18T08:23:07","date_gmt":"2026-02-18T11:23:07","guid":{"rendered":"https:\/\/disma.ar\/clientes\/?post_type=product&#038;p=5308"},"modified":"2026-03-27T12:37:47","modified_gmt":"2026-03-27T15:37:47","slug":"calculadora-cientifica-dexin-bst-kk-82ms-d","status":"publish","type":"product","link":"https:\/\/disma.ar\/clientes\/producto\/calculadora-cientifica-dexin-bst-kk-82ms-d\/","title":{"rendered":"CALCULADORA CIENT\u00cdFICA 240 FUNCIONES 12 DIGITOS FRACCIONES PILA AAA KARUIDA KK-82MS-D"},"content":{"rendered":"<pre id=\"tw-target-text\" class=\"tw-data-text tw-text-large tw-ta\" dir=\"ltr\" data-placeholder=\"Traducci\u00f3n\"><span class=\"Y2IQFc\" lang=\"es\">Calculadora cient\u00edfica para todos los campos\r\nLa calculadora cient\u00edfica o cient\u00edfica es muy \u00fatil en varios campos como la ingenier\u00eda civil, la electr\u00f3nica, la arquitectura o las matem\u00e1ticas. Hay m\u00e1s botones que se pueden usar que una calculadora en general.\r\n\r\nTiene 240 funciones de c\u00e1lculo\r\nHay 240 funciones de c\u00e1lculo cient\u00edfico y nominal que pueden ayudarlo a completar el trabajo de c\u00e1lculo de manera m\u00e1s f\u00e1cil y precisa.\r\n\r\nN\u00fameros de 10 d\u00edgitos y 2 s\u00edmbolos\r\nNo termina ah\u00ed, otra ventaja que ofrece es poder mostrar n\u00fameros de 10 d\u00edgitos y 2 s\u00edmbolos adicionales que aparecer\u00e1n en la pantalla. Esto es para ayudarlo a calcular con n\u00fameros grandes.\r\n\r\nUso de la energ\u00eda de la bater\u00eda\r\nAlimentado por dos bater\u00edas AG10 para que esta calculadora funcione de manera \u00f3ptima. Este tipo de bater\u00eda se puede encontrar f\u00e1cilmente en el mercado.\r\n\r\nIntegridad del producto\r\nLos detalles que obtienes al comprar este producto:\r\n\r\n1 x calculadora cient\u00edfica calculadora electr\u00f3nica DEXIN - KK-82MS-B\r\n2 pilas AG10\r\n1 gu\u00eda de uso.<\/span><\/pre>\n","protected":false},"excerpt":{"rendered":"<p>Kenko<\/p>\n","protected":false},"featured_media":19561,"comment_status":"open","ping_status":"closed","template":"","meta":[],"product_brand":[],"product_cat":[41,42],"product_tag":[],"class_list":{"0":"post-5308","1":"product","2":"type-product","3":"status-publish","4":"has-post-thumbnail","6":"product_cat-calculadoras","7":"product_cat-calculadoras-cientificas","9":"first","10":"instock","11":"shipping-taxable","12":"purchasable","13":"product-type-simple"},"_links":{"self":[{"href":"https:\/\/disma.ar\/clientes\/wp-json\/wp\/v2\/product\/5308","targetHints":{"allow":["GET"]}}],"collection":[{"href":"https:\/\/disma.ar\/clientes\/wp-json\/wp\/v2\/product"}],"about":[{"href":"https:\/\/disma.ar\/clientes\/wp-json\/wp\/v2\/types\/product"}],"replies":[{"embeddable":true,"href":"https:\/\/disma.ar\/clientes\/wp-json\/wp\/v2\/comments?post=5308"}],"wp:featuredmedia":[{"embeddable":true,"href":"https:\/\/disma.ar\/clientes\/wp-json\/wp\/v2\/media\/19561"}],"wp:attachment":[{"href":"https:\/\/disma.ar\/clientes\/wp-json\/wp\/v2\/media?parent=5308"}],"wp:term":[{"taxonomy":"product_brand","embeddable":true,"href":"https:\/\/disma.ar\/clientes\/wp-json\/wp\/v2\/product_brand?post=5308"},{"taxonomy":"product_cat","embeddable":true,"href":"https:\/\/disma.ar\/clientes\/wp-json\/wp\/v2\/product_cat?post=5308"},{"taxonomy":"product_tag","embeddable":true,"href":"https:\/\/disma.ar\/clientes\/wp-json\/wp\/v2\/product_tag?post=5308"}],"curies":[{"name":"wp","href":"https:\/\/api.w.org\/{rel}","templated":true}]}}