{"id":5228,"date":"2023-05-23T13:10:06","date_gmt":"2023-05-23T16:10:06","guid":{"rendered":"https:\/\/disma.ar\/clientes\/?post_type=product&#038;p=5228"},"modified":"2026-02-11T13:22:04","modified_gmt":"2026-02-11T16:22:04","slug":"teclado-numerico-dinax-dx-tecn34","status":"publish","type":"product","link":"https:\/\/disma.ar\/clientes\/producto\/teclado-numerico-dinax-dx-tecn34\/","title":{"rendered":"TECLADO NUMERICO DINAX DX-TECN34"},"content":{"rendered":"<p>TECLADO NUMERICO DINAX LIVIANO, COMPACTO Y PORTABLE<\/p>\n<p>&#8211; Este teclado Dinax es el mejor complemento para hacer todo tipo de actividades. Es c\u00f3modo y pr\u00e1ctico al momento de redactar documentos, navegar y hacer b\u00fasquedas por internet, ya sea en tu trabajo o en la comodidad del hogar.<\/p>\n<p>&#8211; Enchufar y usar: no requiere controladores; requiere puerto USB<\/p>\n<p>&#8211; Ideal para usuarios de port\u00e1tiles que siempre trabajan con teclas num\u00e9ricas, mini teclado digital<\/p>\n","protected":false},"excerpt":{"rendered":"<p>DINAX<\/p>\n","protected":false},"featured_media":0,"comment_status":"open","ping_status":"closed","template":"","meta":[],"product_brand":[],"product_cat":[84],"product_tag":[],"class_list":{"0":"post-5228","1":"product","2":"type-product","3":"status-publish","5":"product_cat-teclados-pc","7":"first","8":"outofstock","9":"shipping-taxable","10":"purchasable","11":"product-type-simple"},"_links":{"self":[{"href":"https:\/\/disma.ar\/clientes\/wp-json\/wp\/v2\/product\/5228","targetHints":{"allow":["GET"]}}],"collection":[{"href":"https:\/\/disma.ar\/clientes\/wp-json\/wp\/v2\/product"}],"about":[{"href":"https:\/\/disma.ar\/clientes\/wp-json\/wp\/v2\/types\/product"}],"replies":[{"embeddable":true,"href":"https:\/\/disma.ar\/clientes\/wp-json\/wp\/v2\/comments?post=5228"}],"wp:attachment":[{"href":"https:\/\/disma.ar\/clientes\/wp-json\/wp\/v2\/media?parent=5228"}],"wp:term":[{"taxonomy":"product_brand","embeddable":true,"href":"https:\/\/disma.ar\/clientes\/wp-json\/wp\/v2\/product_brand?post=5228"},{"taxonomy":"product_cat","embeddable":true,"href":"https:\/\/disma.ar\/clientes\/wp-json\/wp\/v2\/product_cat?post=5228"},{"taxonomy":"product_tag","embeddable":true,"href":"https:\/\/disma.ar\/clientes\/wp-json\/wp\/v2\/product_tag?post=5228"}],"curies":[{"name":"wp","href":"https:\/\/api.w.org\/{rel}","templated":true}]}}