{"id":5139,"date":"2023-05-18T12:10:04","date_gmt":"2023-05-18T15:10:04","guid":{"rendered":"https:\/\/disma.ar\/clientes\/?post_type=product&#038;p=5139"},"modified":"2026-02-11T13:40:02","modified_gmt":"2026-02-11T16:40:02","slug":"mouse-philips-m211-inalambrico","status":"publish","type":"product","link":"https:\/\/disma.ar\/clientes\/producto\/mouse-philips-m211-inalambrico\/","title":{"rendered":"Mouse Philips M211 Inalambrico"},"content":{"rendered":"<p>\u2022 Descripci\u00f3n del producto:<\/p>\n<p>Para trabajar desde casa con la computadora o aprovechar los momentos de ocio, necesit\u00e1s comodidad y facilidad de movimiento. Con tu Philips M211 encontr\u00e1 eso que busc\u00e1s en un solo aparato con la mejor tecnolog\u00eda.<\/p>\n<p>Adaptado a tus movimientos<br \/>\nSu dise\u00f1o eficaz hace de este mouse un elemento c\u00f3modo, con una gran experiencia de uso para aquellas personas que buscan seguridad en cada click.<\/p>\n<p>La funcionalidad al alcance de tu mano<br \/>\nEl sistema de detecci\u00f3n de movimiento \u00f3ptico te permitir\u00e1 mover el cursor de una manera m\u00e1s precisa y sensible que en los sistemas tradicionales.<\/p>\n","protected":false},"excerpt":{"rendered":"<p>PHILIPS<\/p>\n","protected":false},"featured_media":0,"comment_status":"open","ping_status":"closed","template":"","meta":[],"product_brand":[],"product_cat":[318],"product_tag":[],"class_list":{"0":"post-5139","1":"product","2":"type-product","3":"status-publish","5":"product_cat-mouses-inalambricos","7":"first","8":"outofstock","9":"shipping-taxable","10":"purchasable","11":"product-type-simple"},"_links":{"self":[{"href":"https:\/\/disma.ar\/clientes\/wp-json\/wp\/v2\/product\/5139","targetHints":{"allow":["GET"]}}],"collection":[{"href":"https:\/\/disma.ar\/clientes\/wp-json\/wp\/v2\/product"}],"about":[{"href":"https:\/\/disma.ar\/clientes\/wp-json\/wp\/v2\/types\/product"}],"replies":[{"embeddable":true,"href":"https:\/\/disma.ar\/clientes\/wp-json\/wp\/v2\/comments?post=5139"}],"wp:attachment":[{"href":"https:\/\/disma.ar\/clientes\/wp-json\/wp\/v2\/media?parent=5139"}],"wp:term":[{"taxonomy":"product_brand","embeddable":true,"href":"https:\/\/disma.ar\/clientes\/wp-json\/wp\/v2\/product_brand?post=5139"},{"taxonomy":"product_cat","embeddable":true,"href":"https:\/\/disma.ar\/clientes\/wp-json\/wp\/v2\/product_cat?post=5139"},{"taxonomy":"product_tag","embeddable":true,"href":"https:\/\/disma.ar\/clientes\/wp-json\/wp\/v2\/product_tag?post=5139"}],"curies":[{"name":"wp","href":"https:\/\/api.w.org\/{rel}","templated":true}]}}