{"id":4923,"date":"2023-05-02T12:49:17","date_gmt":"2023-05-02T15:49:17","guid":{"rendered":"https:\/\/disma.ar\/clientes\/?post_type=product&#038;p=4923"},"modified":"2026-02-11T13:42:03","modified_gmt":"2026-02-11T16:42:03","slug":"teclado-gamer-mecanico-60-pc-rgb-noga-ganon-60-switch-blue-ln-1018","status":"publish","type":"product","link":"https:\/\/disma.ar\/clientes\/producto\/teclado-gamer-mecanico-60-pc-rgb-noga-ganon-60-switch-blue-ln-1018\/","title":{"rendered":"TECLADO GAMER MECANICO 60% Pc RGB Noga Ganon 60% Switch Blue LN-1018"},"content":{"rendered":"<h2 class=\"ui-pdp-description__title\">Descripci\u00f3n<\/h2>\n<p class=\"ui-pdp-description__content\">Este teclado Noga es el mejor complemento para hacer todo tipo de actividades. Es c\u00f3modo y pr\u00e1ctico al momento de redactar documentos, navegar y hacer b\u00fasquedas por internet, ya sea en tu trabajo o en la comodidad del hogar.<\/p>\n<p>Distinci\u00f3n a todo color<br \/>\nSu retroiluminaci\u00f3n le da un toque diferente a tu equipo y resalta su composici\u00f3n cuando es utilizado en espacios poco iluminados.<\/p>\n","protected":false},"excerpt":{"rendered":"<p>NOGA<\/p>\n","protected":false},"featured_media":16969,"comment_status":"open","ping_status":"closed","template":"","meta":[],"product_brand":[],"product_cat":[84],"product_tag":[],"class_list":{"0":"post-4923","1":"product","2":"type-product","3":"status-publish","4":"has-post-thumbnail","6":"product_cat-teclados-pc","8":"first","9":"outofstock","10":"shipping-taxable","11":"purchasable","12":"product-type-simple"},"_links":{"self":[{"href":"https:\/\/disma.ar\/clientes\/wp-json\/wp\/v2\/product\/4923","targetHints":{"allow":["GET"]}}],"collection":[{"href":"https:\/\/disma.ar\/clientes\/wp-json\/wp\/v2\/product"}],"about":[{"href":"https:\/\/disma.ar\/clientes\/wp-json\/wp\/v2\/types\/product"}],"replies":[{"embeddable":true,"href":"https:\/\/disma.ar\/clientes\/wp-json\/wp\/v2\/comments?post=4923"}],"wp:featuredmedia":[{"embeddable":true,"href":"https:\/\/disma.ar\/clientes\/wp-json\/wp\/v2\/media\/16969"}],"wp:attachment":[{"href":"https:\/\/disma.ar\/clientes\/wp-json\/wp\/v2\/media?parent=4923"}],"wp:term":[{"taxonomy":"product_brand","embeddable":true,"href":"https:\/\/disma.ar\/clientes\/wp-json\/wp\/v2\/product_brand?post=4923"},{"taxonomy":"product_cat","embeddable":true,"href":"https:\/\/disma.ar\/clientes\/wp-json\/wp\/v2\/product_cat?post=4923"},{"taxonomy":"product_tag","embeddable":true,"href":"https:\/\/disma.ar\/clientes\/wp-json\/wp\/v2\/product_tag?post=4923"}],"curies":[{"name":"wp","href":"https:\/\/api.w.org\/{rel}","templated":true}]}}