{"id":4908,"date":"2025-01-12T11:04:06","date_gmt":"2025-01-12T14:04:06","guid":{"rendered":"https:\/\/disma.ar\/clientes\/?post_type=product&#038;p=4908"},"modified":"2026-04-30T10:30:42","modified_gmt":"2026-04-30T13:30:42","slug":"pad-mouse-con-gel-apoya-muneca-antideslizante-pc-notebook","status":"publish","type":"product","link":"https:\/\/disma.ar\/clientes\/producto\/pad-mouse-con-gel-apoya-muneca-antideslizante-pc-notebook\/","title":{"rendered":"PAD MOUSE CON GEL APOYA MU\u00d1ECA INT.CO PREMIUM NEGRO"},"content":{"rendered":"<p>Mouse pad con apoya mu\u00f1eca de gel.<br \/>\nEst\u00e1 ergon\u00f3micamente dise\u00f1ado para una m\u00e1s natural posici\u00f3n del brazo y de la mano, previniendo cansancio o lesiones en el t\u00fanel carpiano.<\/p>\n","protected":false},"excerpt":{"rendered":"<p>INT.CO<\/p>\n","protected":false},"featured_media":17348,"comment_status":"open","ping_status":"closed","template":"","meta":[],"product_brand":[],"product_cat":[319],"product_tag":[],"class_list":{"0":"post-4908","1":"product","2":"type-product","3":"status-publish","4":"has-post-thumbnail","6":"product_cat-pad-p-mouse","8":"first","9":"instock","10":"shipping-taxable","11":"purchasable","12":"product-type-simple"},"_links":{"self":[{"href":"https:\/\/disma.ar\/clientes\/wp-json\/wp\/v2\/product\/4908","targetHints":{"allow":["GET"]}}],"collection":[{"href":"https:\/\/disma.ar\/clientes\/wp-json\/wp\/v2\/product"}],"about":[{"href":"https:\/\/disma.ar\/clientes\/wp-json\/wp\/v2\/types\/product"}],"replies":[{"embeddable":true,"href":"https:\/\/disma.ar\/clientes\/wp-json\/wp\/v2\/comments?post=4908"}],"wp:featuredmedia":[{"embeddable":true,"href":"https:\/\/disma.ar\/clientes\/wp-json\/wp\/v2\/media\/17348"}],"wp:attachment":[{"href":"https:\/\/disma.ar\/clientes\/wp-json\/wp\/v2\/media?parent=4908"}],"wp:term":[{"taxonomy":"product_brand","embeddable":true,"href":"https:\/\/disma.ar\/clientes\/wp-json\/wp\/v2\/product_brand?post=4908"},{"taxonomy":"product_cat","embeddable":true,"href":"https:\/\/disma.ar\/clientes\/wp-json\/wp\/v2\/product_cat?post=4908"},{"taxonomy":"product_tag","embeddable":true,"href":"https:\/\/disma.ar\/clientes\/wp-json\/wp\/v2\/product_tag?post=4908"}],"curies":[{"name":"wp","href":"https:\/\/api.w.org\/{rel}","templated":true}]}}