{"id":4869,"date":"2023-04-26T15:56:26","date_gmt":"2023-04-26T18:56:26","guid":{"rendered":"https:\/\/disma.ar\/clientes\/?post_type=product&#038;p=4869"},"modified":"2026-04-30T10:30:37","modified_gmt":"2026-04-30T13:30:37","slug":"adaptador-micro-macho-a-usb-macho-2-0-otg-lector-de-memoria-seisa-2","status":"publish","type":"product","link":"https:\/\/disma.ar\/clientes\/producto\/adaptador-micro-macho-a-usb-macho-2-0-otg-lector-de-memoria-seisa-2\/","title":{"rendered":"LECTOR DE MEMORIA ADAPTADOR OTG MICRO USB MACHO A USB MACHO 2.0 OTG + LECTOR DE MEMORIA SEISA V8"},"content":{"rendered":"<p><strong>LECTOR DE MEMORIA OTG<\/strong><\/p>\n<p>El compacto lector de tarjetas OTG combina Micro USB y USB 2.0 est\u00e1ndar, TF\/conectores Micro SD para compartir archivos entre diferentes dispositivos como tel\u00e9fonos m\u00f3viles, tabletas y ordenadores, es una herramienta muy \u00fatil para compartir y el respaldo de datos en su vida m\u00f3vil.<\/p>\n<p>Simple, sin complicaciones capless, girar girar Dise\u00f1o: El clip gira 360\u00b0 alrededor del cuerpo El capless puede evitar lossing dise\u00f1o de tapa, y proporcionar una protecci\u00f3n eficaz en el puerto USB.<\/p>\n<p>No es necesario instalar ning\u00fan software, un simple enchufe en el puerto USB del ordenador u otros dispositivos y usarlo!<\/p>\n<p>Especificaci\u00f3n:<\/p>\n<ul>\n<li>Material: Pl\u00e1stico<\/li>\n<li>Tama\u00f1o: 3.5*1.1*0.8cm<\/li>\n<li>Interfaz USB: USB 2.0 Micro USB\/.<\/li>\n<li>Soporte: TF\/Tarjeta Micro SD<\/li>\n<li>La ranura Micro SD\/TF:<\/li>\n<li>Peso: 3g<\/li>\n<\/ul>\n<p>La unidad flash USB es compatible para Windows 98 Second Edition\/NT\/ME\/2000\/XP\/7\/8.1\/10.<br \/>\nCompatible con PC\/Notebooks y Smartphones compatibles con OTG<br \/>\nAtencion los celulares deben ser compatibles con el sistema OTG. en tal podes probarlo en el local si tenes alguna duda de compatibilidad.<\/p>\n","protected":false},"excerpt":{"rendered":"<p>SEISA<\/p>\n","protected":false},"featured_media":13082,"comment_status":"open","ping_status":"closed","template":"","meta":[],"product_brand":[],"product_cat":[46],"product_tag":[],"class_list":{"0":"post-4869","1":"product","2":"type-product","3":"status-publish","4":"has-post-thumbnail","6":"product_cat-conectores-computacion","8":"first","9":"instock","10":"shipping-taxable","11":"purchasable","12":"product-type-simple"},"_links":{"self":[{"href":"https:\/\/disma.ar\/clientes\/wp-json\/wp\/v2\/product\/4869","targetHints":{"allow":["GET"]}}],"collection":[{"href":"https:\/\/disma.ar\/clientes\/wp-json\/wp\/v2\/product"}],"about":[{"href":"https:\/\/disma.ar\/clientes\/wp-json\/wp\/v2\/types\/product"}],"replies":[{"embeddable":true,"href":"https:\/\/disma.ar\/clientes\/wp-json\/wp\/v2\/comments?post=4869"}],"wp:featuredmedia":[{"embeddable":true,"href":"https:\/\/disma.ar\/clientes\/wp-json\/wp\/v2\/media\/13082"}],"wp:attachment":[{"href":"https:\/\/disma.ar\/clientes\/wp-json\/wp\/v2\/media?parent=4869"}],"wp:term":[{"taxonomy":"product_brand","embeddable":true,"href":"https:\/\/disma.ar\/clientes\/wp-json\/wp\/v2\/product_brand?post=4869"},{"taxonomy":"product_cat","embeddable":true,"href":"https:\/\/disma.ar\/clientes\/wp-json\/wp\/v2\/product_cat?post=4869"},{"taxonomy":"product_tag","embeddable":true,"href":"https:\/\/disma.ar\/clientes\/wp-json\/wp\/v2\/product_tag?post=4869"}],"curies":[{"name":"wp","href":"https:\/\/api.w.org\/{rel}","templated":true}]}}