{"id":4780,"date":"2023-04-17T12:25:36","date_gmt":"2023-04-17T15:25:36","guid":{"rendered":"https:\/\/disma.ar\/clientes\/?post_type=product&#038;p=4780"},"modified":"2026-04-30T10:30:53","modified_gmt":"2026-04-30T13:30:53","slug":"cable-adaptador-sata-ide-con-fuente-st-2023-seisa","status":"publish","type":"product","link":"https:\/\/disma.ar\/clientes\/producto\/cable-adaptador-sata-ide-con-fuente-st-2023-seisa\/","title":{"rendered":"CABLE ADAPTADOR SATA IDE CON FUENTE ST-2023 SEISA"},"content":{"rendered":"<p>Adaptador Ide Sata Usb Discos seisa st-2023 2.0<\/p>\n<p>Los adaptadores de USB para dispositivos IDE Y SATA son de lo mas \u00fatiles. Si se encuentra en la necesidad de contar con decenas de Gigabytes de almacenamiento que puede movilizar entre la computadora de la casa, la oficina, la del amigo o inclusive la port\u00e1til, y asumiendo que \u00e9stas y sus sistemas operativos son relativamente nuevos para no necesitar de instaladores, entonces este tipo de adaptadores es el que a usted le conviene.<br \/>\nLos adaptadores de USB tambi\u00e9n le permitir\u00e1n convertir un disco duro antiguo de capacidad media (20Gbs o menos) b\u00e1sicamente sin valor, en una unidad transportable en lugar de otras alternativas m\u00e1s caras como las memorias flash o los discos de notebook. Son un poco m\u00e1s voluminosos considerando el adaptador de corriente, pero el abismo entre su precio y el de las otras alternativas los hacen preferibles.<br \/>\nY en estos d\u00edas, los adaptadores de USB para dispositivos ATA,SATA son tambi\u00e9n \u00fatiles para trabajar con lectoras y grabadoras de CDs y DVDs.<br \/>\nCARACTERISTICAS:<br \/>\nIdeal para HDD IDE, SATA de 3.5&#8243; y HDD de 2.5&#8243;<br \/>\nCompatible con los est\u00e1ndares USB 2.0<br \/>\nCompatible con Windows 10, Windows 98SE, Windows 2000, Windows ME, Windows XP, VISTA, SEVEN y Mac OS. LINUX<br \/>\nVelocidad de transferencia hasta de 480 Mbps.<br \/>\nFuente de energ\u00eda auto-voltaje de alta calidad.<br \/>\nACCESORIOS INCLUIDOS:<br \/>\nCable adaptador USB a ATA (IDE) o SATA.<br \/>\nFuente de energ\u00eda CON CONECTOR MOLEX<br \/>\nCable de energ\u00eda.<br \/>\nCables sata data y sata power<\/p>\n","protected":false},"excerpt":{"rendered":"<p>SEISA<\/p>\n","protected":false},"featured_media":13383,"comment_status":"open","ping_status":"closed","template":"","meta":[],"product_brand":[],"product_cat":[363],"product_tag":[],"class_list":{"0":"post-4780","1":"product","2":"type-product","3":"status-publish","4":"has-post-thumbnail","6":"product_cat-baterias-cables-plaquetas","8":"first","9":"outofstock","10":"shipping-taxable","11":"purchasable","12":"product-type-simple"},"_links":{"self":[{"href":"https:\/\/disma.ar\/clientes\/wp-json\/wp\/v2\/product\/4780","targetHints":{"allow":["GET"]}}],"collection":[{"href":"https:\/\/disma.ar\/clientes\/wp-json\/wp\/v2\/product"}],"about":[{"href":"https:\/\/disma.ar\/clientes\/wp-json\/wp\/v2\/types\/product"}],"replies":[{"embeddable":true,"href":"https:\/\/disma.ar\/clientes\/wp-json\/wp\/v2\/comments?post=4780"}],"wp:featuredmedia":[{"embeddable":true,"href":"https:\/\/disma.ar\/clientes\/wp-json\/wp\/v2\/media\/13383"}],"wp:attachment":[{"href":"https:\/\/disma.ar\/clientes\/wp-json\/wp\/v2\/media?parent=4780"}],"wp:term":[{"taxonomy":"product_brand","embeddable":true,"href":"https:\/\/disma.ar\/clientes\/wp-json\/wp\/v2\/product_brand?post=4780"},{"taxonomy":"product_cat","embeddable":true,"href":"https:\/\/disma.ar\/clientes\/wp-json\/wp\/v2\/product_cat?post=4780"},{"taxonomy":"product_tag","embeddable":true,"href":"https:\/\/disma.ar\/clientes\/wp-json\/wp\/v2\/product_tag?post=4780"}],"curies":[{"name":"wp","href":"https:\/\/api.w.org\/{rel}","templated":true}]}}