{"id":478,"date":"2025-12-03T12:30:34","date_gmt":"2025-12-03T15:30:34","guid":{"rendered":"https:\/\/disma.ar\/clientes\/producto\/extensor-de-rango-wi-fi-tp-link-ac750-re200-doble-banda-backup-300mbps433mbps\/"},"modified":"2026-04-08T09:51:51","modified_gmt":"2026-04-08T12:51:51","slug":"extensor-de-rango-wi-fi-tp-link-ac750-re200-doble-banda-backup-300mbps433mbps","status":"publish","type":"product","link":"https:\/\/disma.ar\/clientes\/producto\/extensor-de-rango-wi-fi-tp-link-ac750-re200-doble-banda-backup-300mbps433mbps\/","title":{"rendered":"EXTENSOR DE RANGO REPETIDOR DE WI FI TP-LINK AC750 RE200 DOBLE BANDA BACKUP 300MBPS+433MBPS"},"content":{"rendered":"<div class=\"box title\">\n<h1>Extensor de Rango Wi-Fi AC750<\/h1>\n<\/div>\n<div class=\"box highlights\">\n<ul>\n<li>Aumenta la se\u00f1al inal\u00e1mbrica a \u00e1reas previamente inalcanzables o dif\u00edciles de cablear sin problemas<\/li>\n<li>Compatible con dispositivos Wi-Fi 802.11 b \/ g \/ ny 802.11ac<\/li>\n<li>Velocidades de doble banda de hasta 750 Mbps<\/li>\n<li>El tama\u00f1o en miniatura y el dise\u00f1o montado en la pared facilitan el despliegue y el movimiento de forma flexible<\/li>\n<li>El puerto Ethernet permite que el extensor funcione como un adaptador inal\u00e1mbrico para conectar dispositivos cableados<\/li>\n<\/ul>\n<\/div>\n","protected":false},"excerpt":{"rendered":"<p>TP-LINK<\/p>\n","protected":false},"featured_media":15199,"comment_status":"open","ping_status":"closed","template":"","meta":[],"product_brand":[],"product_cat":[179],"product_tag":[],"class_list":{"0":"post-478","1":"product","2":"type-product","3":"status-publish","4":"has-post-thumbnail","6":"product_cat-acces-point","8":"first","9":"outofstock","10":"shipping-taxable","11":"purchasable","12":"product-type-simple"},"_links":{"self":[{"href":"https:\/\/disma.ar\/clientes\/wp-json\/wp\/v2\/product\/478","targetHints":{"allow":["GET"]}}],"collection":[{"href":"https:\/\/disma.ar\/clientes\/wp-json\/wp\/v2\/product"}],"about":[{"href":"https:\/\/disma.ar\/clientes\/wp-json\/wp\/v2\/types\/product"}],"replies":[{"embeddable":true,"href":"https:\/\/disma.ar\/clientes\/wp-json\/wp\/v2\/comments?post=478"}],"wp:featuredmedia":[{"embeddable":true,"href":"https:\/\/disma.ar\/clientes\/wp-json\/wp\/v2\/media\/15199"}],"wp:attachment":[{"href":"https:\/\/disma.ar\/clientes\/wp-json\/wp\/v2\/media?parent=478"}],"wp:term":[{"taxonomy":"product_brand","embeddable":true,"href":"https:\/\/disma.ar\/clientes\/wp-json\/wp\/v2\/product_brand?post=478"},{"taxonomy":"product_cat","embeddable":true,"href":"https:\/\/disma.ar\/clientes\/wp-json\/wp\/v2\/product_cat?post=478"},{"taxonomy":"product_tag","embeddable":true,"href":"https:\/\/disma.ar\/clientes\/wp-json\/wp\/v2\/product_tag?post=478"}],"curies":[{"name":"wp","href":"https:\/\/api.w.org\/{rel}","templated":true}]}}