{"id":4586,"date":"2023-03-31T15:30:45","date_gmt":"2023-03-31T18:30:45","guid":{"rendered":"https:\/\/disma.ar\/clientes\/?post_type=product&#038;p=4586"},"modified":"2026-02-11T13:14:09","modified_gmt":"2026-02-11T16:14:09","slug":"telefono-inalambrico-uniden-at3101-base-e-identificador","status":"publish","type":"product","link":"https:\/\/disma.ar\/clientes\/producto\/telefono-inalambrico-uniden-at3101-base-e-identificador\/","title":{"rendered":"TELEFONO INALAMBRICO UNIDEN AT3101 \/ BASE E IDENTIFICADOR"},"content":{"rendered":"<p>Este tel\u00e9fono de Uniden es un tel\u00e9fono inal\u00e1mbrico de dise\u00f1o moderno, elegante y pr\u00e1ctico que est\u00e1 pensado de manera ergon\u00f3mica, lo que lo hace muy c\u00f3modo para hablar. Asimismo, cuenta con una pantalla LCD para ver en todo momento la informaci\u00f3n necesaria. Leer y navegar por el men\u00fa no requiere ning\u00fan esfuerzo gracias a su display. Adem\u00e1s, sus botones son claros y visibles y facilitan la tarea de marcado. Gracias a su base y peso reducidos, puede apoyarse en cualquier tipo de mesa.<\/p>\n","protected":false},"excerpt":{"rendered":"<p>UNIDEN<\/p>\n","protected":false},"featured_media":0,"comment_status":"open","ping_status":"closed","template":"","meta":[],"product_brand":[],"product_cat":[329],"product_tag":[],"class_list":{"0":"post-4586","1":"product","2":"type-product","3":"status-publish","5":"product_cat-telefonos-inalambricos-2-o-mas-bases","7":"first","8":"outofstock","9":"shipping-taxable","10":"purchasable","11":"product-type-simple"},"_links":{"self":[{"href":"https:\/\/disma.ar\/clientes\/wp-json\/wp\/v2\/product\/4586","targetHints":{"allow":["GET"]}}],"collection":[{"href":"https:\/\/disma.ar\/clientes\/wp-json\/wp\/v2\/product"}],"about":[{"href":"https:\/\/disma.ar\/clientes\/wp-json\/wp\/v2\/types\/product"}],"replies":[{"embeddable":true,"href":"https:\/\/disma.ar\/clientes\/wp-json\/wp\/v2\/comments?post=4586"}],"wp:attachment":[{"href":"https:\/\/disma.ar\/clientes\/wp-json\/wp\/v2\/media?parent=4586"}],"wp:term":[{"taxonomy":"product_brand","embeddable":true,"href":"https:\/\/disma.ar\/clientes\/wp-json\/wp\/v2\/product_brand?post=4586"},{"taxonomy":"product_cat","embeddable":true,"href":"https:\/\/disma.ar\/clientes\/wp-json\/wp\/v2\/product_cat?post=4586"},{"taxonomy":"product_tag","embeddable":true,"href":"https:\/\/disma.ar\/clientes\/wp-json\/wp\/v2\/product_tag?post=4586"}],"curies":[{"name":"wp","href":"https:\/\/api.w.org\/{rel}","templated":true}]}}