{"id":4516,"date":"2024-12-12T08:31:05","date_gmt":"2024-12-12T11:31:05","guid":{"rendered":"https:\/\/disma.ar\/clientes\/?post_type=product&#038;p=4516"},"modified":"2026-05-05T12:02:37","modified_gmt":"2026-05-05T15:02:37","slug":"microfono-inalambrico-corbatero-apto-celular-parlante-amplificador-3-5mm-k35","status":"publish","type":"product","link":"https:\/\/disma.ar\/clientes\/producto\/microfono-inalambrico-corbatero-apto-celular-parlante-amplificador-3-5mm-k35\/","title":{"rendered":"MICR\u00d3FONO CORBATERO INAL\u00c1MBRICO Apto Celular\/Parlante\/Amplificador 3.5mm K35"},"content":{"rendered":"<ul>\n<li>Sistema de micr\u00f3fono inal\u00e1mbrico.<\/li>\n<li>Receptor 3.5mm TRRS + Micr\u00f3fono inalambrico 2.4Ghz<\/li>\n<li>Micr\u00f3fono omnidireccional<\/li>\n<li>Hasta 20 metros de distancia<\/li>\n<li>Conexi\u00f3n: 2.4Ghz<\/li>\n<li>Bater\u00eda: 5 a 6 horas de uso\n<ul>\n<li>El micr\u00f3fono inal\u00e1mbrico fue dise\u00f1ado para brindar una alta calidad de sonido para que todos puedan escuchar su discurso claro y conciso. El dispositivo utiliza una transmisi\u00f3n de se\u00f1al UHF que garantiza un sonido n\u00edtido y claro, eliminando el ruido de fondo. Este micr\u00f3fono lavalier se puede utilizar para una gran variedad de prop\u00f3sitos. Se puede usar para transmisi\u00f3n, vlogging, grabaci\u00f3n, reuniones o solo clases, lo que ofrece un ambiente profesional para pronunciar su discurso.<\/li>\n<li>el innovador micr\u00f3fono Lavalier es diferente de los dem\u00e1s, que incluye transmisor y receptor, se conectar\u00e1n autom\u00e1ticamente, por lo que no se requieren APP ni Bluetooth.<\/li>\n<li>Uso de tecnolog\u00eda de sincronizaci\u00f3n autom\u00e1tica en tiempo real, que reduce extremadamente la edici\u00f3n posterior del video. Admite la mezcla en tiempo real multicanal, puede sincronizar la m\u00fasica de fondo para el tel\u00e9fono y la voz humana en tiempo real.<\/li>\n<li>el micr\u00f3fono se puede usar directamente cuando reproduce Youtube o Facebook Live, los Bluetooth convencionales no se dan cuenta.<\/li>\n<li>El micr\u00f3fono inal\u00e1mbrico ofrece una calidad de CD est\u00e9reo profesional de audio de banda completa de 44,1~48 kHz, m\u00e1s de 6 veces la frecuencia de los micr\u00f3fonos mono convencionales.<\/li>\n<li>Tecnolog\u00eda de sincronizaci\u00f3n autom\u00e1tica en tiempo real, reduce la edici\u00f3n posterior del video. Admite la mezcla en tiempo real multicanal, puede sincronizar la m\u00fasica de fondo para el tel\u00e9fono y la voz humana en tiempo real.<\/li>\n<li><\/li>\n<\/ul>\n<p><strong>ESPECIFICACIONES<\/strong><\/p>\n<ul>\n<li>Rango de frecuencia: 2.4G<\/li>\n<li>Rango de video de frecuencia: 20-200 KHZ<\/li>\n<li>Sensibilidad: -42DB<\/li>\n<li>Relaci\u00f3n se\u00f1al\/ruido:64dBm<\/li>\n<li>Bater\u00eda: 5 a 6 horas de uso<\/li>\n<\/ul>\n<p><strong>INCLUYE:<\/strong><\/p>\n<ul>\n<li>1x Microfono 2.4Ghz<\/li>\n<li>1x Receptor 3.5mm TRRS<\/li>\n<li>1x Cable de carga USB C<\/li>\n<\/ul>\n<\/li>\n<\/ul>\n","protected":false},"excerpt":{"rendered":"<p>Sistema de micr\u00f3fono inal\u00e1mbrico. Receptor 3.5mm TRRS + Micr\u00f3fono inalambrico 2.4Ghz Micr\u00f3fono omnidireccional Hasta 20 metros de distancia Conexi\u00f3n: 2.4Ghz Bater\u00eda: 5 a 6 horas de uso El micr\u00f3fono inal\u00e1mbrico fue dise\u00f1ado para brindar una alta calidad de sonido para que todos puedan escuchar su discurso claro y conciso. El dispositivo utiliza una transmisi\u00f3n de [&hellip;]<\/p>\n","protected":false},"featured_media":13132,"comment_status":"open","ping_status":"closed","template":"","meta":[],"product_brand":[],"product_cat":[269],"product_tag":[],"class_list":{"0":"post-4516","1":"product","2":"type-product","3":"status-publish","4":"has-post-thumbnail","6":"product_cat-microfonos-inalambricos","8":"first","9":"instock","10":"shipping-taxable","11":"purchasable","12":"product-type-simple"},"_links":{"self":[{"href":"https:\/\/disma.ar\/clientes\/wp-json\/wp\/v2\/product\/4516","targetHints":{"allow":["GET"]}}],"collection":[{"href":"https:\/\/disma.ar\/clientes\/wp-json\/wp\/v2\/product"}],"about":[{"href":"https:\/\/disma.ar\/clientes\/wp-json\/wp\/v2\/types\/product"}],"replies":[{"embeddable":true,"href":"https:\/\/disma.ar\/clientes\/wp-json\/wp\/v2\/comments?post=4516"}],"wp:featuredmedia":[{"embeddable":true,"href":"https:\/\/disma.ar\/clientes\/wp-json\/wp\/v2\/media\/13132"}],"wp:attachment":[{"href":"https:\/\/disma.ar\/clientes\/wp-json\/wp\/v2\/media?parent=4516"}],"wp:term":[{"taxonomy":"product_brand","embeddable":true,"href":"https:\/\/disma.ar\/clientes\/wp-json\/wp\/v2\/product_brand?post=4516"},{"taxonomy":"product_cat","embeddable":true,"href":"https:\/\/disma.ar\/clientes\/wp-json\/wp\/v2\/product_cat?post=4516"},{"taxonomy":"product_tag","embeddable":true,"href":"https:\/\/disma.ar\/clientes\/wp-json\/wp\/v2\/product_tag?post=4516"}],"curies":[{"name":"wp","href":"https:\/\/api.w.org\/{rel}","templated":true}]}}