{"id":4473,"date":"2023-03-23T08:09:30","date_gmt":"2023-03-23T11:09:30","guid":{"rendered":"https:\/\/disma.ar\/clientes\/?post_type=product&#038;p=4473"},"modified":"2026-02-11T13:14:04","modified_gmt":"2026-02-11T16:14:04","slug":"auricular-in-ear-bt-a6r-dots-inalambrico-microfono-manos-libres-stereo-earbuds","status":"publish","type":"product","link":"https:\/\/disma.ar\/clientes\/producto\/auricular-in-ear-bt-a6r-dots-inalambrico-microfono-manos-libres-stereo-earbuds\/","title":{"rendered":"AURICULAR IN EAR BLUETOOTH A6R DOTS INALAMBRICO MICROFONO MANOS LIBRES STEREO EARBUDS"},"content":{"rendered":"<p>AURICULARES INALAMBRICOS A6R<\/p>\n<p>El modelo del producto: A6R<br \/>\nSistema compatible: Ios\/ANDROID\/WINDOWS<br \/>\ntipo de bater\u00eda: bater\u00eda de litio pol\u00edmero<br \/>\ncapacidad de la bater\u00eda de auriculares: 30mAh<br \/>\nCaja de carga capacidad de la bater\u00eda: 180mAh<br \/>\nTiempo de carga de los auriculares: unos 40 minutos<br \/>\nTiempo de carga de la caja de carga: alrededor de 1,5 horas<br \/>\nvida \u00fatil de la bater\u00eda de auriculares: unas 2 horas<br \/>\nM\u00e9todo de control: bot\u00f3n<br \/>\nEl aspecto material: ABS<\/p>\n","protected":false},"excerpt":{"rendered":"<p>GENERICO<\/p>\n","protected":false},"featured_media":0,"comment_status":"open","ping_status":"closed","template":"","meta":[],"product_brand":[],"product_cat":[33],"product_tag":[],"class_list":{"0":"post-4473","1":"product","2":"type-product","3":"status-publish","5":"product_cat-auriculares-bluetooth","7":"first","8":"outofstock","9":"shipping-taxable","10":"purchasable","11":"product-type-simple"},"_links":{"self":[{"href":"https:\/\/disma.ar\/clientes\/wp-json\/wp\/v2\/product\/4473","targetHints":{"allow":["GET"]}}],"collection":[{"href":"https:\/\/disma.ar\/clientes\/wp-json\/wp\/v2\/product"}],"about":[{"href":"https:\/\/disma.ar\/clientes\/wp-json\/wp\/v2\/types\/product"}],"replies":[{"embeddable":true,"href":"https:\/\/disma.ar\/clientes\/wp-json\/wp\/v2\/comments?post=4473"}],"wp:attachment":[{"href":"https:\/\/disma.ar\/clientes\/wp-json\/wp\/v2\/media?parent=4473"}],"wp:term":[{"taxonomy":"product_brand","embeddable":true,"href":"https:\/\/disma.ar\/clientes\/wp-json\/wp\/v2\/product_brand?post=4473"},{"taxonomy":"product_cat","embeddable":true,"href":"https:\/\/disma.ar\/clientes\/wp-json\/wp\/v2\/product_cat?post=4473"},{"taxonomy":"product_tag","embeddable":true,"href":"https:\/\/disma.ar\/clientes\/wp-json\/wp\/v2\/product_tag?post=4473"}],"curies":[{"name":"wp","href":"https:\/\/api.w.org\/{rel}","templated":true}]}}