{"id":4175,"date":"2023-03-06T14:21:33","date_gmt":"2023-03-06T17:21:33","guid":{"rendered":"https:\/\/disma.ar\/clientes\/?post_type=product&#038;p=4175"},"modified":"2026-04-30T13:56:38","modified_gmt":"2026-04-30T16:56:38","slug":"pila-bateria-cr2450-litio-3v-x-unidad-fulltotal","status":"publish","type":"product","link":"https:\/\/disma.ar\/clientes\/producto\/pila-bateria-cr2450-litio-3v-x-unidad-fulltotal\/","title":{"rendered":"BLISTER POR 5 UNIDADES PILA BATERIA CR2450 LITIO 3V FULLTOTAL"},"content":{"rendered":"<p>CR2450 LITIO 3V &#8211;<\/p>\n<p>Esta bater\u00eda CR2450 ofrece una larga vida \u00fatil y descarga constante para mantener tu dispositivo funcionando y ofrecer energ\u00eda cuando lo necesites.<br \/>\nLithium Manganese Dioxide<\/p>\n","protected":false},"excerpt":{"rendered":"<p>FULLTOTAL<\/p>\n","protected":false},"featured_media":13076,"comment_status":"open","ping_status":"closed","template":"","meta":[],"product_brand":[],"product_cat":[289],"product_tag":[],"class_list":{"0":"post-4175","1":"product","2":"type-product","3":"status-publish","4":"has-post-thumbnail","6":"product_cat-pilas-especiales-relojeria-audiologia","8":"first","9":"instock","10":"shipping-taxable","11":"purchasable","12":"product-type-simple"},"_links":{"self":[{"href":"https:\/\/disma.ar\/clientes\/wp-json\/wp\/v2\/product\/4175","targetHints":{"allow":["GET"]}}],"collection":[{"href":"https:\/\/disma.ar\/clientes\/wp-json\/wp\/v2\/product"}],"about":[{"href":"https:\/\/disma.ar\/clientes\/wp-json\/wp\/v2\/types\/product"}],"replies":[{"embeddable":true,"href":"https:\/\/disma.ar\/clientes\/wp-json\/wp\/v2\/comments?post=4175"}],"wp:featuredmedia":[{"embeddable":true,"href":"https:\/\/disma.ar\/clientes\/wp-json\/wp\/v2\/media\/13076"}],"wp:attachment":[{"href":"https:\/\/disma.ar\/clientes\/wp-json\/wp\/v2\/media?parent=4175"}],"wp:term":[{"taxonomy":"product_brand","embeddable":true,"href":"https:\/\/disma.ar\/clientes\/wp-json\/wp\/v2\/product_brand?post=4175"},{"taxonomy":"product_cat","embeddable":true,"href":"https:\/\/disma.ar\/clientes\/wp-json\/wp\/v2\/product_cat?post=4175"},{"taxonomy":"product_tag","embeddable":true,"href":"https:\/\/disma.ar\/clientes\/wp-json\/wp\/v2\/product_tag?post=4175"}],"curies":[{"name":"wp","href":"https:\/\/api.w.org\/{rel}","templated":true}]}}