{"id":3633,"date":"2023-01-23T11:52:29","date_gmt":"2023-01-23T14:52:29","guid":{"rendered":"https:\/\/disma.ar\/clientes\/?post_type=product&#038;p=3633"},"modified":"2026-03-05T09:04:05","modified_gmt":"2026-03-05T12:04:05","slug":"tripode-fotografia-ditron-1-40mts","status":"publish","type":"product","link":"https:\/\/disma.ar\/clientes\/producto\/tripode-fotografia-ditron-1-40mts\/","title":{"rendered":"TRIPODE FOTOGRAFIA 3KG ALTURA DE TRABAJO 50CM\/140CM METAL"},"content":{"rendered":"<p>Nuevo dispositivo de palanca de balanc\u00edn, elevaci\u00f3n de la altura del eje medio, transmisi\u00f3n de engranajes, f\u00e1cil de controlar la velocidad de elevaci\u00f3n.<br \/>\n\u2022 Amplio dise\u00f1o de oscilaci\u00f3n, f\u00e1cil de bloquear el tubo del pie de doble uso eje central desmontable y ajustable<br \/>\n\u2022 Doble uso, puede ajustar la altura de trabajo del tr\u00edpode. Se puede utilizar como un solo pie, f\u00e1cil de usar.<br \/>\n\u2022 El sistema de placa de carga r\u00e1pida, lo que te permite cargar y descargar r\u00e1pidamente el tr\u00edpode de la c\u00e1mara se puede utilizar con el auto temporizador, fotograf\u00eda en vivo sin problemas.<br \/>\n\u2022 Interfaz compatible con: clip de tel\u00e9fono m\u00f3vil, DV, micro individual, SLR peque\u00f1a prueba plana. 3D panor\u00e1mica panor\u00e1mica de ajuste de 360 grados.<\/p>\n","protected":false},"excerpt":{"rendered":"<p>DITRON<\/p>\n","protected":false},"featured_media":3634,"comment_status":"open","ping_status":"closed","template":"","meta":[],"product_brand":[],"product_cat":[334],"product_tag":[],"class_list":{"0":"post-3633","1":"product","2":"type-product","3":"status-publish","4":"has-post-thumbnail","6":"product_cat-tripodes-monopies","8":"first","9":"outofstock","10":"shipping-taxable","11":"purchasable","12":"product-type-simple"},"_links":{"self":[{"href":"https:\/\/disma.ar\/clientes\/wp-json\/wp\/v2\/product\/3633","targetHints":{"allow":["GET"]}}],"collection":[{"href":"https:\/\/disma.ar\/clientes\/wp-json\/wp\/v2\/product"}],"about":[{"href":"https:\/\/disma.ar\/clientes\/wp-json\/wp\/v2\/types\/product"}],"replies":[{"embeddable":true,"href":"https:\/\/disma.ar\/clientes\/wp-json\/wp\/v2\/comments?post=3633"}],"wp:featuredmedia":[{"embeddable":true,"href":"https:\/\/disma.ar\/clientes\/wp-json\/wp\/v2\/media\/3634"}],"wp:attachment":[{"href":"https:\/\/disma.ar\/clientes\/wp-json\/wp\/v2\/media?parent=3633"}],"wp:term":[{"taxonomy":"product_brand","embeddable":true,"href":"https:\/\/disma.ar\/clientes\/wp-json\/wp\/v2\/product_brand?post=3633"},{"taxonomy":"product_cat","embeddable":true,"href":"https:\/\/disma.ar\/clientes\/wp-json\/wp\/v2\/product_cat?post=3633"},{"taxonomy":"product_tag","embeddable":true,"href":"https:\/\/disma.ar\/clientes\/wp-json\/wp\/v2\/product_tag?post=3633"}],"curies":[{"name":"wp","href":"https:\/\/api.w.org\/{rel}","templated":true}]}}