{"id":3574,"date":"2023-01-16T16:32:54","date_gmt":"2023-01-16T19:32:54","guid":{"rendered":"https:\/\/disma.ar\/clientes\/?post_type=product&#038;p=3574"},"modified":"2026-02-11T13:12:08","modified_gmt":"2026-02-11T16:12:08","slug":"reloj-inteligente-smart-watch-pantalla-deporte-fitness-cardio-suono","status":"publish","type":"product","link":"https:\/\/disma.ar\/clientes\/producto\/reloj-inteligente-smart-watch-pantalla-deporte-fitness-cardio-suono\/","title":{"rendered":"RELOJ INTELIGENTE SMART WATCH PANTALLA DEPORTE FITNESS CARDIO SUONO"},"content":{"rendered":"<p>Disfruta la salud que trae la tecnolog\u00eda, pulseras inteligentes llevan tu salud un paso m\u00e1s all\u00e1.<br \/>\nNuevo reloj inteligente para ejercitarte todo el tiempo, soporta ios y android. Correa de TPE, monitoria tu salud por m\u00e1s horas.<br \/>\nBater\u00eda: Carga r\u00e1pida durante 2 a 3 horas<br \/>\nRequisitos del sistema: Android 4.4 o tel\u00e9fonos m\u00f3viles compatibles con Bluetooth 4.0 BLE<\/p>\n","protected":false},"excerpt":{"rendered":"<p>GENERICO<\/p>\n","protected":false},"featured_media":3575,"comment_status":"open","ping_status":"closed","template":"","meta":[],"product_brand":[],"product_cat":[300],"product_tag":[],"class_list":{"0":"post-3574","1":"product","2":"type-product","3":"status-publish","4":"has-post-thumbnail","6":"product_cat-relojes-inteligentes-smart-watch","8":"first","9":"outofstock","10":"shipping-taxable","11":"purchasable","12":"product-type-simple"},"_links":{"self":[{"href":"https:\/\/disma.ar\/clientes\/wp-json\/wp\/v2\/product\/3574","targetHints":{"allow":["GET"]}}],"collection":[{"href":"https:\/\/disma.ar\/clientes\/wp-json\/wp\/v2\/product"}],"about":[{"href":"https:\/\/disma.ar\/clientes\/wp-json\/wp\/v2\/types\/product"}],"replies":[{"embeddable":true,"href":"https:\/\/disma.ar\/clientes\/wp-json\/wp\/v2\/comments?post=3574"}],"wp:featuredmedia":[{"embeddable":true,"href":"https:\/\/disma.ar\/clientes\/wp-json\/wp\/v2\/media\/3575"}],"wp:attachment":[{"href":"https:\/\/disma.ar\/clientes\/wp-json\/wp\/v2\/media?parent=3574"}],"wp:term":[{"taxonomy":"product_brand","embeddable":true,"href":"https:\/\/disma.ar\/clientes\/wp-json\/wp\/v2\/product_brand?post=3574"},{"taxonomy":"product_cat","embeddable":true,"href":"https:\/\/disma.ar\/clientes\/wp-json\/wp\/v2\/product_cat?post=3574"},{"taxonomy":"product_tag","embeddable":true,"href":"https:\/\/disma.ar\/clientes\/wp-json\/wp\/v2\/product_tag?post=3574"}],"curies":[{"name":"wp","href":"https:\/\/api.w.org\/{rel}","templated":true}]}}