{"id":3572,"date":"2025-01-09T09:23:10","date_gmt":"2025-01-09T12:23:10","guid":{"rendered":"https:\/\/disma.ar\/clientes\/?post_type=product&#038;p=3572"},"modified":"2026-04-27T14:16:25","modified_gmt":"2026-04-27T17:16:25","slug":"pad-mouse-con-apoya-brazo-economico-goma-espuma","status":"publish","type":"product","link":"https:\/\/disma.ar\/clientes\/producto\/pad-mouse-con-apoya-brazo-economico-goma-espuma\/","title":{"rendered":"PAD MOUSE CON APOYA BRAZO ECONOMICO GOMA ESPUMA NEGRO CALIDAD"},"content":{"rendered":"<p>Mouse pad con apoya mu\u00f1eca en goma espuma<br \/>\nEst\u00e1 ergon\u00f3micamente dise\u00f1ado para una m\u00e1s natural posici\u00f3n del brazo y de la mano, previniendo cansancio o lesiones en el t\u00fanel carpiano.<\/p>\n","protected":false},"excerpt":{"rendered":"<p>JLG<\/p>\n","protected":false},"featured_media":15023,"comment_status":"open","ping_status":"closed","template":"","meta":[],"product_brand":[],"product_cat":[510,319],"product_tag":[],"class_list":{"0":"post-3572","1":"product","2":"type-product","3":"status-publish","4":"has-post-thumbnail","6":"product_cat-top","7":"product_cat-pad-p-mouse","9":"first","10":"outofstock","11":"shipping-taxable","12":"purchasable","13":"product-type-simple"},"_links":{"self":[{"href":"https:\/\/disma.ar\/clientes\/wp-json\/wp\/v2\/product\/3572","targetHints":{"allow":["GET"]}}],"collection":[{"href":"https:\/\/disma.ar\/clientes\/wp-json\/wp\/v2\/product"}],"about":[{"href":"https:\/\/disma.ar\/clientes\/wp-json\/wp\/v2\/types\/product"}],"replies":[{"embeddable":true,"href":"https:\/\/disma.ar\/clientes\/wp-json\/wp\/v2\/comments?post=3572"}],"wp:featuredmedia":[{"embeddable":true,"href":"https:\/\/disma.ar\/clientes\/wp-json\/wp\/v2\/media\/15023"}],"wp:attachment":[{"href":"https:\/\/disma.ar\/clientes\/wp-json\/wp\/v2\/media?parent=3572"}],"wp:term":[{"taxonomy":"product_brand","embeddable":true,"href":"https:\/\/disma.ar\/clientes\/wp-json\/wp\/v2\/product_brand?post=3572"},{"taxonomy":"product_cat","embeddable":true,"href":"https:\/\/disma.ar\/clientes\/wp-json\/wp\/v2\/product_cat?post=3572"},{"taxonomy":"product_tag","embeddable":true,"href":"https:\/\/disma.ar\/clientes\/wp-json\/wp\/v2\/product_tag?post=3572"}],"curies":[{"name":"wp","href":"https:\/\/api.w.org\/{rel}","templated":true}]}}