{"id":3324,"date":"2026-03-26T11:00:30","date_gmt":"2026-03-26T14:00:30","guid":{"rendered":"https:\/\/disma.ar\/clientes\/?post_type=product&#038;p=3324"},"modified":"2026-03-26T11:42:06","modified_gmt":"2026-03-26T14:42:06","slug":"lampara-foco-led-smart-wifi-audioritmico-rgb","status":"publish","type":"product","link":"https:\/\/disma.ar\/clientes\/producto\/lampara-foco-led-smart-wifi-audioritmico-rgb\/","title":{"rendered":"LAMPARA FOCO 9W LED RGB CON CONTROL REMOTO 16 COLORES 4 EFECTOS"},"content":{"rendered":"<p>L\u00e1mpara LED RGBW 7W E27 220V con Control Remoto<\/p>\n<p>La L\u00e1mpara LED RGBW 7W posee un dise\u00f1o moderno, excelente disipaci\u00f3n de temperatura y alta eficiencia lum\u00ednica. Cuenta con un control remoto que puede activar, desactivar y ajustar los colores. Con un total de 16 colores y 4 efectos para crear el ambiente que m\u00e1s te guste.<\/p>\n<p>&#8211; L\u00e1mpara RGBW con efectos de iluminaci\u00f3n.<br \/>\n&#8211; Incluye control remoto con efectos: Flash, Strobe, Fade, Smooth.<br \/>\n&#8211; Ideal para decoraci\u00f3n de Hogares, Bares, Fiestas, etc.<br \/>\n&#8211; Alto impacto y resistencia a los golpes.<br \/>\n&#8211; Colores: Rojo, Verde, Azul y Blanco, combinaciones de estos, 16 en total.<br \/>\n&#8211; Material: Pl\u00e1stico \/ Aluminio.<br \/>\n&#8211; Consumo: 9W.<br \/>\n&#8211; Dimensiones: 90 x 60 mm.<br \/>\n&#8211; Distancia Remota: 5 metros.<br \/>\n&#8211; Alimentaci\u00f3n: 230Vca &#8211; 50Hz.<br \/>\n&#8211; Z\u00f3calo: E27, apto para cualquier portal\u00e1mpara.<br \/>\n&#8211; \u00c1ngulo de apertura: 270\u00ba.<br \/>\n&#8211; Vida \u00fatil: 30.000 horas.<\/p>\n","protected":false},"excerpt":{"rendered":"<p>TUYO<\/p>\n","protected":false},"featured_media":19544,"comment_status":"open","ping_status":"closed","template":"","meta":[],"product_brand":[],"product_cat":[360,74,254],"product_tag":[],"class_list":{"0":"post-3324","1":"product","2":"type-product","3":"status-publish","4":"has-post-thumbnail","6":"product_cat-electro-y-bazar","7":"product_cat-foco-led-lampara","8":"product_cat-veladores","10":"first","11":"instock","12":"shipping-taxable","13":"purchasable","14":"product-type-simple"},"_links":{"self":[{"href":"https:\/\/disma.ar\/clientes\/wp-json\/wp\/v2\/product\/3324","targetHints":{"allow":["GET"]}}],"collection":[{"href":"https:\/\/disma.ar\/clientes\/wp-json\/wp\/v2\/product"}],"about":[{"href":"https:\/\/disma.ar\/clientes\/wp-json\/wp\/v2\/types\/product"}],"replies":[{"embeddable":true,"href":"https:\/\/disma.ar\/clientes\/wp-json\/wp\/v2\/comments?post=3324"}],"wp:featuredmedia":[{"embeddable":true,"href":"https:\/\/disma.ar\/clientes\/wp-json\/wp\/v2\/media\/19544"}],"wp:attachment":[{"href":"https:\/\/disma.ar\/clientes\/wp-json\/wp\/v2\/media?parent=3324"}],"wp:term":[{"taxonomy":"product_brand","embeddable":true,"href":"https:\/\/disma.ar\/clientes\/wp-json\/wp\/v2\/product_brand?post=3324"},{"taxonomy":"product_cat","embeddable":true,"href":"https:\/\/disma.ar\/clientes\/wp-json\/wp\/v2\/product_cat?post=3324"},{"taxonomy":"product_tag","embeddable":true,"href":"https:\/\/disma.ar\/clientes\/wp-json\/wp\/v2\/product_tag?post=3324"}],"curies":[{"name":"wp","href":"https:\/\/api.w.org\/{rel}","templated":true}]}}