{"id":3121,"date":"2024-12-12T12:54:46","date_gmt":"2024-12-12T15:54:46","guid":{"rendered":"https:\/\/disma.ar\/clientes\/?post_type=product&#038;p=3121"},"modified":"2026-04-30T10:27:40","modified_gmt":"2026-04-30T13:27:40","slug":"ionizador-purificador-pileta-solar-boya-anti-sarro-y-bacterias-dep-1","status":"publish","type":"product","link":"https:\/\/disma.ar\/clientes\/producto\/ionizador-purificador-pileta-solar-boya-anti-sarro-y-bacterias-dep-1\/","title":{"rendered":"IONIZADOR PURIFICADOR PILETA SOLAR BOYA ANTI SARRO Y BACTERIAS 60 MIL LTS( DEP 1 )"},"content":{"rendered":"<p>\u00c9sta boya utiliza tecnolog\u00eda solar y ionizaci\u00f3n para reducir el uso de cloro, productos qu\u00edmicos y eliminar la mayor cantidad de algas y microorganismos de su pileta.<\/p>\n<p>&nbsp;<\/p>\n<p>\u00a1Es 100% Sustentable! La unidad flota en la piscina y produce iones de cobre, mientras esta expuesta a la luz solar.<\/p>\n<p>&nbsp;<\/p>\n<p>En aproximadamente una semana, el ionizador regula eficientemente el nivel de iones de cobre para el agua de la piscina haciendo que el mantenimiento sea incre\u00edblemente f\u00e1cil, reduciendo el tiempo, la energ\u00eda y el dinero.<\/p>\n<p>&nbsp;<\/p>\n<p>Es importante tener en cuenta que su piscina a\u00fan necesitar\u00e1 cloro y productos qu\u00edmicos, pero la cantidad necesaria es mucho menor que sin el uso de \u00e9ste ionizador. El electrodo de cobre durar\u00e1 aproximadamente dos a\u00f1o<\/p>\n<p><span class=\"ui-pdp-color--BLACK ui-pdp-size--XSMALL ui-pdp-family--BOLD\">Capacidad recomendada de la pileta<\/span>: 60000 L<\/p>\n","protected":false},"excerpt":{"rendered":"<p>HOWARD<\/p>\n","protected":false},"featured_media":14247,"comment_status":"open","ping_status":"closed","template":"","meta":[],"product_brand":[],"product_cat":[352],"product_tag":[356,355,354],"class_list":{"0":"post-3121","1":"product","2":"type-product","3":"status-publish","4":"has-post-thumbnail","6":"product_cat-camping","7":"product_tag-356","8":"product_tag-cleanpool","9":"product_tag-ionizador","11":"first","12":"instock","13":"shipping-taxable","14":"purchasable","15":"product-type-simple"},"_links":{"self":[{"href":"https:\/\/disma.ar\/clientes\/wp-json\/wp\/v2\/product\/3121","targetHints":{"allow":["GET"]}}],"collection":[{"href":"https:\/\/disma.ar\/clientes\/wp-json\/wp\/v2\/product"}],"about":[{"href":"https:\/\/disma.ar\/clientes\/wp-json\/wp\/v2\/types\/product"}],"replies":[{"embeddable":true,"href":"https:\/\/disma.ar\/clientes\/wp-json\/wp\/v2\/comments?post=3121"}],"wp:featuredmedia":[{"embeddable":true,"href":"https:\/\/disma.ar\/clientes\/wp-json\/wp\/v2\/media\/14247"}],"wp:attachment":[{"href":"https:\/\/disma.ar\/clientes\/wp-json\/wp\/v2\/media?parent=3121"}],"wp:term":[{"taxonomy":"product_brand","embeddable":true,"href":"https:\/\/disma.ar\/clientes\/wp-json\/wp\/v2\/product_brand?post=3121"},{"taxonomy":"product_cat","embeddable":true,"href":"https:\/\/disma.ar\/clientes\/wp-json\/wp\/v2\/product_cat?post=3121"},{"taxonomy":"product_tag","embeddable":true,"href":"https:\/\/disma.ar\/clientes\/wp-json\/wp\/v2\/product_tag?post=3121"}],"curies":[{"name":"wp","href":"https:\/\/api.w.org\/{rel}","templated":true}]}}