{"id":2913,"date":"2022-12-05T10:24:22","date_gmt":"2022-12-05T13:24:22","guid":{"rendered":"https:\/\/disma.ar\/clientes\/?post_type=product&#038;p=2913"},"modified":"2026-02-11T13:09:07","modified_gmt":"2026-02-11T16:09:07","slug":"auricular-bluetooth-manos-libres-microfono-magnetico","status":"publish","type":"product","link":"https:\/\/disma.ar\/clientes\/producto\/auricular-bluetooth-manos-libres-microfono-magnetico\/","title":{"rendered":"AURICULAR IN EAR BLUETOOTH MANOS LIBRES MICROFONO MAGNETICO RECARGABLE"},"content":{"rendered":"<p>Puede usar f\u00e1cilmente los auriculares, que admite la operaci\u00f3n Smart-Touch. Es c\u00f3modo usar el auricular ergon\u00f3mico. La transmisi\u00f3n de alta velocidad y estable es compatible con el chip Bluetooth 5.3, que proporciona un alto rendimiento. Puede llevar f\u00e1cilmente el auricular Bluetooth, que tiene un mini tama\u00f1o compacto. Hecho de material de ABS premium, el auricular Bluetooth es confiable y duradero. La longitud de la caja de carga es de 8 cm, el ancho es de 4,5 cm y la altura es 3 cm. Es adecuado para usted utilizar el auricular Bluetooth para escuchar m\u00fasica..<\/p>\n","protected":false},"excerpt":{"rendered":"<p>Puede usar f\u00e1cilmente los auriculares, que admite la operaci\u00f3n Smart-Touch. Es c\u00f3modo usar el auricular ergon\u00f3mico. La transmisi\u00f3n de alta velocidad y estable es compatible con el chip Bluetooth 5.3, que proporciona un alto rendimiento. Puede llevar f\u00e1cilmente el auricular Bluetooth, que tiene un mini tama\u00f1o compacto. Hecho de material de ABS premium, el auricular [&hellip;]<\/p>\n","protected":false},"featured_media":15229,"comment_status":"open","ping_status":"closed","template":"","meta":[],"product_brand":[],"product_cat":[33],"product_tag":[],"class_list":{"0":"post-2913","1":"product","2":"type-product","3":"status-publish","4":"has-post-thumbnail","6":"product_cat-auriculares-bluetooth","8":"first","9":"instock","10":"shipping-taxable","11":"purchasable","12":"product-type-simple"},"_links":{"self":[{"href":"https:\/\/disma.ar\/clientes\/wp-json\/wp\/v2\/product\/2913","targetHints":{"allow":["GET"]}}],"collection":[{"href":"https:\/\/disma.ar\/clientes\/wp-json\/wp\/v2\/product"}],"about":[{"href":"https:\/\/disma.ar\/clientes\/wp-json\/wp\/v2\/types\/product"}],"replies":[{"embeddable":true,"href":"https:\/\/disma.ar\/clientes\/wp-json\/wp\/v2\/comments?post=2913"}],"wp:featuredmedia":[{"embeddable":true,"href":"https:\/\/disma.ar\/clientes\/wp-json\/wp\/v2\/media\/15229"}],"wp:attachment":[{"href":"https:\/\/disma.ar\/clientes\/wp-json\/wp\/v2\/media?parent=2913"}],"wp:term":[{"taxonomy":"product_brand","embeddable":true,"href":"https:\/\/disma.ar\/clientes\/wp-json\/wp\/v2\/product_brand?post=2913"},{"taxonomy":"product_cat","embeddable":true,"href":"https:\/\/disma.ar\/clientes\/wp-json\/wp\/v2\/product_cat?post=2913"},{"taxonomy":"product_tag","embeddable":true,"href":"https:\/\/disma.ar\/clientes\/wp-json\/wp\/v2\/product_tag?post=2913"}],"curies":[{"name":"wp","href":"https:\/\/api.w.org\/{rel}","templated":true}]}}