{"id":19996,"date":"2026-05-11T16:41:06","date_gmt":"2026-05-11T19:41:06","guid":{"rendered":"https:\/\/disma.ar\/clientes\/?post_type=product&#038;p=19996"},"modified":"2026-05-11T16:42:23","modified_gmt":"2026-05-11T19:42:23","slug":"mouse-inalambrico-bluetooth-led-rgb-recargable-gris","status":"publish","type":"product","link":"https:\/\/disma.ar\/clientes\/producto\/mouse-inalambrico-bluetooth-led-rgb-recargable-gris\/","title":{"rendered":"MOUSE INALAMBRICO BLUETOOTH LED RGB RECARGABLE GRIS"},"content":{"rendered":"<p>Mouse Inal\u00e1mbrico Bluetooth con Luz LED<br \/>\nConectividad: Receptor inal\u00e1mbrico y Bluetooth.<br \/>\nDPI Ajustable: 800\/1200\/1600 DPI.<br \/>\nTeclas Silenciosas: Ideal para uso discreto.<br \/>\nBater\u00eda Recargable: 500mAh, hasta 15 d\u00edas de uso.<br \/>\nModo Stand By: Ahorra bater\u00eda autom\u00e1ticamente.<\/p>\n","protected":false},"excerpt":{"rendered":"<p>Mouse Inal\u00e1mbrico Bluetooth con Luz LED Conectividad: Receptor inal\u00e1mbrico y Bluetooth. DPI Ajustable: 800\/1200\/1600 DPI. Teclas Silenciosas: Ideal para uso discreto. Bater\u00eda Recargable: 500mAh, hasta 15 d\u00edas de uso. Modo Stand By: Ahorra bater\u00eda autom\u00e1ticamente.<\/p>\n","protected":false},"featured_media":19997,"comment_status":"closed","ping_status":"closed","template":"","meta":[],"product_brand":[],"product_cat":[318],"product_tag":[],"class_list":{"0":"post-19996","1":"product","2":"type-product","3":"status-publish","4":"has-post-thumbnail","6":"product_cat-mouses-inalambricos","8":"first","9":"instock","10":"shipping-taxable","11":"purchasable","12":"product-type-simple"},"_links":{"self":[{"href":"https:\/\/disma.ar\/clientes\/wp-json\/wp\/v2\/product\/19996","targetHints":{"allow":["GET"]}}],"collection":[{"href":"https:\/\/disma.ar\/clientes\/wp-json\/wp\/v2\/product"}],"about":[{"href":"https:\/\/disma.ar\/clientes\/wp-json\/wp\/v2\/types\/product"}],"replies":[{"embeddable":true,"href":"https:\/\/disma.ar\/clientes\/wp-json\/wp\/v2\/comments?post=19996"}],"wp:featuredmedia":[{"embeddable":true,"href":"https:\/\/disma.ar\/clientes\/wp-json\/wp\/v2\/media\/19997"}],"wp:attachment":[{"href":"https:\/\/disma.ar\/clientes\/wp-json\/wp\/v2\/media?parent=19996"}],"wp:term":[{"taxonomy":"product_brand","embeddable":true,"href":"https:\/\/disma.ar\/clientes\/wp-json\/wp\/v2\/product_brand?post=19996"},{"taxonomy":"product_cat","embeddable":true,"href":"https:\/\/disma.ar\/clientes\/wp-json\/wp\/v2\/product_cat?post=19996"},{"taxonomy":"product_tag","embeddable":true,"href":"https:\/\/disma.ar\/clientes\/wp-json\/wp\/v2\/product_tag?post=19996"}],"curies":[{"name":"wp","href":"https:\/\/api.w.org\/{rel}","templated":true}]}}