{"id":19975,"date":"2026-05-08T15:28:03","date_gmt":"2026-05-08T18:28:03","guid":{"rendered":"https:\/\/disma.ar\/clientes\/?post_type=product&#038;p=19975"},"modified":"2026-05-08T15:30:22","modified_gmt":"2026-05-08T18:30:22","slug":"reloj-despertador-digital-pantalla-9-alarma-temperatura-y-humedad-alim-dual-23x7cm","status":"publish","type":"product","link":"https:\/\/disma.ar\/clientes\/producto\/reloj-despertador-digital-pantalla-9-alarma-temperatura-y-humedad-alim-dual-23x7cm\/","title":{"rendered":"RELOJ DESPERTADOR DIGITAL PANTALLA 9&#8243; ALARMA TEMPERATURA Y HUMEDAD ALIM DUAL 23X7CM"},"content":{"rendered":"<p> Reloj Despertador Digital de Mesa 5503 \u2013 Elegancia y funcionalidad para tus ma\u00f1anas<\/p>\n<p>Comenz\u00e1 el d\u00eda con estilo con el despertador digital modelo 5503, dise\u00f1ado para quienes buscan practicidad, dise\u00f1o moderno y fiabilidad. Su estructura rectangular minimalista y su color elegante lo convierten en un accesorio decorativo perfecto para tu dormitorio, sala o escritorio.<\/p>\n<p>La pantalla digital de alta visibilidad permite leer la hora f\u00e1cilmente, incluso en la oscuridad. Adem\u00e1s, cuenta con alarma m\u00faltiple programable, ideal para ajustar distintos horarios seg\u00fan tus necesidades diarias \u2014ya sea para levantarte, estudiar o cumplir rutinas espec\u00edficas.<br \/>\n\ud83d\udd50 Pantalla digital clara y brillante: lectura sencilla desde cualquier \u00e1ngulo.<br \/>\n\ud83d\udd01 Alarma m\u00faltiple: program\u00e1 distintos horarios seg\u00fan tus rutinas.<br \/>\n\ud83d\udd0b Memoria interna: conserva configuraciones cuando no est\u00e1 conectado.<br \/>\n\ud83d\udca1 Dise\u00f1o moderno y minimalista: combina con cualquier decoraci\u00f3n.<br \/>\n\ud83c\udf21\ufe0f Indicador de temperatura y calendario integrados.<br \/>\n\ud83d\udd0c Alimentaci\u00f3n por corriente dom\u00e9stica (5V): uso estable y seguro.<br \/>\n\ud83e\udd2b Funcionamiento silencioso: ideal para dormitorios o estudios.<br \/>\nAlimentaci\u00f3n multiple corriente 220v y a pilas aaa<\/p>\n","protected":false},"excerpt":{"rendered":"<p>Reloj Despertador Digital de Mesa 5503 \u2013 Elegancia y funcionalidad para tus ma\u00f1anas Comenz\u00e1 el d\u00eda con estilo con el despertador digital modelo 5503, dise\u00f1ado para quienes buscan practicidad, dise\u00f1o moderno y fiabilidad. Su estructura rectangular minimalista y su color elegante lo convierten en un accesorio decorativo perfecto para tu dormitorio, sala o escritorio. La [&hellip;]<\/p>\n","protected":false},"featured_media":19976,"comment_status":"closed","ping_status":"closed","template":"","meta":[],"product_brand":[],"product_cat":[78,296],"product_tag":[],"class_list":{"0":"post-19975","1":"product","2":"type-product","3":"status-publish","4":"has-post-thumbnail","6":"product_cat-parlantes-bluetooth","7":"product_cat-radio-relojes","9":"first","10":"instock","11":"shipping-taxable","12":"purchasable","13":"product-type-simple"},"_links":{"self":[{"href":"https:\/\/disma.ar\/clientes\/wp-json\/wp\/v2\/product\/19975","targetHints":{"allow":["GET"]}}],"collection":[{"href":"https:\/\/disma.ar\/clientes\/wp-json\/wp\/v2\/product"}],"about":[{"href":"https:\/\/disma.ar\/clientes\/wp-json\/wp\/v2\/types\/product"}],"replies":[{"embeddable":true,"href":"https:\/\/disma.ar\/clientes\/wp-json\/wp\/v2\/comments?post=19975"}],"wp:featuredmedia":[{"embeddable":true,"href":"https:\/\/disma.ar\/clientes\/wp-json\/wp\/v2\/media\/19976"}],"wp:attachment":[{"href":"https:\/\/disma.ar\/clientes\/wp-json\/wp\/v2\/media?parent=19975"}],"wp:term":[{"taxonomy":"product_brand","embeddable":true,"href":"https:\/\/disma.ar\/clientes\/wp-json\/wp\/v2\/product_brand?post=19975"},{"taxonomy":"product_cat","embeddable":true,"href":"https:\/\/disma.ar\/clientes\/wp-json\/wp\/v2\/product_cat?post=19975"},{"taxonomy":"product_tag","embeddable":true,"href":"https:\/\/disma.ar\/clientes\/wp-json\/wp\/v2\/product_tag?post=19975"}],"curies":[{"name":"wp","href":"https:\/\/api.w.org\/{rel}","templated":true}]}}